{"id":93,"date":"2017-03-07T14:57:12","date_gmt":"2017-03-07T14:57:12","guid":{"rendered":"http:\/\/guia-audiovisual.uoc.edu\/circuit\/"},"modified":"2024-03-15T10:31:53","modified_gmt":"2024-03-15T10:31:53","slug":"necesitas-hacer-un-video","status":"publish","type":"page","link":"http:\/\/guia-audiovisual.uoc.edu\/es\/necesitas-hacer-un-video\/","title":{"rendered":"V\u00eddeo creaciones para campa\u00f1as y actividades institucionales y acad\u00e9micas"},"content":{"rendered":"<p><link rel='stylesheet' href='http:\/\/guia-audiovisual.uoc.edu\/wp-content\/plugins\/documentor\/skins\/bar\/style.css' type='text\/css' media='all' \/><div id=\"documentor-13\" class=\"documentor-bar documentor-wrap\" data-docid = \"13\" data-epid = \"93\" ><div class=\"documentor-topicons doc-noprint\"><span class=\"doc-topiconswrap\"><\/span><div class=\"cleardiv\"><\/div><div class=\"clrright\"><\/div><\/div><div class=\"document-wrapper\"><div class=\"doc-menu doc-noprint\"><span class=\"doc-search\">\r\n\t\t\t\t\t<input type=\"text\" name=\"search_document\" class=\"search-document\" placeholder=\"Busca\" \/>\r\n\t\t\t\t\t<img decoding=\"async\" src=\"http:\/\/guia-audiovisual.uoc.edu\/wp-content\/plugins\/documentor\/skins\/bar\/images\/search.png\" \/>\r\n\t\t\t\t<\/span><div class=\"doc-menurelated\"><ol class=\"doc-list-front\"><li class=\"doc-actli\"><a class=\"documentor-menu\" href=\"#1001\"  style=\"clear:none;line-height:19px;font-family:helvetica, Helvetica, sans-serif;font-size:14px;font-weight:normal;font-style:normal;color:#000078;\" data-href=\"#1001\" data-sec-counter=\"1\" data-section-id=\"73\">Presentaci\u00f3n<\/a><div class=\"doc-menu-border\"><\/div><\/li><li class=\"doc-actli\"><a class=\"documentor-menu\" href=\"#1002\"  style=\"clear:none;line-height:19px;font-family:helvetica, Helvetica, sans-serif;font-size:14px;font-weight:normal;font-style:normal;color:#000078;\" data-href=\"#1002\" data-sec-counter=\"2\" data-section-id=\"74\">C\u00f3mo gestionar el encargo y baremo de precios<\/a><div class=\"doc-menu-border\"><\/div><\/li><\/ol><\/div><\/div><div class=\"doc-sec-container\" id=\"documentor_seccontainer\"><div class=\"doc-sectionwrap\" id=\"1001_wrap\"><div class=\"documentor-section  section-73\" id=\"1001\" data-section-id=\"73\"><h2 class=\"doc-sec-title\" > <span class=\"doc-sec-count\" style=\"display:none\">1.<\/span><span class=\"title-text\">Presentaci\u00f3n<\/span>  <div class=\"documentor-social doc-noprint\"><\/div><a class=\"scrollup doc-noprint\">\u2191 Vuelve arriba<\/a><\/h2><div class=\"doc-sec-content\" style=\"clear:none;line-height:23px;font-family:helvetica, Helvetica, sans-serif;font-size:14px;font-weight:normal;font-style:normal;color:#333333;\"><p>&nbsp;<\/p>\n<p>&nbsp;<\/p>\n<p>Productos audiovisuales que requieran una <strong>elaboraci\u00f3n y tratamiento en los servicios de preproducci\u00f3n m\u00e1s complejo<\/strong>; tanto en lo que respecta a la creaci\u00f3n del proyecto y el desarrollo del gui\u00f3n, como del rodaje y la postproducci\u00f3n. Se incluye la elaboraci\u00f3n de v\u00eddeos en formatos documental, entrevista, web serie, reportajes que est\u00e9n vinculados a la estrategia corporativa, la difusi\u00f3n del conocimiento, la promoci\u00f3n y\/o notoriedad institucional de la Universidad. Se requiere un concepto y gui\u00f3n creativo, grabaci\u00f3n con m\u00e1s de una c\u00e1mara y postproducci\u00f3n de sonido y color.<\/p>\n<p>Tambi\u00e9n <strong>productos audiovisuales dirigidos al \u00e1mbito de la investigaci\u00f3n, la transferencia de conocimiento, la promoci\u00f3n de soluciones basadas en R&amp;I y el emprendimiento.<\/strong><\/p>\n<p><strong>Aquellos proyectos audiovisuales<\/strong> de car\u00e1cter institucional o vinculados a la estrategia corporativa, la difusi\u00f3n del conocimiento, la promoci\u00f3n y\/o notoriedad institucional de la UOC que, <strong>dado su car\u00e1cter creativo, no permitan llevar a cabo una contrataci\u00f3n derivada mediante el m\u00e9todo en cascada<\/strong> de acuerdo con los t\u00e9rminos establecidos en el Pliego de Cl\u00e1usulas del Acuerdo Marco (Anexo 3.4 Criterios P\u00e1g. 34 de 77 de adjudicaci\u00f3n de los contratos derivados), <strong>se llevar\u00e1n a cabo mediante un nuevo proceso de licitaci\u00f3n entre las empresas parte del Acuerdo marco<\/strong>, de acuerdo con los criterios definidos en el Anexo 3.3 del propio Pliego de Cl\u00e1usulas del Acuerdo marco, que se definir\u00e1n y concretar\u00e1n con car\u00e1cter previo a la licitaci\u00f3n por la adjudicaci\u00f3n del correspondiente contrato derivado.<\/p>\n<p>A estos efectos, <strong>se considerar\u00e1 que tienen car\u00e1cter creativo los proyectos que requieren de un trabajo innovador y que den respuesta a necesidades vinculadas al relato y estrategia de marca de la UOC y a la necesidad de adaptarse a la evoluci\u00f3n audiovisual del mercado.<\/strong> Estos proyectos se llevar\u00e1n a cabo mediante un nuevo proceso de licitaci\u00f3n, como se ha indicado, para poder valorar una diversidad de propuestas audiovisuales y escoger la que mejor se ajuste al estilo ya la estrategia de la UOC.<\/p>\n<\/div><div class=\"documentor-help\"><div class=\"negative-feedbackform doc-noprint\">\r\n\t\t\t\t\t<\/div><div class=\"feedback-msg doc-noprint\"><\/div><\/div><\/div><\/div><!--.\/doc-sectionwrap--><div class=\"doc-sectionwrap\" id=\"1002_wrap\"><div class=\"documentor-section  section-74\" id=\"1002\" data-section-id=\"74\"><h2 class=\"doc-sec-title\" > <span class=\"doc-sec-count\" style=\"display:none\">2.<\/span><span class=\"title-text\">C\u00f3mo gestionar el encargo y baremo de precios<\/span>  <div class=\"documentor-social doc-noprint\"><\/div><a class=\"scrollup doc-noprint\">\u2191 Vuelve arriba<\/a><\/h2><div class=\"doc-sec-content\" style=\"clear:none;line-height:23px;font-family:helvetica, Helvetica, sans-serif;font-size:14px;font-weight:normal;font-style:normal;color:#333333;\"><p>Cada proyecto tiene un <strong>impulsor<\/strong>, que es la persona responsable de la solicitud y quien <strong>asume el costo econ\u00f3mico<\/strong>.<\/p>\n<p>Las grabaciones que se encarguen a un proveedor externo <strong>solo podr\u00e1n realizarse con los proveedores licitados<\/strong>. Por ello, <strong>es necesario hacer la solicitud a trav\u00e9s<\/strong> <a href=\"https:\/\/docs.google.com\/forms\/d\/e\/1FAIpQLSdPauH7zplG6U9QGu389p-OnIZ2AZHx3_5zDKsL6Rt3YDeWRA\/viewform\">de este formulario<\/a>. Se asignar\u00e1 autom\u00e1ticamente un proveedor licitado y se proceder\u00e1 a abrir un JIRA en Asesor\u00eda Jur\u00eddica adjuntando una ficha del encargo. Esta ficha ser\u00e1 la base de un contrato para ambas partes y no podr\u00e1 ser modificada. Por este motivo, <strong>es necesario definir todas las necesidades en el momento de hacer el encargo y con una antelaci\u00f3n de al menos seis semanas.<\/strong><\/p>\n<p>Una vez se haya grabado, <strong>si es necesario publicar el video<\/strong>, el usuario har\u00e1 la solicitud mediante <a href=\"https:\/\/docs.google.com\/forms\/d\/e\/1FAIpQLSd8vvxGmcFBkrXpZOSwZea_JEZ8FroLybop8oJQpR0Z2d88lg\/viewform\">este formulario<\/a>.<\/p>\n<p>El <strong>cat\u00e1logo de productos y la horquilla de precios<\/strong> (seg\u00fan proveedor) se encuentra en <a href=\"https:\/\/drive.google.com\/file\/d\/1-9mra3Q5IU2YiLcoRln70dmQA0bumtQl\/view?usp=sharing\">este enlace<\/a>. A continuaci\u00f3n, tienes una breve descripci\u00f3n de los productos:<\/p>\n<ul>\n<li><strong>C\u00e1psula promocional:<\/strong> Video previo al evento para su promoci\u00f3n y difusi\u00f3n con material de recurso. (Entre 30 segundos y 1 minuto).<\/li>\n<li><strong>Bio c\u00e1psula:<\/strong> Video con im\u00e1genes de recurso del personaje y textos sobreimpresos.<\/li>\n<li><strong>Entrevista experto:<\/strong> Videos realizados con una o tres c\u00e1maras, set de iluminaci\u00f3n y micr\u00f3fonos de corbata inal\u00e1mbricos, con entrevistado o en formato de entrevista.<\/li>\n<li><strong>Documental de difusi\u00f3n del conocimiento:<\/strong> Video documental en el que se trabaja con la opini\u00f3n de expertos UOC, estudiantes, graduados, profesores, investigadores, etc., desarrollando y profundizando en un \u00e1mbito o tema concreto.<\/li>\n<li><strong>Videos promocionales y nuevos formatos:<\/strong> Productos audiovisuales que apoyan las campa\u00f1as de notoriedad o estrategia institucional, de docencia y del \u00e1mbito de la investigaci\u00f3n, transferencia y el emprendimiento de la UOC.<\/li>\n<li><strong>Testimoniales para campa\u00f1a de notoriedad y marketing:<\/strong> Piezas testimoniales de graduados y\/o estudiantes, y profesorado UOC exponiendo su experiencia y experiencia tanto en el \u00e1mbito docente como de investigaci\u00f3n.<\/li>\n<li><strong>Videos de actos de graduaci\u00f3n:<\/strong> Producto para los actos de graduaci\u00f3n, donde se quiere destacar la emotividad, la empat\u00eda con los estudiantes y graduados. La propuesta utilizar\u00e1 recursos audiovisuales que se adaptar\u00e1n a la propuesta art\u00edstica del acto.<\/li>\n<li><strong>Video Lecci\u00f3n Inaugural:<\/strong> Video de inauguraci\u00f3n o grabaci\u00f3n de la bienvenida al nuevo curso acad\u00e9mico, donde una personalidad destacada en alg\u00fan \u00e1mbito de inter\u00e9s docente conversa con un docente o director\/a de estudios de la UOC.<\/li>\n<li><strong>Webserie:<\/strong> Proyecto de webserie por cap\u00edtulos, para campa\u00f1as de comunicaci\u00f3n interna de la universidad.<\/li>\n<li><strong>Programa Capitular de divulgaci\u00f3n y\/o entrevistas:<\/strong> Programa audiovisual de innovaci\u00f3n educativa, realizado en cap\u00edtulos de entre 8 y 10 minutos.<\/li>\n<\/ul>\n<p><strong>Complementos:<\/strong><\/p>\n<ul>\n<li><strong>Video parcial o fragmento del proyecto final<\/strong>.<\/li>\n<li><strong>Transcripci\u00f3n<\/strong> del video.<\/li>\n<li><strong>Subt\u00edtulos.<\/strong><\/li>\n<li><strong>Locuci\u00f3n<\/strong> (catal\u00e1n, castellano o variante latinoamericana neutra, ingl\u00e9s y otros).<\/li>\n<li><strong>Estudio de grabaci\u00f3n<\/strong>.<\/li>\n<\/ul>\n<p>&nbsp;<\/p>\n<p>&nbsp;<\/p>\n<p>&nbsp;<\/p>\n<p>&nbsp;<\/p>\n<p>&nbsp;<\/p>\n<p>&nbsp;<\/p>\n<p><div class=\"col-sm-6 col-xs-12  bloc-cian ico-contacte link-cursor\"><a href=\"mailto:audiovisuals@uoc.edu\">Contacto<\/a><\/p>\n<p>Para cualquier duda sobre este circuito contacta con <a href=\"mailto:audiovisuals@uoc.edu\">Audiovisuals<\/a><\/p>\n<p><\/div><div class=\"col-sm-6 col-xs-12  bloc-cian ico-drets-imatge link-cursor\"><a href=\"https:\/\/guia-audiovisual.uoc.edu\/drets-dimatge\/\" target=\"_blank\" rel=\"noopener noreferrer\">Derechos de imagen<\/a><\/p>\n<p>Recuerda que para publicar un v\u00eddeo es necesario garantizar los <strong>derechos de imagen<\/strong> de las personas grabadas.<\/div><\/p>\n<\/div><div class=\"documentor-help\"><div class=\"negative-feedbackform doc-noprint\">\r\n\t\t\t\t\t<\/div><div class=\"feedback-msg doc-noprint\"><\/div><\/div><\/div><\/div><!--.\/doc-sectionwrap--><\/div><!--.doc-sec-container--><div id=\"sugestedit_popup13\" class=\"sugestedit_popup\">\r\n\t\t\t\t<a class=\"modal_close\"><\/a>\r\n\t\t\t\t<form name=\"documentor-suggestform\" method=\"post\" class=\"documentor-suggestform\">\r\n\t\t\t\t\t<div class=\"doc-frmdiv\" style=\"font-weight: bold;\">Suggest Edit\r\n\t\t\t\t\t<\/div>\r\n\t\t\t\t\t<div class=\"doc-frmdiv\">\r\n\t\t\t\t\t\t<input type=\"text\" name=\"sec_title\" class=\"sedit-sectitle txtinput\" value=\"\" \/>\r\n\t\t\t\t\t<\/div><div class=\"doc-frmdiv\">\r\n\t\t\t\t\t\t\t<input type=\"text\" name=\"name\" class=\"txtinput\" placeholder=\"Name\" required \/>\r\n\t\t\t\t\t\t<\/div><div class=\"doc-frmdiv\">\r\n\t\t\t\t\t\t\t<input type=\"email\" class=\"emailinput\" placeholder=\"Email\" name=\"email\" required \/> \r\n\t\t\t\t\t\t<\/div><div class=\"doc-frmdiv\">\r\n\t\t\t\t\t\t\t<textarea name=\"content\" class=\"textareainput\" placeholder=\"Post your suggestion...\" required><\/textarea>\r\n\t\t\t\t\t\t<\/div><div class=\"doc-frmdiv\"><label> Captcha :&nbsp; <\/label><span class=\"doc-sedit-captcha\"><\/span><\/div><input type=\"hidden\" class=\"sedit-secid\" name=\"secid\" value=\"\" \/>\r\n\t\t\t\t\t<input type=\"hidden\" class=\"sedit-postid\" name=\"sedit_postid\" value=\"\" \/>\r\n\t\t\t\t\t<input type=\"hidden\" class=\"sedit-docid\" name=\"docid\" value=\"13\" \/>\r\n\t\t\t\t\t<button class=\"docsubmit-suggestform\"> Submit <\/button>\r\n\t\t\t\t<\/form>\r\n\t\t\t<\/div><script type=\"text\/javascript\">\r\n\t\t\tjQuery(document).ready(function(){\r\n\t\t\t\tjQuery(\"#documentor-13\").documentor({\r\n\t\t\t\t\tdocumentid\t: 13,\r\n\t\t\t\t\tdocid\t\t: \"documentor-13\",\r\n\t\t\t\t\tanimation\t: \"\",\r\n\t\t\t\t\tindexformat\t: \"0\",\r\n\t\t\t\t\tpformat\t\t: \"decimal\",\r\n\t\t\t\t\tcformat\t\t: \"decimal\",\t\t\t\t\t\r\n\t\t\t\t\tsecstyle\t: \"\",\r\n\t\t\t\t\tactnavbg_default: \"1\",\r\n\t\t\t\t\tactnavbg_color\t: \"\",\r\n\t\t\t\t\tenable_ajax\t: \"0\",\r\n\t\t\t\t\tscrolling\t: \"1\",\r\n\t\t\t\t\tfixmenu\t\t: \"1\",\r\n\t\t\t\t\tskin\t\t: \"bar\",\r\n\t\t\t\t\tscrollBarSize\t: \"3\",\r\n\t\t\t\t\tscrollBarColor\t: \"#73edff\",\r\n\t\t\t\t\tscrollBarOpacity: \"1\",\r\n\t\t\t\t\twindowprint\t: \"0\",\r\n\t\t\t\t\tmenuTop: \"0\",\r\n\t\t\t\t\tsocialshare\t: 0,\r\n\t\t\t\t\tsharecount\t: 0,\r\n\t\t\t\t\tfbshare\t\t: 1,\r\n\t\t\t\t\ttwittershare\t: 1,\r\n\t\t\t\t\tgplusshare\t: 0,\r\n\t\t\t\t\tpinshare\t: 0,\r\n\t\t\t\t\ttogglechild\t: 0,\r\n\t\t\t\t\tnoResultsStr: \"No se han encontrado coincidencias\",\r\n\t\t\t\t});\t\r\n\t\t\t});<\/script><div class=\"cleardiv cleardiv-rtl\"><\/div><\/div><!--\/.document-wrapper--><div class=\"cleardiv cleardiv-rtl\"><\/div><\/div><div class=\"cleardiv\"> <\/div><div id=\"documentor-13-end\"><\/div><\/p>\n","protected":false},"excerpt":{"rendered":"","protected":false},"author":1,"featured_media":0,"parent":0,"menu_order":0,"comment_status":"closed","ping_status":"closed","template":"","meta":{"footnotes":""},"_links":{"self":[{"href":"http:\/\/guia-audiovisual.uoc.edu\/es\/wp-json\/wp\/v2\/pages\/93"}],"collection":[{"href":"http:\/\/guia-audiovisual.uoc.edu\/es\/wp-json\/wp\/v2\/pages"}],"about":[{"href":"http:\/\/guia-audiovisual.uoc.edu\/es\/wp-json\/wp\/v2\/types\/page"}],"author":[{"embeddable":true,"href":"http:\/\/guia-audiovisual.uoc.edu\/es\/wp-json\/wp\/v2\/users\/1"}],"replies":[{"embeddable":true,"href":"http:\/\/guia-audiovisual.uoc.edu\/es\/wp-json\/wp\/v2\/comments?post=93"}],"version-history":[{"count":3,"href":"http:\/\/guia-audiovisual.uoc.edu\/es\/wp-json\/wp\/v2\/pages\/93\/revisions"}],"predecessor-version":[{"id":1003,"href":"http:\/\/guia-audiovisual.uoc.edu\/es\/wp-json\/wp\/v2\/pages\/93\/revisions\/1003"}],"wp:attachment":[{"href":"http:\/\/guia-audiovisual.uoc.edu\/es\/wp-json\/wp\/v2\/media?parent=93"}],"curies":[{"name":"wp","href":"https:\/\/api.w.org\/{rel}","templated":true}]}}