{"id":908,"date":"2023-01-31T18:13:38","date_gmt":"2023-01-31T18:13:38","guid":{"rendered":"http:\/\/guia-audiovisual.uoc.edu\/vols-fer-un-enregistrament-multicamera-streaming-webinar-o-un-tecnic-per-a-sala-equipada\/"},"modified":"2024-04-24T10:44:35","modified_gmt":"2024-04-24T10:44:35","slug":"vols-fer-un-enregistrament-multicamera-streaming-webinar-o-un-tecnic-per-a-sala-equipada","status":"publish","type":"page","link":"http:\/\/guia-audiovisual.uoc.edu\/es\/vols-fer-un-enregistrament-multicamera-streaming-webinar-o-un-tecnic-per-a-sala-equipada\/","title":{"rendered":"\u00bfQuieres hacer una grabaci\u00f3n multic\u00e1mara, streaming, webinar o un t\u00e9cnico para sala equipada?"},"content":{"rendered":"<p><link rel='stylesheet' href='http:\/\/guia-audiovisual.uoc.edu\/wp-content\/plugins\/documentor\/skins\/bar\/style.css' type='text\/css' media='all' \/><div id=\"documentor-12\" class=\"documentor-bar documentor-wrap\" data-docid = \"12\" data-epid = \"908\" ><div class=\"documentor-topicons doc-noprint\"><span class=\"doc-topiconswrap\"><\/span><div class=\"cleardiv\"><\/div><div class=\"clrright\"><\/div><\/div><div class=\"document-wrapper\"><div class=\"doc-menu doc-noprint\"><span class=\"doc-search\">\r\n\t\t\t\t\t<input type=\"text\" name=\"search_document\" class=\"search-document\" placeholder=\"Busca\" \/>\r\n\t\t\t\t\t<img decoding=\"async\" src=\"http:\/\/guia-audiovisual.uoc.edu\/wp-content\/plugins\/documentor\/skins\/bar\/images\/search.png\" \/>\r\n\t\t\t\t<\/span><div class=\"doc-menurelated\"><ol class=\"doc-list-front\"><li class=\"doc-actli\"><a class=\"documentor-menu\" href=\"#999\"  style=\"clear:none;line-height:19px;font-family:helvetica, Helvetica, sans-serif;font-size:14px;font-weight:normal;font-style:normal;color:#000078;\" data-href=\"#999\" data-sec-counter=\"1\" data-section-id=\"71\">Presentaci\u00f3n<\/a><div class=\"doc-menu-border\"><\/div><\/li><li class=\"doc-actli\"><a class=\"documentor-menu\" href=\"#1000\"  style=\"clear:none;line-height:19px;font-family:helvetica, Helvetica, sans-serif;font-size:14px;font-weight:normal;font-style:normal;color:#000078;\" data-href=\"#1000\" data-sec-counter=\"2\" data-section-id=\"72\">C\u00f3mo gestionar el encargo y baremo de precios<\/a><div class=\"doc-menu-border\"><\/div><\/li><\/ol><\/div><\/div><div class=\"doc-sec-container\" id=\"documentor_seccontainer\"><div class=\"doc-sectionwrap\" id=\"999_wrap\"><div class=\"documentor-section  section-71\" id=\"999\" data-section-id=\"71\"><h2 class=\"doc-sec-title\" > <span class=\"doc-sec-count\" style=\"display:none\">1.<\/span><span class=\"title-text\">Presentaci\u00f3n<\/span>  <div class=\"documentor-social doc-noprint\"><\/div><a class=\"scrollup doc-noprint\">\u2191 Vuelve arriba<\/a><\/h2><div class=\"doc-sec-content\" style=\"clear:none;line-height:23px;font-family:helvetica, Helvetica, sans-serif;font-size:14px;font-weight:normal;font-style:normal;color:#333333;\"><p>&nbsp;<\/p>\n<p>&nbsp;<\/p>\n<p>Circuito para la grabaci\u00f3n en v\u00eddeo (multic\u00e1mara) de conferencias, jornadas, mesas redondas, actos y actividades presenciales o h\u00edbridas de car\u00e1cter institucional, docente o de investigaci\u00f3n, que se realicen dentro y fuera de la UOC llevadas a cabo en el \u00e1rea geogr\u00e1fica de Catalu\u00f1a. Tambi\u00e9n puede incluir la asistencia t\u00e9cnica por parte de un t\u00e9cnico especializado en el uso del equipamiento audiovisual en salas equipadas de dentro y fuera de la UOC, as\u00ed como la emisi\u00f3n por streaming y\/o webinar a trav\u00e9s de los canales que la UOC le indique en cada caso.<\/p>\n<p>Si necesitas utilizar la grabaci\u00f3n de un <strong>acto como recurso de aprendizaje para el aula<\/strong>, debes seguir<strong> el circuito para v\u00eddeos docentes. <\/strong>Tienes que enviar la petici\u00f3n a tu <strong>referente de Biblioteca de Estudio.<\/strong><\/p>\n<p>El <strong>coste econ\u00f3mico<\/strong> de la contrataci\u00f3n del servicio, y del espacio si est\u00e1 fuera de la UOC, <strong>lo asume el impulsor del acto.\u00a0<\/strong><\/p>\n<\/div><div class=\"documentor-help\"><div class=\"negative-feedbackform doc-noprint\">\r\n\t\t\t\t\t<\/div><div class=\"feedback-msg doc-noprint\"><\/div><\/div><\/div><\/div><!--.\/doc-sectionwrap--><div class=\"doc-sectionwrap\" id=\"1000_wrap\"><div class=\"documentor-section  section-72\" id=\"1000\" data-section-id=\"72\"><h2 class=\"doc-sec-title\" > <span class=\"doc-sec-count\" style=\"display:none\">2.<\/span><span class=\"title-text\">C\u00f3mo gestionar el encargo y baremo de precios<\/span>  <div class=\"documentor-social doc-noprint\"><\/div><a class=\"scrollup doc-noprint\">\u2191 Vuelve arriba<\/a><\/h2><div class=\"doc-sec-content\" style=\"clear:none;line-height:23px;font-family:helvetica, Helvetica, sans-serif;font-size:14px;font-weight:normal;font-style:normal;color:#333333;\"><p>Cada proyecto tiene un <strong>impulsor<\/strong>, que es la persona responsable de la petici\u00f3n y quien <strong>asume su coste econ\u00f3mico.<\/strong><\/p>\n<p>Las grabaciones que se encarguen a un proveedor externo, <strong>solo podr\u00e1n realizarse con los proveedores licitados.<\/strong> Por ello, <strong>es necesario realizar la petici\u00f3n a trav\u00e9s <a href=\"https:\/\/docs.google.com\/forms\/d\/e\/1FAIpQLSdJ6gw9MvWUG_7C-fePJk87FNy7mPElHdyor0t_3BIHL3jGgw\/viewform\">de este formulario.<\/a><\/strong> Se asignar\u00e1 autom\u00e1ticamente un proveedor licitado y se proceder\u00e1 a abrir un JIRA en Asesor\u00eda Jur\u00eddica adjuntando una ficha del encargo. Esta ficha ser\u00e1 la base de un contrato por ambas partes y no podr\u00e1 ser modificada. Por este motivo, <strong>es necesario definir todas las necesidades en el momento de realizar el encargo y con una antelaci\u00f3n de al menos tres semanas.<\/strong><\/p>\n<p>Una vez registrado, <strong>si es necesario publicar el v\u00eddeo<\/strong>, el usuario har\u00e1 la petici\u00f3n mediante <a href=\"https:\/\/docs.google.com\/forms\/d\/e\/1FAIpQLSd8vvxGmcFBkrXpZOSwZea_JEZ8FroLybop8oJQpR0Z2d88lg\/viewform\">este formulario.<\/a><\/p>\n<p>El cat\u00e1logo de productos y la horquilla de precios (seg\u00fan proveedor) la encontrar\u00e1s en <a href=\"https:\/\/drive.google.com\/file\/d\/1MPB9oE5IAl2Q7KXdNyFSbeaxAnzAIcRY\/view?usp=drive_link\">este enlace<\/a>. A continuaci\u00f3n tienes una descripci\u00f3n breve de los productos:<\/p>\n<p><strong>Grabaci\u00f3n multic\u00e1mara (no incluye streaming) media jornada<\/strong> (con 3 v\u00eddeos editados)\n<strong>Grabaci\u00f3n multic\u00e1mara (no incluye streaming) jornada completa<\/strong> (con 5 v\u00eddeos editados)\n<strong>Streaming<\/strong> media jornada o jornada completa\n<strong>T\u00e9cnico para salas equipadas<\/strong> media jornada o jornada completa\n<strong>Webinar media jornada (1 moderador + 4 ponentes + ptt)<\/strong>\n<strong>Webinar media jornada (1 moderador + 8 ponentes + ptt<\/strong>)\n<strong>V\u00eddeos adicionales<\/strong> a los incluidos en la grabaci\u00f3n multic\u00e1mara\n<strong>Subt\u00edtulos<\/strong>\n<strong>Insertar diapositivas<\/strong> proyectadas en postproducci\u00f3n\n<strong>Edici\u00f3n de un v\u00eddeo seg\u00fan guion<\/strong>\n<strong>Aplicar marca a un v\u00eddeo<\/strong> de una fuente externa al proveedor<\/p>\n<p>&nbsp;<\/p>\n<p><div class=\"col-sm-6 col-xs-12  bloc-cian ico-contacte link-cursor\"><a href=\"mailto:audiovisuals@uoc.edu\">Contacto<\/a><\/p>\n<p>Para cualquier duda sobre este circuito contactar con <a href=\"mailto:audiovisuals@uoc.edu\">Audiovisuals<\/a><\/p>\n<p><\/div><div class=\"col-sm-6 col-xs-12  bloc-cian ico-drets-imatge link-cursor\"><a href=\"https:\/\/guia-audiovisual.uoc.edu\/drets-dimatge\/\" target=\"_blank\" rel=\"noopener noreferrer\">Derechos de imagen<\/a><\/p>\n<p>Recuerda que para publicar un v\u00eddeo es necesario garantizar los <strong>derechos de imagen<\/strong> de las personas grabadas.<\/div><\/p>\n<\/div><div class=\"documentor-help\"><div class=\"negative-feedbackform doc-noprint\">\r\n\t\t\t\t\t<\/div><div class=\"feedback-msg doc-noprint\"><\/div><\/div><\/div><\/div><!--.\/doc-sectionwrap--><\/div><!--.doc-sec-container--><div id=\"sugestedit_popup12\" class=\"sugestedit_popup\">\r\n\t\t\t\t<a class=\"modal_close\"><\/a>\r\n\t\t\t\t<form name=\"documentor-suggestform\" method=\"post\" class=\"documentor-suggestform\">\r\n\t\t\t\t\t<div class=\"doc-frmdiv\" style=\"font-weight: bold;\">Suggest Edit\r\n\t\t\t\t\t<\/div>\r\n\t\t\t\t\t<div class=\"doc-frmdiv\">\r\n\t\t\t\t\t\t<input type=\"text\" name=\"sec_title\" class=\"sedit-sectitle txtinput\" value=\"\" \/>\r\n\t\t\t\t\t<\/div><div class=\"doc-frmdiv\">\r\n\t\t\t\t\t\t\t<input type=\"text\" name=\"name\" class=\"txtinput\" placeholder=\"Name\" required \/>\r\n\t\t\t\t\t\t<\/div><div class=\"doc-frmdiv\">\r\n\t\t\t\t\t\t\t<input type=\"email\" class=\"emailinput\" placeholder=\"Email\" name=\"email\" required \/> \r\n\t\t\t\t\t\t<\/div><div class=\"doc-frmdiv\">\r\n\t\t\t\t\t\t\t<textarea name=\"content\" class=\"textareainput\" placeholder=\"Post your suggestion...\" required><\/textarea>\r\n\t\t\t\t\t\t<\/div><div class=\"doc-frmdiv\"><label> Captcha :&nbsp; <\/label><span class=\"doc-sedit-captcha\"><\/span><\/div><input type=\"hidden\" class=\"sedit-secid\" name=\"secid\" value=\"\" \/>\r\n\t\t\t\t\t<input type=\"hidden\" class=\"sedit-postid\" name=\"sedit_postid\" value=\"\" \/>\r\n\t\t\t\t\t<input type=\"hidden\" class=\"sedit-docid\" name=\"docid\" value=\"12\" \/>\r\n\t\t\t\t\t<button class=\"docsubmit-suggestform\"> Submit <\/button>\r\n\t\t\t\t<\/form>\r\n\t\t\t<\/div><script type=\"text\/javascript\">\r\n\t\t\tjQuery(document).ready(function(){\r\n\t\t\t\tjQuery(\"#documentor-12\").documentor({\r\n\t\t\t\t\tdocumentid\t: 12,\r\n\t\t\t\t\tdocid\t\t: \"documentor-12\",\r\n\t\t\t\t\tanimation\t: \"\",\r\n\t\t\t\t\tindexformat\t: \"0\",\r\n\t\t\t\t\tpformat\t\t: \"decimal\",\r\n\t\t\t\t\tcformat\t\t: \"decimal\",\t\t\t\t\t\r\n\t\t\t\t\tsecstyle\t: \"\",\r\n\t\t\t\t\tactnavbg_default: \"1\",\r\n\t\t\t\t\tactnavbg_color\t: \"\",\r\n\t\t\t\t\tenable_ajax\t: \"0\",\r\n\t\t\t\t\tscrolling\t: \"1\",\r\n\t\t\t\t\tfixmenu\t\t: \"1\",\r\n\t\t\t\t\tskin\t\t: \"bar\",\r\n\t\t\t\t\tscrollBarSize\t: \"3\",\r\n\t\t\t\t\tscrollBarColor\t: \"#73edff\",\r\n\t\t\t\t\tscrollBarOpacity: \"1\",\r\n\t\t\t\t\twindowprint\t: \"0\",\r\n\t\t\t\t\tmenuTop: \"0\",\r\n\t\t\t\t\tsocialshare\t: 0,\r\n\t\t\t\t\tsharecount\t: 0,\r\n\t\t\t\t\tfbshare\t\t: 1,\r\n\t\t\t\t\ttwittershare\t: 1,\r\n\t\t\t\t\tgplusshare\t: 0,\r\n\t\t\t\t\tpinshare\t: 0,\r\n\t\t\t\t\ttogglechild\t: 0,\r\n\t\t\t\t\tnoResultsStr: \"No se han encontrado coincidencias\",\r\n\t\t\t\t});\t\r\n\t\t\t});<\/script><div class=\"cleardiv cleardiv-rtl\"><\/div><\/div><!--\/.document-wrapper--><div class=\"cleardiv cleardiv-rtl\"><\/div><\/div><div class=\"cleardiv\"> <\/div><div id=\"documentor-12-end\"><\/div><\/p>\n","protected":false},"excerpt":{"rendered":"","protected":false},"author":3,"featured_media":0,"parent":0,"menu_order":0,"comment_status":"closed","ping_status":"closed","template":"","meta":{"footnotes":""},"_links":{"self":[{"href":"http:\/\/guia-audiovisual.uoc.edu\/es\/wp-json\/wp\/v2\/pages\/908"}],"collection":[{"href":"http:\/\/guia-audiovisual.uoc.edu\/es\/wp-json\/wp\/v2\/pages"}],"about":[{"href":"http:\/\/guia-audiovisual.uoc.edu\/es\/wp-json\/wp\/v2\/types\/page"}],"author":[{"embeddable":true,"href":"http:\/\/guia-audiovisual.uoc.edu\/es\/wp-json\/wp\/v2\/users\/3"}],"replies":[{"embeddable":true,"href":"http:\/\/guia-audiovisual.uoc.edu\/es\/wp-json\/wp\/v2\/comments?post=908"}],"version-history":[{"count":3,"href":"http:\/\/guia-audiovisual.uoc.edu\/es\/wp-json\/wp\/v2\/pages\/908\/revisions"}],"predecessor-version":[{"id":994,"href":"http:\/\/guia-audiovisual.uoc.edu\/es\/wp-json\/wp\/v2\/pages\/908\/revisions\/994"}],"wp:attachment":[{"href":"http:\/\/guia-audiovisual.uoc.edu\/es\/wp-json\/wp\/v2\/media?parent=908"}],"curies":[{"name":"wp","href":"https:\/\/api.w.org\/{rel}","templated":true}]}}