{"id":603,"date":"2018-02-19T14:52:45","date_gmt":"2018-02-19T14:52:45","guid":{"rendered":"http:\/\/guia-audiovisual.uoc.edu\/enregistra-un-acte\/"},"modified":"2024-03-14T12:43:56","modified_gmt":"2024-03-14T12:43:56","slug":"quieres-grabar-una-conferencia-jornada-o-acto","status":"publish","type":"page","link":"http:\/\/guia-audiovisual.uoc.edu\/es\/quieres-grabar-una-conferencia-jornada-o-acto\/","title":{"rendered":"\u00bfQuieres hacer un video-resumen, grabar un acto con una c\u00e1mara o editar un v\u00eddeo pregrabado?"},"content":{"rendered":"<p><link rel='stylesheet' href='http:\/\/guia-audiovisual.uoc.edu\/wp-content\/plugins\/documentor\/skins\/bar\/style.css' type='text\/css' media='all' \/><div id=\"documentor-10\" class=\"documentor-bar documentor-wrap\" data-docid = \"10\" data-epid = \"603\" ><div class=\"documentor-topicons doc-noprint\"><span class=\"doc-topiconswrap\"><\/span><div class=\"cleardiv\"><\/div><div class=\"clrright\"><\/div><\/div><div class=\"document-wrapper\"><div class=\"doc-menu doc-noprint\"><span class=\"doc-search\">\r\n\t\t\t\t\t<input type=\"text\" name=\"search_document\" class=\"search-document\" placeholder=\"Busca\" \/>\r\n\t\t\t\t\t<img decoding=\"async\" src=\"http:\/\/guia-audiovisual.uoc.edu\/wp-content\/plugins\/documentor\/skins\/bar\/images\/search.png\" \/>\r\n\t\t\t\t<\/span><div class=\"doc-menurelated\"><ol class=\"doc-list-front\"><li class=\"doc-actli\"><a class=\"documentor-menu\" href=\"#995\"  style=\"clear:none;line-height:19px;font-family:helvetica, Helvetica, sans-serif;font-size:14px;font-weight:normal;font-style:normal;color:#000078;\" data-href=\"#995\" data-sec-counter=\"1\" data-section-id=\"65\">Presentaci\u00f3n<\/a><div class=\"doc-menu-border\"><\/div><\/li><li class=\"doc-actli\"><a class=\"documentor-menu\" href=\"#998\"  style=\"clear:none;line-height:19px;font-family:helvetica, Helvetica, sans-serif;font-size:14px;font-weight:normal;font-style:normal;color:#000078;\" data-href=\"#998\" data-sec-counter=\"2\" data-section-id=\"67\">C\u00f3mo gestionar el encargo y baremo de precios<\/a><div class=\"doc-menu-border\"><\/div><\/li><\/ol><\/div><\/div><div class=\"doc-sec-container\" id=\"documentor_seccontainer\"><div class=\"doc-sectionwrap\" id=\"995_wrap\"><div class=\"documentor-section  section-65\" id=\"995\" data-section-id=\"65\"><h2 class=\"doc-sec-title\" > <span class=\"doc-sec-count\" style=\"display:none\">1.<\/span><span class=\"title-text\">Presentaci\u00f3n<\/span>  <div class=\"documentor-social doc-noprint\"><\/div><a class=\"scrollup doc-noprint\">\u2191 Vuelve arriba<\/a><\/h2><div class=\"doc-sec-content\" style=\"clear:none;line-height:23px;font-family:helvetica, Helvetica, sans-serif;font-size:14px;font-weight:normal;font-style:normal;color:#333333;\"><p>&nbsp;<\/p>\n<p>&nbsp;<\/p>\n<p>Circuito de petici\u00f3n para la grabaci\u00f3n de conferencias y jornadas con una sola c\u00e1mara, videores\u00famenes de eventos y la edici\u00f3n, transcripci\u00f3n y\/o subtitulaci\u00f3n de v\u00eddeos que dispongas previamente grabados.<\/p>\n<p>Si necesitas utilizar la grabaci\u00f3n de <strong>un acto como recurso de aprendizaje para el aula<\/strong>, debes seguir <strong>el circuito para v\u00eddeos docentes<a href=\"https:\/\/guia-audiovisual.uoc.edu\/es\/necesitas-hacer-un-video\/#videos-docents\">.<\/a><\/strong> Tienes que enviar la petici\u00f3n a tu <strong>referente de Biblioteca de Estudio.<\/strong><\/p>\n<p>El coste econ\u00f3mico de la contrataci\u00f3n del servicio, y del espacio si est\u00e1 fuera de la UOC, <strong>el impulsor<\/strong> del acto <strong>asume su coste econ\u00f3mico.<\/strong><\/p>\n<\/div><div class=\"documentor-help\"><div class=\"negative-feedbackform doc-noprint\">\r\n\t\t\t\t\t<\/div><div class=\"feedback-msg doc-noprint\"><\/div><\/div><\/div><\/div><!--.\/doc-sectionwrap--><div class=\"doc-sectionwrap\" id=\"998_wrap\"><div class=\"documentor-section  section-67\" id=\"998\" data-section-id=\"67\"><h2 class=\"doc-sec-title\" > <span class=\"doc-sec-count\" style=\"display:none\">2.<\/span><span class=\"title-text\">C\u00f3mo gestionar el encargo y baremo de precios<\/span>  <div class=\"documentor-social doc-noprint\"><\/div><a class=\"scrollup doc-noprint\">\u2191 Vuelve arriba<\/a><\/h2><div class=\"doc-sec-content\" style=\"clear:none;line-height:23px;font-family:helvetica, Helvetica, sans-serif;font-size:14px;font-weight:normal;font-style:normal;color:#333333;\"><p>Cada proyecto tiene un <strong>impulsor,<\/strong> que es la persona responsable de la petici\u00f3n y quien <strong>asume su coste econ\u00f3mico.<\/strong><\/p>\n<p>Las grabaciones que se encarguen a un proveedor externo, <strong>s\u00f3lo podr\u00e1n realizarse con los proveedores licitados.<\/strong> Por ello, es necesario <strong>realizar la petici\u00f3n a trav\u00e9s de <a href=\"https:\/\/docs.google.com\/forms\/d\/e\/1FAIpQLSfmwFikcs9_XPvNQhwaRyBDD2n_ZVz45Eax4FVXuGA3jXZ8RQ\/viewform\">este formulario.<\/a><\/strong> Se asignar\u00e1 autom\u00e1ticamente un proveedor licitado y se proceder\u00e1 a abrir un JIRA en Asesor\u00eda Jur\u00eddica adjuntando una ficha del encargo. Esta ficha ser\u00e1 la base de un contrato por ambas partes y no podr\u00e1 ser modificada. Por este motivo,<strong> es necesario definir todas las necesidades en el momento de realizar el encargo y con una antelaci\u00f3n de al menos tres semanas.<\/strong><\/p>\n<p><strong>La gesti\u00f3n del n\u00famero de pedido es responsabilidad del impulsor<\/strong> y se podr\u00e1 solicitar una vez en el JIRA <strong>se notifique el n\u00famero de acuerdo registrado en el Fusion.<\/strong><\/p>\n<p>Una vez registrado,<strong> si es necesario publicar el v\u00eddeo<\/strong>, el usuario har\u00e1 la petici\u00f3n mediante <a href=\"https:\/\/docs.google.com\/forms\/d\/e\/1FAIpQLSd8vvxGmcFBkrXpZOSwZea_JEZ8FroLybop8oJQpR0Z2d88lg\/viewform\">este formulario.<\/a><\/p>\n<p>El cat\u00e1logo de productos y la horquilla de precios (seg\u00fan proveedor) la encontrar\u00e1s <a href=\"https:\/\/drive.google.com\/file\/d\/18_bQD8JeN7NsLOuobOfCjYoazgk36uJg\/view?usp=drive_link\">en este enlace<\/a>. A continuaci\u00f3n tienes una descripci\u00f3n breve de los productos:<\/p>\n<ul>\n<li><strong>V\u00eddeo resumen de 1 minuto<\/strong> de duraci\u00f3n subtitulado en 1 o 2 idiomas<\/li>\n<li><strong>V\u00eddeo resumen de 4 minutos<\/strong> de duraci\u00f3n subtitulado en 1 o 2 idiomas<\/li>\n<li><strong>Grabaci\u00f3n con 1 c\u00e1mara media jornada<\/strong> (con 3 v\u00eddeos editados)<\/li>\n<li><strong>Grabaci\u00f3n con 1 c\u00e1mara jornada completa<\/strong> (con 5 v\u00eddeos editados)<\/li>\n<li><strong>V\u00eddeos adicionales<\/strong> a los incluidos en la grabaci\u00f3n con 1 c\u00e1mara<\/li>\n<li><strong>Insertar diapositivas<\/strong> proyectadas en postproducci\u00f3n<\/li>\n<li><strong>Edici\u00f3n<\/strong> de un v\u00eddeo <strong>seg\u00fan gui\u00f3n<\/strong><\/li>\n<li><strong>Aplicar marca a un v\u00eddeo<\/strong> de una fuente externa al proveedor<\/li>\n<li>Compra de <strong>im\u00e1genes de recurso<\/strong><\/li>\n<\/ul>\n<p>&nbsp;<\/p>\n<p><div class=\"col-sm-6 col-xs-12  bloc-cian ico-contacte link-cursor\"><a href=\"mailto:audiovisuals@uoc.edu\">Contacto<\/a><\/p>\n<p>Para cualquier duda sobre este circuito contacta con <a href=\"mailto:audiovisuals@uoc.edu\">Audiovisuals<\/a><\/p>\n<p><\/div><div class=\"col-sm-6 col-xs-12  bloc-cian ico-drets-imatge link-cursor\"><a href=\"https:\/\/guia-audiovisual.uoc.edu\/drets-dimatge\/\" target=\"_blank\" rel=\"noopener noreferrer\">Derechos de imagen<\/a><\/p>\n<p>Recuerda que para publicar un v\u00eddeo es necesario garantizar los <strong>derechos de imagen<\/strong> de las personas grabadas.<\/div><\/p>\n<\/div><div class=\"documentor-help\"><div class=\"negative-feedbackform doc-noprint\">\r\n\t\t\t\t\t<\/div><div class=\"feedback-msg doc-noprint\"><\/div><\/div><\/div><\/div><!--.\/doc-sectionwrap--><\/div><!--.doc-sec-container--><div id=\"sugestedit_popup10\" class=\"sugestedit_popup\">\r\n\t\t\t\t<a class=\"modal_close\"><\/a>\r\n\t\t\t\t<form name=\"documentor-suggestform\" method=\"post\" class=\"documentor-suggestform\">\r\n\t\t\t\t\t<div class=\"doc-frmdiv\" style=\"font-weight: bold;\">Suggest Edit\r\n\t\t\t\t\t<\/div>\r\n\t\t\t\t\t<div class=\"doc-frmdiv\">\r\n\t\t\t\t\t\t<input type=\"text\" name=\"sec_title\" class=\"sedit-sectitle txtinput\" value=\"\" \/>\r\n\t\t\t\t\t<\/div><div class=\"doc-frmdiv\">\r\n\t\t\t\t\t\t\t<input type=\"text\" name=\"name\" class=\"txtinput\" placeholder=\"Name\" required \/>\r\n\t\t\t\t\t\t<\/div><div class=\"doc-frmdiv\">\r\n\t\t\t\t\t\t\t<input type=\"email\" class=\"emailinput\" placeholder=\"Email\" name=\"email\" required \/> \r\n\t\t\t\t\t\t<\/div><div class=\"doc-frmdiv\">\r\n\t\t\t\t\t\t\t<textarea name=\"content\" class=\"textareainput\" placeholder=\"Post your suggestion...\" required><\/textarea>\r\n\t\t\t\t\t\t<\/div><div class=\"doc-frmdiv\"><label> Captcha :&nbsp; <\/label><span class=\"doc-sedit-captcha\"><\/span><\/div><input type=\"hidden\" class=\"sedit-secid\" name=\"secid\" value=\"\" \/>\r\n\t\t\t\t\t<input type=\"hidden\" class=\"sedit-postid\" name=\"sedit_postid\" value=\"\" \/>\r\n\t\t\t\t\t<input type=\"hidden\" class=\"sedit-docid\" name=\"docid\" value=\"10\" \/>\r\n\t\t\t\t\t<button class=\"docsubmit-suggestform\"> Submit <\/button>\r\n\t\t\t\t<\/form>\r\n\t\t\t<\/div><script type=\"text\/javascript\">\r\n\t\t\tjQuery(document).ready(function(){\r\n\t\t\t\tjQuery(\"#documentor-10\").documentor({\r\n\t\t\t\t\tdocumentid\t: 10,\r\n\t\t\t\t\tdocid\t\t: \"documentor-10\",\r\n\t\t\t\t\tanimation\t: \"\",\r\n\t\t\t\t\tindexformat\t: \"0\",\r\n\t\t\t\t\tpformat\t\t: \"decimal\",\r\n\t\t\t\t\tcformat\t\t: \"decimal\",\t\t\t\t\t\r\n\t\t\t\t\tsecstyle\t: \"\",\r\n\t\t\t\t\tactnavbg_default: \"1\",\r\n\t\t\t\t\tactnavbg_color\t: \"\",\r\n\t\t\t\t\tenable_ajax\t: \"0\",\r\n\t\t\t\t\tscrolling\t: \"1\",\r\n\t\t\t\t\tfixmenu\t\t: \"1\",\r\n\t\t\t\t\tskin\t\t: \"bar\",\r\n\t\t\t\t\tscrollBarSize\t: \"3\",\r\n\t\t\t\t\tscrollBarColor\t: \"#73edff\",\r\n\t\t\t\t\tscrollBarOpacity: \"1\",\r\n\t\t\t\t\twindowprint\t: \"0\",\r\n\t\t\t\t\tmenuTop: \"0\",\r\n\t\t\t\t\tsocialshare\t: 0,\r\n\t\t\t\t\tsharecount\t: 0,\r\n\t\t\t\t\tfbshare\t\t: 1,\r\n\t\t\t\t\ttwittershare\t: 1,\r\n\t\t\t\t\tgplusshare\t: 0,\r\n\t\t\t\t\tpinshare\t: 0,\r\n\t\t\t\t\ttogglechild\t: 0,\r\n\t\t\t\t\tnoResultsStr: \"No se han encontrado coincidencias\",\r\n\t\t\t\t});\t\r\n\t\t\t});<\/script><div class=\"cleardiv cleardiv-rtl\"><\/div><\/div><!--\/.document-wrapper--><div class=\"cleardiv cleardiv-rtl\"><\/div><\/div><div class=\"cleardiv\"> <\/div><div id=\"documentor-10-end\"><\/div><\/p>\n","protected":false},"excerpt":{"rendered":"","protected":false},"author":1,"featured_media":0,"parent":0,"menu_order":0,"comment_status":"closed","ping_status":"closed","template":"","meta":{"footnotes":""},"_links":{"self":[{"href":"http:\/\/guia-audiovisual.uoc.edu\/es\/wp-json\/wp\/v2\/pages\/603"}],"collection":[{"href":"http:\/\/guia-audiovisual.uoc.edu\/es\/wp-json\/wp\/v2\/pages"}],"about":[{"href":"http:\/\/guia-audiovisual.uoc.edu\/es\/wp-json\/wp\/v2\/types\/page"}],"author":[{"embeddable":true,"href":"http:\/\/guia-audiovisual.uoc.edu\/es\/wp-json\/wp\/v2\/users\/1"}],"replies":[{"embeddable":true,"href":"http:\/\/guia-audiovisual.uoc.edu\/es\/wp-json\/wp\/v2\/comments?post=603"}],"version-history":[{"count":4,"href":"http:\/\/guia-audiovisual.uoc.edu\/es\/wp-json\/wp\/v2\/pages\/603\/revisions"}],"predecessor-version":[{"id":996,"href":"http:\/\/guia-audiovisual.uoc.edu\/es\/wp-json\/wp\/v2\/pages\/603\/revisions\/996"}],"wp:attachment":[{"href":"http:\/\/guia-audiovisual.uoc.edu\/es\/wp-json\/wp\/v2\/media?parent=603"}],"curies":[{"name":"wp","href":"https:\/\/api.w.org\/{rel}","templated":true}]}}