{"id":602,"date":"2017-11-27T12:36:00","date_gmt":"2017-11-27T12:36:00","guid":{"rendered":"http:\/\/guia-audiovisual.uoc.edu\/formats\/"},"modified":"2018-07-16T13:48:26","modified_gmt":"2018-07-16T13:48:26","slug":"formatos","status":"publish","type":"page","link":"http:\/\/guia-audiovisual.uoc.edu\/es\/formatos\/","title":{"rendered":"Muestra de los diferentes estilos y formatos"},"content":{"rendered":"<h2>T\u00edtol 2<\/h2>\n<p>&nbsp;<\/p>\n<p class=\"nota\">Bloc Nota<\/p>\n<p>&nbsp;<\/p>\n<p class=\"avis\">Bloc Av\u00eds<\/p>\n<p>&nbsp;<\/p>\n<p class=\"perfil\">Bloc Perfil<\/p>\n<p>&nbsp;<\/p>\n<p class=\"ruta\">Bloc Ruta<\/p>\n<p>&nbsp;<\/p>\n<p><span class=\"nota\">Icona Nota <\/span><\/p>\n<p><span class=\"avis\">Icona Av\u00eds<\/span><\/p>\n<p><span class=\"perfil\">Icona Perfil<\/span><\/p>\n<p><span class=\"blank\">Icona enlla\u00e7 <a href=\"#\">finestra nova<\/a><\/span><\/p>\n<p><span class=\"so\">Icona So<\/span><\/p>\n<p><span class=\"word\">Icona Word<\/span><\/p>\n<p><span class=\"pdf\">Icona PDF<\/span><\/p>\n<p><span class=\"zip\">Icona Zip<\/span><\/p>\n<p><span class=\"folder\">Icona Carpeta<\/span><\/p>\n<p><span class=\"smile\">Icona SMILE<\/span><\/p>\n<p><span class=\"sad\">Icona SAD<\/span><\/p>\n","protected":false},"excerpt":{"rendered":"<p>T\u00edtol 2 &nbsp; Bloc Nota &nbsp; Bloc Av\u00eds &nbsp; Bloc Perfil &nbsp; Bloc Ruta &nbsp; Icona Nota Icona Av\u00eds Icona Perfil Icona enlla\u00e7 finestra nova Icona So Icona Word Icona PDF Icona Zip Icona Carpeta Icona SMILE Icona SAD<\/p>\n","protected":false},"author":1,"featured_media":0,"parent":0,"menu_order":0,"comment_status":"closed","ping_status":"closed","template":"page_landing.php","meta":{"footnotes":""},"_links":{"self":[{"href":"http:\/\/guia-audiovisual.uoc.edu\/es\/wp-json\/wp\/v2\/pages\/602"}],"collection":[{"href":"http:\/\/guia-audiovisual.uoc.edu\/es\/wp-json\/wp\/v2\/pages"}],"about":[{"href":"http:\/\/guia-audiovisual.uoc.edu\/es\/wp-json\/wp\/v2\/types\/page"}],"author":[{"embeddable":true,"href":"http:\/\/guia-audiovisual.uoc.edu\/es\/wp-json\/wp\/v2\/users\/1"}],"replies":[{"embeddable":true,"href":"http:\/\/guia-audiovisual.uoc.edu\/es\/wp-json\/wp\/v2\/comments?post=602"}],"version-history":[{"count":2,"href":"http:\/\/guia-audiovisual.uoc.edu\/es\/wp-json\/wp\/v2\/pages\/602\/revisions"}],"predecessor-version":[{"id":624,"href":"http:\/\/guia-audiovisual.uoc.edu\/es\/wp-json\/wp\/v2\/pages\/602\/revisions\/624"}],"wp:attachment":[{"href":"http:\/\/guia-audiovisual.uoc.edu\/es\/wp-json\/wp\/v2\/media?parent=602"}],"curies":[{"name":"wp","href":"https:\/\/api.w.org\/{rel}","templated":true}]}}