{"id":596,"date":"2017-05-04T14:42:55","date_gmt":"2017-05-04T14:42:55","guid":{"rendered":"http:\/\/guia-audiovisual.uoc.edu\/drets-dautor\/"},"modified":"2018-07-16T13:49:47","modified_gmt":"2018-07-16T13:49:47","slug":"derechos-de-autor","status":"publish","type":"page","link":"http:\/\/guia-audiovisual.uoc.edu\/es\/derechos-de-autor\/","title":{"rendered":"Derechos de autor"},"content":{"rendered":"<p><link rel='stylesheet' href='http:\/\/guia-audiovisual.uoc.edu\/wp-content\/plugins\/documentor\/skins\/bar\/style.css' type='text\/css' media='all' \/><div id=\"documentor-8\" class=\"documentor-bar documentor-wrap\" data-docid = \"8\" data-epid = \"596\" ><div class=\"documentor-topicons doc-noprint\"><span class=\"doc-topiconswrap\"><\/span><div class=\"cleardiv\"><\/div><div class=\"clrright\"><\/div><\/div><div class=\"document-wrapper\"><div class=\"doc-menu doc-noprint\"><span class=\"doc-search\">\r\n\t\t\t\t\t<input type=\"text\" name=\"search_document\" class=\"search-document\" placeholder=\"Busca\" \/>\r\n\t\t\t\t\t<img decoding=\"async\" src=\"http:\/\/guia-audiovisual.uoc.edu\/wp-content\/plugins\/documentor\/skins\/bar\/images\/search.png\" \/>\r\n\t\t\t\t<\/span><div class=\"doc-menurelated\"><ol class=\"doc-list-front\"><li class=\"doc-actli\"><a class=\"documentor-menu\" href=\"#presentacio-7\"  style=\"clear:none;line-height:19px;font-family:helvetica, Helvetica, sans-serif;font-size:14px;font-weight:normal;font-style:normal;color:#000078;\" data-href=\"#presentacio-7\" data-sec-counter=\"1\" data-section-id=\"36\">Presentaci\u00f3n<\/a><div class=\"doc-menu-border\"><\/div><\/li><li class=\"doc-actli\"><a class=\"documentor-menu\" href=\"#video\"  style=\"clear:none;line-height:19px;font-family:helvetica, Helvetica, sans-serif;font-size:14px;font-weight:normal;font-style:normal;color:#000078;\" data-href=\"#video\" data-sec-counter=\"2\" data-section-id=\"37\">Pautas generales<\/a><div class=\"doc-menu-border\"><\/div><\/li><li class=\"doc-actli\"><a class=\"documentor-menu\" href=\"#video-2\"  style=\"clear:none;line-height:19px;font-family:helvetica, Helvetica, sans-serif;font-size:14px;font-weight:normal;font-style:normal;color:#000078;\" data-href=\"#video-2\" data-sec-counter=\"3\" data-section-id=\"54\">V\u00eddeo<\/a><div class=\"doc-menu-border\"><\/div><\/li><li class=\"doc-actli\"><a class=\"documentor-menu\" href=\"#fotografia\"  style=\"clear:none;line-height:19px;font-family:helvetica, Helvetica, sans-serif;font-size:14px;font-weight:normal;font-style:normal;color:#000078;\" data-href=\"#fotografia\" data-sec-counter=\"4\" data-section-id=\"38\">Fotograf\u00eda <\/a><div class=\"doc-menu-border\"><\/div><\/li><li class=\"doc-actli\"><a class=\"documentor-menu\" href=\"#musica\"  style=\"clear:none;line-height:19px;font-family:helvetica, Helvetica, sans-serif;font-size:14px;font-weight:normal;font-style:normal;color:#000078;\" data-href=\"#musica\" data-sec-counter=\"5\" data-section-id=\"39\">M\u00fasica<\/a><div class=\"doc-menu-border\"><\/div><\/li><\/ol><\/div><\/div><div class=\"doc-sec-container\" id=\"documentor_seccontainer\"><div class=\"doc-sectionwrap\" id=\"presentacio-7_wrap\"><div class=\"documentor-section  section-36\" id=\"presentacio-7\" data-section-id=\"36\"><h2 class=\"doc-sec-title\" > <span class=\"doc-sec-count\" style=\"display:none\">1.<\/span><span class=\"title-text\">Presentaci\u00f3n<\/span>  <div class=\"documentor-social doc-noprint\"><\/div><a class=\"scrollup doc-noprint\">\u2191 Vuelve arriba<\/a><\/h2><div class=\"doc-sec-content\" style=\"clear:none;line-height:23px;font-family:helvetica, Helvetica, sans-serif;font-size:14px;font-weight:normal;font-style:normal;color:#333333;\"><p><em>La propiedad intelectual es toda creaci\u00f3n del intelecto humano; es regulada por el Real decreto legislativo 1\/1996<\/em><\/p>\n<p>El <strong>derecho de autor<\/strong> se define como el conjunto de derechos de una persona f\u00edsica o jur\u00eddica sobre su obra, bien sea de naturaleza literaria, art\u00edstica o cient\u00edfica expresada en cualquier medio o apoyo.<\/p>\n<p>Los derechos de autor otorgan a su titular dos tipos de derechos:<\/p>\n<p>&#8211; los derechos morales, de car\u00e1cter irrenunciable e inalienable: derecho de divulgaci\u00f3n, derecho de paternidad, derecho de integridad de la obra, derecho de modificaci\u00f3n y derecho de retirada.<\/p>\n<p>&#8211; derechos de explotaci\u00f3n o patrimoniales, de car\u00e1cter transferible y de duraci\u00f3n limitada.<\/p>\n<p>Estos, a la vegada, se pueden dividir en:<\/p>\n<ul>\n<li>derechos exclusivos: derecho de reproducci\u00f3n, derecho de distribuci\u00f3n, derecho de comunicaci\u00f3n p\u00fablica, derecho de transformaci\u00f3n.<\/li>\n<li>derechos de simple remuneraci\u00f3n: derecho de participaci\u00f3n, derecho de compensaci\u00f3n equitativa por copia privada, derecho de remuneraci\u00f3n por distribuci\u00f3n, derecho de remuneraci\u00f3n por comunicaci\u00f3n p\u00fablica.<\/li>\n<\/ul>\n<p>Es importante que tengas en cuenta los derechos de autor en el supuesto de que quieras incorporar materiales y obras de terceros (videos, fotograf\u00edas, audios) en la producci\u00f3n de tu video. Dispones de m\u00e1s informaci\u00f3n en el art\u00edculo del *Intrauoc de la Asesor\u00eda Jur\u00eddica<a href=\"https:\/\/campus.uoc.edu\/webapps\/intrauoc2\/documents\/11019386\/0\/nota-blogaj-3-quins-drets-shan-de-tenir-en-compte-en-lus-dun-material-fotografic-o-audiovisual\/443b674a-c219-4e4e-889b-535e19cf4980\"> Qu\u00e9 derechos se tienen que tener en cuenta en el uso de un material fotogr\u00e1fico o audiovisual?<\/a><\/p>\n<p>Se tiene que hacer un contrato con todos los proveedores que generen una obra con derechos de propiedad intelectual.<\/p>\n<\/div><div class=\"documentor-help\"><div class=\"negative-feedbackform doc-noprint\">\r\n\t\t\t\t\t<\/div><div class=\"feedback-msg doc-noprint\"><\/div><\/div><\/div><\/div><!--.\/doc-sectionwrap--><div class=\"doc-sectionwrap\" id=\"video_wrap\"><div class=\"documentor-section  section-37\" id=\"video\" data-section-id=\"37\"><h2 class=\"doc-sec-title\" > <span class=\"doc-sec-count\" style=\"display:none\">2.<\/span><span class=\"title-text\">Pautas generales<\/span>  <div class=\"documentor-social doc-noprint\"><\/div><a class=\"scrollup doc-noprint\">\u2191 Vuelve arriba<\/a><\/h2><div class=\"doc-sec-content\" style=\"clear:none;line-height:23px;font-family:helvetica, Helvetica, sans-serif;font-size:14px;font-weight:normal;font-style:normal;color:#333333;\"><p>En la hora de incorporar una obra de titularidad de un tercero en una obra propia de la UOC puedes encontrar los supuestos siguientes:<\/p>\n<ul>\n<li>Que haya que pedir autorizaci\u00f3n al titular de los derechos de propiedad intelectual de la obra para incorporar un fragmento a la obra propia.<\/li>\n<li>Que la obra sea del dominio p\u00fablico, es decir, que haya transcurrido el periodo de duraci\u00f3n de los derechos de explotaci\u00f3n previsto legalmente. Este periodo depende del tipo de obra en cuesti\u00f3n.<\/li>\n<li>Que la obra sea publicada con el r\u00e9gimen de una licencia Creative Commons que permita la creaci\u00f3n de obras derivadas. Hay que tener en cuenta todos los condicionantes de la licencia que determinar\u00e1n el uso que podemos hacer de la obra final o el r\u00e9gimen con que se tiene que publicar. Para entender las diferentes tipolog\u00edas de licencias puedes consultar el art\u00edculo de la *Intrauoc de la Asesor\u00eda Jur\u00eddica <a href=\"https:\/\/campus.uoc.edu\/webapps\/intrauoc2\/documents\/11019386\/0\/nota_blogaj-4-llicencia-copyright-vs-creative-commons-parlem-ne\/e1ecf66f-5fc4-4595-848f-a593217f5195\">Copyright *vs Licencia *Creative *Commons. Hablemos.<\/a><\/li>\n<\/ul>\n<h3>C\u00f3mo tienes que hacer una citaci\u00f3n<\/h3>\n<p>Cada obra se tiene que citar correctamente al final del video por orden de aparici\u00f3n con fondo blanco y texto (con tipograf\u00eda UOC) de color azul corporativo.\nEn la citaci\u00f3n tienen que constar:<\/p>\n<ul>\n<li><strong>El autor de la obra:<\/strong> en el caso de las obras audiovisuales tambi\u00e9n se tienen que mencionar el director y la productora de la pel\u00edcula.<\/li>\n<li>El <strong>nombre de la obra.<\/strong><\/li>\n<li><strong>El a\u00f1o y los pa\u00edses<\/strong> de difusi\u00f3n de la obra.<\/li>\n<li>La <strong>fuente<\/strong> de la cual se ha extra\u00eddo la obra: nombre del libro, p\u00e1gina web (Viquip\u00e8dia o YouTube), banco de im\u00e1genes, entre otras.<\/li>\n<li>La <strong>fracci\u00f3n de tiempo<\/strong> de que se trate si es el fragmento de una obra audiovisual.<\/li>\n<\/ul>\n<p>En el caso de un <strong>video de YouTube<\/strong>, la citaci\u00f3n tiene que tener la estructura siguiente:<\/p>\n<ul>\n<li>Direcci\u00f3n del video (URL)<\/li>\n<li>T\u00edtulo del video<\/li>\n<li>Autor<\/li>\n<li>Tipo de licencia<\/li>\n<li>Fecha de emisi\u00f3n<\/li>\n<li>Minutos que quieres utilizar (de la obra original, no del video de YouTube).<\/li>\n<\/ul>\n<p>Ejemplo: \u00ab*Lamb tono *the *Slaughter\u00bb Tales *Of *The *Unexpected, *Season 1, *Episode 4 (1979)- *Evgraf *Borezov \u2013 minuto x a x \u00a9 Productora titular de derechos, YouTube<\/p>\n<p>Cada obra se tiene que citar correctamente al final del *video por orden de aparici\u00f3n con fondo blanco y texto (con tipograf\u00eda UOC) de color azul corporativo.<\/p>\n<\/div><div class=\"documentor-help\"><div class=\"negative-feedbackform doc-noprint\">\r\n\t\t\t\t\t<\/div><div class=\"feedback-msg doc-noprint\"><\/div><\/div><\/div><\/div><!--.\/doc-sectionwrap--><div class=\"doc-sectionwrap\" id=\"video-2_wrap\"><div class=\"documentor-section  section-54\" id=\"video-2\" data-section-id=\"54\"><h2 class=\"doc-sec-title\" > <span class=\"doc-sec-count\" style=\"display:none\">3.<\/span><span class=\"title-text\">V\u00eddeo<\/span>  <div class=\"documentor-social doc-noprint\"><\/div><a class=\"scrollup doc-noprint\">\u2191 Vuelve arriba<\/a><\/h2><div class=\"doc-sec-content\" style=\"clear:none;line-height:23px;font-family:helvetica, Helvetica, sans-serif;font-size:14px;font-weight:normal;font-style:normal;color:#333333;\"><h3>El derecho de citaci\u00f3n en videos docentes<\/h3>\n<p>En la creaci\u00f3n de tu video docente puedes necesitar que se vean fragmentos de obras de las cuales no eres el autor. Esta incorporaci\u00f3n es posible legalmente cuando sea aplicable el <strong>derecho de citaci\u00f3n.<\/strong><\/p>\n<p>El derecho de citaci\u00f3n es una de las excepciones que prev\u00e9 la ley de referencia a los derechos de propiedad intelectual de los titulares. Permite determinados usos de obras de terceros, con fines muy concretas, sin necesidad de pedir autorizaci\u00f3n al titular leg\u00edtimo.<\/p>\n<p>En todos los casos es imprescindible citar <strong>correctamente.<\/strong><\/p>\n<p><div id='gallery-1' class='gallery galleryid-596 gallery-columns-1 gallery-size-full'><figure class='gallery-item'>\n\t\t\t<div class='gallery-icon landscape'>\n\t\t\t\t<img loading=\"lazy\" decoding=\"async\" width=\"800\" height=\"322\" src=\"http:\/\/guia-audiovisual.uoc.edu\/wp-content\/uploads\/2017\/06\/copyright-2.jpg\" class=\"attachment-full size-full\" alt=\"\" srcset=\"http:\/\/guia-audiovisual.uoc.edu\/wp-content\/uploads\/2017\/06\/copyright-2.jpg 800w, http:\/\/guia-audiovisual.uoc.edu\/wp-content\/uploads\/2017\/06\/copyright-2-300x121.jpg 300w, http:\/\/guia-audiovisual.uoc.edu\/wp-content\/uploads\/2017\/06\/copyright-2-768x309.jpg 768w\" sizes=\"(max-width: 800px) 100vw, 800px\" \/>\n\t\t\t<\/div><\/figure>\n\t\t<\/div>\n<\/p>\n<p>Se puede amparar en el derecho de citaci\u00f3n la inclusi\u00f3n en una obra propia de <strong>fragmentos de obras ajenas<\/strong> escritas, sonoras o audiovisuales, y la <strong>totalidad<\/strong> en el caso de <strong>obras pl\u00e1sticas y<\/strong>\n<strong>fotogr\u00e1ficas<\/strong>, siempre que se trate de obras divulgadas (en circulaci\u00f3n) y que se haga para analizarlas, comentarlas o someterlas a un juicio cr\u00edtico.<\/p>\n<p>La ley no fija ning\u00fan porcentaje sobre la obra ajena que puedes usar en el caso de obras escritas, sonoras o audiovisuales; solo habla de \u00abmedida justificada\u00bb. Sin embargo, se\nrecomienda que el uso sea de un <strong>10%<\/strong> como m\u00e1ximo.<\/p>\n<p>Si no cumplieras los requisitos anteriores, cometer\u00edas una infracci\u00f3n de los derechos de propiedad intelectual del titular de las obras utilizadas.<\/p>\n<p>Si no se da ninguno de estos supuestos anteriores, tienes que pedir la <strong>autorizaci\u00f3n<\/strong> correspondiente al titular de la obra, a quien tendr\u00e1s que explicar exactamente que quieres hacer y con qu\u00e9 finalidad.<\/p>\n<p>Contacta con la <a href=\"https:\/\/suport.uoc.edu\/servicedesk\/customer\/portal\/16\/create\/130\">Asesor\u00eda Jur\u00eddica<\/a> en caso de duda.<\/p>\n<h3>Uso de videos externos al aula<\/h3>\n<p>Cuando necesites incorporar videos de plataformas como YouTube o *Vimeo en el aula lo puedes hacer por incrustaci\u00f3n (*embed) siempre que cumplas los requisitos siguientes:<\/p>\n<ul>\n<li>Que la obra haya sido publicada por su titular leg\u00edtimo.<\/li>\n<li>Que no haya restricciones de acceso para acceder, como el uso de contrase\u00f1as o identificadores.<\/li>\n<\/ul>\n<p>Puedes profundizar sobre la inserci\u00f3n de videos en el art\u00edculo de la *Intrauoc de la Asesor\u00eda Jur\u00eddica denominado La inserci\u00f3n de links a las aulas y la comunicaci\u00f3n al p\u00fablico.<\/p>\n<\/div><div class=\"documentor-help\"><div class=\"negative-feedbackform doc-noprint\">\r\n\t\t\t\t\t<\/div><div class=\"feedback-msg doc-noprint\"><\/div><\/div><\/div><\/div><!--.\/doc-sectionwrap--><div class=\"doc-sectionwrap\" id=\"fotografia_wrap\"><div class=\"documentor-section  section-38\" id=\"fotografia\" data-section-id=\"38\"><h2 class=\"doc-sec-title\" > <span class=\"doc-sec-count\" style=\"display:none\">4.<\/span><span class=\"title-text\">Fotograf\u00eda <\/span>  <div class=\"documentor-social doc-noprint\"><\/div><a class=\"scrollup doc-noprint\">\u2191 Vuelve arriba<\/a><\/h2><div class=\"doc-sec-content\" style=\"clear:none;line-height:23px;font-family:helvetica, Helvetica, sans-serif;font-size:14px;font-weight:normal;font-style:normal;color:#333333;\"><p>Es esencial que revises las condiciones de uso de las fotograf\u00edas extra\u00eddas de los <strong>bancos de im\u00e1genes<\/strong> de internet, que de entrada parezcan libres y gratuitas. En muchos casos esta explotaci\u00f3n no lo es completamente y puedes cometer infracciones en materia de propiedad intelectual que pueden comportar sanciones econ\u00f3micas.<\/p>\n<h3>C\u00f3mo tienes que hacer una citaci\u00f3n<\/h3>\n<ul>\n<li><strong>*Fotolia:<\/strong> C\u00f3digo imagen de *Fotolia + imagen + autor.\n<pre> Ejemplo: <em>@*drubig-*photo \u2013 fotolia.com<\/em><\/pre>\n<\/li>\n<li><strong>*Wikimedia *Commons:<\/strong>\u00a0Direcci\u00f3n de la imagen + t\u00edtulo de la imagen + a\u00f1o + autor de la imagen + tipo de licencia o titular del copyright (en caso de que no sea el autor). Hay que revisar la licencia a la cual est\u00e1 adscrita la imagen (dominio p\u00fablico, *Creative *Commons, GNU, otros).\n<pre> Ejemplo: <em>\u00ab*The Son *of Man\u00bb (1964) - \u00a9 *Ren\u00e9 *Magritte (*Private *Collection) *Wikimedia *Commons (aqu\u00ed se a\u00f1adir\u00eda el autor si no fuera el pintor *Ren\u00e9 *Magritte)<\/em><\/pre>\n<\/li>\n<li><strong>Imagen de un web o un blog:<\/strong> Direcci\u00f3n del blog o p\u00e1gina web (URL) + t\u00edtulo del art\u00edculo + autor + nombre del web.\n<pre> Ejemplo: <em>\u00ab*Quit *Spilling *Coffee, *Get A *Drop Ristra *Mug\u00bb *by *Brooke *Dowd *Sacco \u2013 *Incredible *things website + enlace en la p\u00e1gina<\/em><\/pre>\n<\/li>\n<\/ul>\n<p class=\"nota perfil\">Contacta con la <a href=\"https:\/\/suport.uoc.edu\/servicedesk\/customer\/portal\/16\/create\/130\">Asesor\u00eda Jur\u00eddica<\/a> en caso de duda.<\/p>\n<\/div><div class=\"documentor-help\"><div class=\"negative-feedbackform doc-noprint\">\r\n\t\t\t\t\t<\/div><div class=\"feedback-msg doc-noprint\"><\/div><\/div><\/div><\/div><!--.\/doc-sectionwrap--><div class=\"doc-sectionwrap\" id=\"musica_wrap\"><div class=\"documentor-section  section-39\" id=\"musica\" data-section-id=\"39\"><h2 class=\"doc-sec-title\" > <span class=\"doc-sec-count\" style=\"display:none\">5.<\/span><span class=\"title-text\">M\u00fasica<\/span>  <div class=\"documentor-social doc-noprint\"><\/div><a class=\"scrollup doc-noprint\">\u2191 Vuelve arriba<\/a><\/h2><div class=\"doc-sec-content\" style=\"clear:none;line-height:23px;font-family:helvetica, Helvetica, sans-serif;font-size:14px;font-weight:normal;font-style:normal;color:#333333;\"><p>Hay dos tipos de situaciones en que puedes necesitar gestionar los derechos referentes a la m\u00fasica: en un acto, sea para reproducirla o para interpretarla, y cuando la quieres incorporar en un video.<\/p>\n<p>Para poder <strong>reproducir obras musicales<\/strong> en un acto o para <strong>interpretarlas<\/strong> en directo tienes que gestionar la licencia correspondiente con la <a href=\"https:\/\/www.sgae.es\/\">SGAE.<\/a><\/p>\n<p>Para sincronizar o incrustar una obra musical en un video elaborado por la UOC, tienes que obtener la <strong>licencia de la SGAE<\/strong> y tambi\u00e9n <strong>la autorizaci\u00f3n de los titulares<\/strong> de derechos de la obra. Si, adem\u00e1s, quieres publicar el video a internet, tienes que obtener la autorizaci\u00f3n de los titulares para la publicaci\u00f3n de la obra.<\/p>\n<p>Contacta con la <a href=\"https:\/\/suport.uoc.edu\/servicedesk\/customer\/portal\/16\/create\/130\">Asesor\u00eda Jur\u00eddica<\/a> para solicitar la gesti\u00f3n de derechos de las obras musicales.<\/p>\n<h3>C\u00f3mo tienes que hacer una citaci\u00f3n<\/h3>\n<p>En el caso de publicaci\u00f3n en el canal de YouTube, hace falta que utilices el espacio de la descripci\u00f3n para hacer\u00a0esta citaci\u00f3n.<\/p>\n<ul>\n<li>Direcci\u00f3n del *podcast (URL) + t\u00edtulo del *podcast + titular del copyright + data de emisi\u00f3n + minutos que queremos utilizar.\n<pre> Ejemplo: <em>\u00ab*Snap *judgment: *Bendor *Grosvenor donde *photography *in *galleries\u00bb (Augusto 22, 2014) (0:10 \u2013 1:30) \u00a9 *Finantial *times + URL<\/em><\/pre>\n<\/li>\n<\/ul>\n<p class=\"nota perfil\">\n<\/div><div class=\"documentor-help\"><div class=\"negative-feedbackform doc-noprint\">\r\n\t\t\t\t\t<\/div><div class=\"feedback-msg doc-noprint\"><\/div><\/div><\/div><\/div><!--.\/doc-sectionwrap--><\/div><!--.doc-sec-container--><div id=\"sugestedit_popup8\" class=\"sugestedit_popup\">\r\n\t\t\t\t<a class=\"modal_close\"><\/a>\r\n\t\t\t\t<form name=\"documentor-suggestform\" method=\"post\" class=\"documentor-suggestform\">\r\n\t\t\t\t\t<div class=\"doc-frmdiv\" style=\"font-weight: bold;\">Suggest Edit\r\n\t\t\t\t\t<\/div>\r\n\t\t\t\t\t<div class=\"doc-frmdiv\">\r\n\t\t\t\t\t\t<input type=\"text\" name=\"sec_title\" class=\"sedit-sectitle txtinput\" value=\"\" \/>\r\n\t\t\t\t\t<\/div><div class=\"doc-frmdiv\">\r\n\t\t\t\t\t\t\t<input type=\"text\" name=\"name\" class=\"txtinput\" placeholder=\"Name\" required \/>\r\n\t\t\t\t\t\t<\/div><div class=\"doc-frmdiv\">\r\n\t\t\t\t\t\t\t<input type=\"email\" class=\"emailinput\" placeholder=\"Email\" name=\"email\" required \/> \r\n\t\t\t\t\t\t<\/div><div class=\"doc-frmdiv\">\r\n\t\t\t\t\t\t\t<textarea name=\"content\" class=\"textareainput\" placeholder=\"Post your suggestion...\" required><\/textarea>\r\n\t\t\t\t\t\t<\/div><div class=\"doc-frmdiv\"><label> Captcha :&nbsp; <\/label><span class=\"doc-sedit-captcha\"><\/span><\/div><input type=\"hidden\" class=\"sedit-secid\" name=\"secid\" value=\"\" \/>\r\n\t\t\t\t\t<input type=\"hidden\" class=\"sedit-postid\" name=\"sedit_postid\" value=\"\" \/>\r\n\t\t\t\t\t<input type=\"hidden\" class=\"sedit-docid\" name=\"docid\" value=\"8\" \/>\r\n\t\t\t\t\t<button class=\"docsubmit-suggestform\"> Submit <\/button>\r\n\t\t\t\t<\/form>\r\n\t\t\t<\/div><script type=\"text\/javascript\">\r\n\t\t\tjQuery(document).ready(function(){\r\n\t\t\t\tjQuery(\"#documentor-8\").documentor({\r\n\t\t\t\t\tdocumentid\t: 8,\r\n\t\t\t\t\tdocid\t\t: \"documentor-8\",\r\n\t\t\t\t\tanimation\t: \"\",\r\n\t\t\t\t\tindexformat\t: \"0\",\r\n\t\t\t\t\tpformat\t\t: \"decimal\",\r\n\t\t\t\t\tcformat\t\t: \"decimal\",\t\t\t\t\t\r\n\t\t\t\t\tsecstyle\t: \"\",\r\n\t\t\t\t\tactnavbg_default: \"1\",\r\n\t\t\t\t\tactnavbg_color\t: \"\",\r\n\t\t\t\t\tenable_ajax\t: \"0\",\r\n\t\t\t\t\tscrolling\t: \"1\",\r\n\t\t\t\t\tfixmenu\t\t: \"1\",\r\n\t\t\t\t\tskin\t\t: \"bar\",\r\n\t\t\t\t\tscrollBarSize\t: \"3\",\r\n\t\t\t\t\tscrollBarColor\t: \"#73edff\",\r\n\t\t\t\t\tscrollBarOpacity: \"1\",\r\n\t\t\t\t\twindowprint\t: \"0\",\r\n\t\t\t\t\tmenuTop: \"0\",\r\n\t\t\t\t\tsocialshare\t: 0,\r\n\t\t\t\t\tsharecount\t: 0,\r\n\t\t\t\t\tfbshare\t\t: 1,\r\n\t\t\t\t\ttwittershare\t: 1,\r\n\t\t\t\t\tgplusshare\t: 0,\r\n\t\t\t\t\tpinshare\t: 0,\r\n\t\t\t\t\ttogglechild\t: 0,\r\n\t\t\t\t\tnoResultsStr: \"No se han encontrado coincidencias\",\r\n\t\t\t\t});\t\r\n\t\t\t});<\/script><div class=\"cleardiv cleardiv-rtl\"><\/div><\/div><!--\/.document-wrapper--><div class=\"cleardiv cleardiv-rtl\"><\/div><\/div><div class=\"cleardiv\"> <\/div><div id=\"documentor-8-end\"><\/div><\/p>\n","protected":false},"excerpt":{"rendered":"","protected":false},"author":1,"featured_media":0,"parent":0,"menu_order":0,"comment_status":"closed","ping_status":"closed","template":"","meta":{"footnotes":""},"_links":{"self":[{"href":"http:\/\/guia-audiovisual.uoc.edu\/es\/wp-json\/wp\/v2\/pages\/596"}],"collection":[{"href":"http:\/\/guia-audiovisual.uoc.edu\/es\/wp-json\/wp\/v2\/pages"}],"about":[{"href":"http:\/\/guia-audiovisual.uoc.edu\/es\/wp-json\/wp\/v2\/types\/page"}],"author":[{"embeddable":true,"href":"http:\/\/guia-audiovisual.uoc.edu\/es\/wp-json\/wp\/v2\/users\/1"}],"replies":[{"embeddable":true,"href":"http:\/\/guia-audiovisual.uoc.edu\/es\/wp-json\/wp\/v2\/comments?post=596"}],"version-history":[{"count":3,"href":"http:\/\/guia-audiovisual.uoc.edu\/es\/wp-json\/wp\/v2\/pages\/596\/revisions"}],"predecessor-version":[{"id":626,"href":"http:\/\/guia-audiovisual.uoc.edu\/es\/wp-json\/wp\/v2\/pages\/596\/revisions\/626"}],"wp:attachment":[{"href":"http:\/\/guia-audiovisual.uoc.edu\/es\/wp-json\/wp\/v2\/media?parent=596"}],"curies":[{"name":"wp","href":"https:\/\/api.w.org\/{rel}","templated":true}]}}