{"id":595,"date":"2017-05-04T14:42:21","date_gmt":"2017-05-04T14:42:21","guid":{"rendered":"http:\/\/guia-audiovisual.uoc.edu\/drets-dimatge\/"},"modified":"2018-07-16T13:50:13","modified_gmt":"2018-07-16T13:50:13","slug":"derechos-de-imagen","status":"publish","type":"page","link":"http:\/\/guia-audiovisual.uoc.edu\/es\/derechos-de-imagen\/","title":{"rendered":"Derechos de imagen"},"content":{"rendered":"<p><link rel='stylesheet' href='http:\/\/guia-audiovisual.uoc.edu\/wp-content\/plugins\/documentor\/skins\/bar\/style.css' type='text\/css' media='all' \/><div id=\"documentor-7\" class=\"documentor-bar documentor-wrap\" data-docid = \"7\" data-epid = \"595\" ><div class=\"documentor-topicons doc-noprint\"><span class=\"doc-topiconswrap\"><\/span><div class=\"cleardiv\"><\/div><div class=\"clrright\"><\/div><\/div><div class=\"document-wrapper\"><div class=\"doc-menu doc-noprint\"><span class=\"doc-search\">\r\n\t\t\t\t\t<input type=\"text\" name=\"search_document\" class=\"search-document\" placeholder=\"Busca\" \/>\r\n\t\t\t\t\t<img decoding=\"async\" src=\"http:\/\/guia-audiovisual.uoc.edu\/wp-content\/plugins\/documentor\/skins\/bar\/images\/search.png\" \/>\r\n\t\t\t\t<\/span><div class=\"doc-menurelated\"><ol class=\"doc-list-front\"><li class=\"doc-actli\"><a class=\"documentor-menu\" href=\"#presentacio-6\"  style=\"clear:none;line-height:19px;font-family:helvetica, Helvetica, sans-serif;font-size:14px;font-weight:normal;font-style:normal;color:#000078;\" data-href=\"#presentacio-6\" data-sec-counter=\"1\" data-section-id=\"29\">Presentaci\u00f3n<\/a><div class=\"doc-menu-border\"><\/div><\/li><li class=\"doc-actli\"><a class=\"documentor-menu\" href=\"#com-saccepta-la-llicencia-3\"  style=\"clear:none;line-height:19px;font-family:helvetica, Helvetica, sans-serif;font-size:14px;font-weight:normal;font-style:normal;color:#000078;\" data-href=\"#com-saccepta-la-llicencia-3\" data-sec-counter=\"2\" data-section-id=\"43\">Como se acepta la licencia<\/a><div class=\"doc-menu-border\"><\/div><\/li><li class=\"doc-actli\"><a class=\"documentor-menu\" href=\"#passos-que-cal-seguir-en-la-gestio-dels-drets-dimatge\"  style=\"clear:none;line-height:19px;font-family:helvetica, Helvetica, sans-serif;font-size:14px;font-weight:normal;font-style:normal;color:#000078;\" data-href=\"#passos-que-cal-seguir-en-la-gestio-dels-drets-dimatge\" data-sec-counter=\"3\" data-section-id=\"44\">Cu\u00e1l es el circuito para la gesti\u00f3n de los derechos de imagen<\/a><div class=\"doc-menu-border\"><\/div><\/li><li class=\"doc-actli\"><a class=\"documentor-menu\" href=\"#gestio-de-la-cessio-despais-denregistrament-3\"  style=\"clear:none;line-height:19px;font-family:helvetica, Helvetica, sans-serif;font-size:14px;font-weight:normal;font-style:normal;color:#000078;\" data-href=\"#gestio-de-la-cessio-despais-denregistrament-3\" data-sec-counter=\"4\" data-section-id=\"45\">Gesti\u00f3n de la cesi\u00f3n de espacios de grabaci\u00f3n<\/a><div class=\"doc-menu-border\"><\/div><\/li><\/ol><\/div><\/div><div class=\"doc-sec-container\" id=\"documentor_seccontainer\"><div class=\"doc-sectionwrap\" id=\"presentacio-6_wrap\"><div class=\"documentor-section  section-29\" id=\"presentacio-6\" data-section-id=\"29\"><h2 class=\"doc-sec-title\" > <span class=\"doc-sec-count\" style=\"display:none\">1.<\/span><span class=\"title-text\">Presentaci\u00f3n<\/span>  <div class=\"documentor-social doc-noprint\"><\/div><a class=\"scrollup doc-noprint\">\u2191 Vuelve arriba<\/a><\/h2><div class=\"doc-sec-content\" style=\"clear:none;line-height:23px;font-family:helvetica, Helvetica, sans-serif;font-size:14px;font-weight:normal;font-style:normal;color:#333333;\"><p>La Ley Org\u00e1nica 1\/1982, de 5 de mayo, reconoce a cualquier persona el derecho fundamental a su propia imagen. Para poder publicar una fotograf\u00eda, un video o un p\u00f2dcast, por lo tanto, es indispensable disponer de la cesi\u00f3n de los derechos de imagen y\/o voz de todas las personas grabadas o fotografiadas. Por este motivo, es esencial la gesti\u00f3n de la cesi\u00f3n de los derechos de imagen y\/o voz de los miembros integrantes de la comunidad UOC y de terceros que se puedan ver involucrados en alg\u00fan acto que lo requiera mediante la firma de un documento de cesi\u00f3n de derechos de imagen y\/o voz.<\/p>\n<p>Esta cuesti\u00f3n es muy relevante en la UOC, entre otros factores, por los numerosos actos que organiza la Universidad y que se graban, as\u00ed como el material derivado resultante, incluyendo la publicaci\u00f3n en las redes sociales y blogs de la Universidad. Aiximateix, esta cesi\u00f3n tambi\u00e9n se tiene que contemplar en la hora de crear un recurso de aprendizaje en formado video o p\u00f2dcast, para realizar entrevistas a expertos, as\u00ed como actas de la UOC en colaboraci\u00f3n con terceros.<\/p>\n<p>La gesti\u00f3n de la firma de este documento de cesi\u00f3n de derechos de imagen y\/o voz es a cargo del impulsor (la persona de las \u00c1reas o Estudios de la UOC que hace el encargo) y se tiene que <strong>hacer la solicitud a trav\u00e9s de la herramienta <a href=\"https:\/\/eadmin.uoc.edu\/OAC\/SegExpStandalone.jsp?idioma=ca&amp;useSaml=true\">Genesys<\/a> antes de hacer la grabaci\u00f3n\/fotograf\u00eda\/captaci\u00f3n de la imagen o voz.<\/strong> Tened en cuenta que esta gesti\u00f3n no es autom\u00e1tica, sino que se trata de un proceso en el cual, en algunos casos, la Asesor\u00eda Jur\u00eddica precisa realizar la revisi\u00f3n de determinadas solicitudes, como veremos a continuaci\u00f3n.<\/p>\n<p>Por s\u00ed quer\u00e9is profundizar:\n&#8211; <a href=\"https:\/\/campus.uoc.edu\/webapps\/intrauoc2\/documents\/11019386\/0\/nota-blogaj-3-quins-drets-shan-de-tenir-en-compte-en-lus-dun-material-fotografic-o-audiovisual\/443b674a-c219-4e4e-889b-535e19cf4980\">\u00bfQu\u00e9 derechos se tienen que tener en cuenta en el uso de un material fotogr\u00e1fico o audiovisual?<\/a>\n&#8211; <a href=\"https:\/\/campus.uoc.edu\/webapps\/intrauoc2\/documents\/11019386\/0\/nota_blogaj-4-llicencia-copyright-vs-creative-commons-parlem-ne\/e1ecf66f-5fc4-4595-848f-a593217f5195\">Copyright vs Licencia Creative Commons<\/a>\n&#8211; Normativa de Propiedad Intelectual de la UOC (pendiente de la posterior publicaci\u00f3n de la nueva versi\u00f3n)<\/p>\n<\/div><div class=\"documentor-help\"><div class=\"negative-feedbackform doc-noprint\">\r\n\t\t\t\t\t<\/div><div class=\"feedback-msg doc-noprint\"><\/div><\/div><\/div><\/div><!--.\/doc-sectionwrap--><div class=\"doc-sectionwrap\" id=\"com-saccepta-la-llicencia-3_wrap\"><div class=\"documentor-section  section-43\" id=\"com-saccepta-la-llicencia-3\" data-section-id=\"43\"><h2 class=\"doc-sec-title\" > <span class=\"doc-sec-count\" style=\"display:none\">2.<\/span><span class=\"title-text\">Como se acepta la licencia<\/span>  <div class=\"documentor-social doc-noprint\"><\/div><a class=\"scrollup doc-noprint\">\u2191 Vuelve arriba<\/a><\/h2><div class=\"doc-sec-content\" style=\"clear:none;line-height:23px;font-family:helvetica, Helvetica, sans-serif;font-size:14px;font-weight:normal;font-style:normal;color:#333333;\"><p>La aceptaci\u00f3n de la licencia de cesi\u00f3n de derechos de imagen, voz y explotaci\u00f3n puede formalizarse de <strong>dos maneras<\/strong>:<\/p>\n<ul>\n<li><strong>En el web de inscripci\u00f3n:<\/strong> para actos que disponen de un sistema de inscripci\u00f3n en l\u00ednea que permite la aceptaci\u00f3n de las condiciones de la licencia directamente en l\u00ednea. Hay que incluir la marca de aceptaci\u00f3n de las condiciones de la licencia, que es obligatoria, antes de terminar la inscripci\u00f3n.<\/li>\n<li><strong>Firma manuscrita del modelo de licencia: <\/strong>por parte de aquellas personas grabadas en el v\u00eddeo o aquellas que no hayan entrado en un circuito de inscripci\u00f3n que permita la aceptaci\u00f3n de las condiciones mediante una validaci\u00f3n.<\/li>\n<\/ul>\n<p class=\"avis\">Es necesario rellenar todos los campos del documento de cesi\u00f3n de derechos de imagen con letra legible.<\/p>\n<\/div><div class=\"documentor-help\"><div class=\"negative-feedbackform doc-noprint\">\r\n\t\t\t\t\t<\/div><div class=\"feedback-msg doc-noprint\"><\/div><\/div><\/div><\/div><!--.\/doc-sectionwrap--><div class=\"doc-sectionwrap\" id=\"passos-que-cal-seguir-en-la-gestio-dels-drets-dimatge_wrap\"><div class=\"documentor-section  section-44\" id=\"passos-que-cal-seguir-en-la-gestio-dels-drets-dimatge\" data-section-id=\"44\"><h2 class=\"doc-sec-title\" > <span class=\"doc-sec-count\" style=\"display:none\">3.<\/span><span class=\"title-text\">Cu\u00e1l es el circuito para la gesti\u00f3n de los derechos de imagen<\/span>  <div class=\"documentor-social doc-noprint\"><\/div><a class=\"scrollup doc-noprint\">\u2191 Vuelve arriba<\/a><\/h2><div class=\"doc-sec-content\" style=\"clear:none;line-height:23px;font-family:helvetica, Helvetica, sans-serif;font-size:14px;font-weight:normal;font-style:normal;color:#333333;\"><p>La gesti\u00f3n de la cesi\u00f3n de los derechos de imagen siempre es <strong>responsabilidad del impulsor\u00a0<\/strong>del video. En el caso de los <strong>videos docentes<\/strong>, esta responsabilidad recae\u00a0en el \u00c1rea de Biblioteca y Recursos de Aprendizaje, exceptuando los videos autoproducidos por los profesores, que son responsabilidad del profesor mismo.<\/p>\n<p>Para solicitar una autorizaci\u00f3n de cesi\u00f3n de derechos de imagen y\/o voz es necesario hacer la solicitud v\u00eda la herramienta de gesti\u00f3n de expedientes <a href=\"https:\/\/eadmin.uoc.edu\/OAC\/SegExpStandalone.jsp?idioma=ca&amp;useSaml=true&amp;\">Genesys<\/a>. A la misma herramienta encontrar\u00e9is el manual\nrelativo en el circuito de gesti\u00f3n de los derechos de imagen y\/o voz. C\u00f3mo pod\u00e9is ver, todo el circuito, incluyendo lo de firma, se realiza dentro de la herramienta de gesti\u00f3n de expedientes <a href=\"https:\/\/eadmin.uoc.edu\/OAC\/SegExpStandalone.jsp?idioma=ca&amp;useSaml=true&amp;\">Genesys<\/a>.<\/p>\n<p>Es importante solicitar el documento o modelo de cesi\u00f3n de derechos de imagen y\/o voz y obtener la validaci\u00f3n por parte de la Asesor\u00eda Jur\u00eddica para que se adapte a la realidad de\nla grabaci\u00f3n que se quiere realizar, las diferentes opciones de difusi\u00f3n y usos del material resultante, as\u00ed como que incluya todas las garant\u00edas legales.<\/p>\n<p>En el supuesto de producci\u00f3n de un material audiovisual, fotogr\u00e1fico o sonoro a cargo del proveedor licitado, tenemos que tener presente:<\/p>\n<ul>\n<li>Qui\u00e9n ser\u00e1 el encargado de la gesti\u00f3n de los derechos de imagen y\/o voz?<\/li>\n<li>Qu\u00e9 documento se utilizar\u00e1: el proporcionado por la UOC o el proporcionado por el proveedor?<\/li>\n<li>En el supuesto que el documento sea lo proporcionado por el proveedor, se tendr\u00e1 que abrir un <a href=\"https:\/\/suport.uoc.edu\/servicedesk\/customer\/portal\/16\/create\/130\">JIRA a la Asesor\u00eda Jur\u00eddica<\/a> porque se pueda comprobar que el documento contenga\ntodas las casu\u00edsticas que necesita la UOC. En este sentido, es necesario contextualizar el caso, finalidades y usos que se har\u00e1 de la grabaci\u00f3n\/grabaci\u00f3n\/fotograf\u00eda, entre otras cosas, la posibilidad de hacer modificaciones\/ediciones\/adaptaciones, etc.<\/li>\n<\/ul>\n<p>En todo caso, recomendar\u00edamos utilizar nuestro modelo adaptado al caso concreto y as\u00ed garantizar que todos los usos est\u00e1n contemplados.<\/p>\n<p>Una vez firmados los documentos de cesi\u00f3n de derechos gestionados por el proveedor (sea con su modelo o con nuestro), estos tienen que ser posteriormente introducidos a la herramienta Genesys para tener un control y que est\u00e9 coordinado con el DAM.<\/p>\n<p>En el supuesto que la actividad realizada por la UOC donde la cesi\u00f3n de derechos de imagen y\/o voz se ha realizado mediante una marca de aceptaci\u00f3n de las condiciones legales (check mark) como es el caso de Symposium, antes de publicar el formulario de inscripci\u00f3n se tendr\u00e1 que solicitar la cl\u00e1usula relativa en la cesi\u00f3n de los derechos de imagen y\/o voz a<a href=\"https:\/\/suport.uoc.edu\/servicedesk\/customer\/portal\/16\/create\/130\"> la Asesor\u00eda Jur\u00eddica v\u00eda Jira<\/a>. Esta cl\u00e1usula no viene por defecto al formulario, y se tiene que adaptar caso por caso. Una vez finalizadas las inscripciones, se tendr\u00e1 que abrir el correspondiente expediente a Genesys, y trasladar esta informaci\u00f3n a la herramienta de gesti\u00f3n de expedientes.<\/p>\n<p>En el caso de un acto llevado a cabo en colaboraci\u00f3n con otra entidad, es posible que se firme el modelo de cesi\u00f3n de derechos de imagen y\/o voz de este colaborador. Si estamos ante este caso, se tiene que abrir un <a href=\"https:\/\/suport.uoc.edu\/servicedesk\/customer\/portal\/16\/create\/130\">Jira a la Asesor\u00eda Jur\u00eddica<\/a> para que lo revise y valide si el documento dispone de las garant\u00edas legales suficientes antes de que se proceda a su firma.<\/p>\n<p><div class=\"infograf\u00eda\" style =\"clear:both; overflow:hidden; width:100%\"><div class=\"col-sm-4 col-xs-12 \"><div><img loading=\"lazy\" decoding=\"async\" class=\"size-full wp-image-454\" src=\"https:\/\/guia-audiovisual.uoc.edu\/wp-content\/uploads\/2018\/01\/Drets-imatge-u1.png\" alt=\"Drets-imatge-u1\" width=\"228\" height=\"103\" \/><\/div><\/div><div class=\"col-sm-8 col-xs-12 \"><div><strong>Solicitar el documento de cesi\u00f3n de derechos de imagen<\/strong>\n<strong>adaptado a la actividad a la Asesor\u00eda Jur\u00eddica mediante la herramienta Genesys.<\/strong><\/p>\n<p>A excepci\u00f3n de las \u00e1reas que tienen pactado con Asesor\u00eda Jur\u00eddica un modelo de cesi\u00f3n de\nderechos de imagen y\/o voz, se tiene que hacer la solicitud del documento de cesi\u00f3n de derechos de imagen a utilizar para la actividad concreta v\u00eda el gestor documental Genesys. No recomendamos hacer uso de la plantilla est\u00e1ndar, puesto que probablemente no se adapta a la actividad en cuesti\u00f3n y puede llevar problem\u00e1ticas..<\/div><\/div><\/div>\n<div class=\"infograf\u00eda\" style =\"clear:both; overflow:hidden; width:100%\"><div class=\"col-sm-4 col-xs-12 \"><div><img loading=\"lazy\" decoding=\"async\" class=\"size-full wp-image-455\" src=\"https:\/\/guia-audiovisual.uoc.edu\/wp-content\/uploads\/2018\/01\/Drets-imatge-u2.png\" alt=\"Drets-imatge-u2\" width=\"228\" height=\"103\" \/><\/div><\/div><div class=\"col-sm-8 col-xs-12 \"><div><strong>Recopilar los datos necesarios identificativos de<\/strong>\n<strong>las personas que ser\u00e1n registradas e introducirlas en el n\u00facleo de Genesys<\/strong><\/p>\n<p>La Universitat Oberta de Catalunya solo solicita los datos m\u00ednimos necesarios para identificar a la persona firmante. Estos datos son: nombre y apellidos, DNI o NIE y correo electr\u00f3nico. Estos datos son necesarios para agasajar el documento de cesi\u00f3n de derechos de imagen y\/o voz y tienen que ser introducidas al n\u00facleo de Genesys para la posterior gesti\u00f3n de la firma del documento y de la b\u00fasqueda de documentos de cesi\u00f3n de derechos de imagen y\/o ves firmados por esta persona..<\/div><\/div><\/div>\n<div class=\"infograf\u00eda\" style =\"clear:both; overflow:hidden; width:100%\"><div class=\"col-sm-4 col-xs-12 \"><div><img loading=\"lazy\" decoding=\"async\" class=\"size-full wp-image-456\" src=\"https:\/\/guia-audiovisual.uoc.edu\/wp-content\/uploads\/2018\/01\/Drets-imatge-u3.png\" alt=\"Drets-imatge-u3\" width=\"228\" height=\"103\" \/><\/div><\/div><div class=\"col-sm-8 col-xs-12 \"><div><strong>Gestionar la firma individualizada del documento<\/strong><\/p>\n<p>Una vez disponemos del documento y de todos los datos necesarios, se tiene que gestionar la firma del documento. Es importante tener presente que los derechos de imagen y\/o voz son individuales y, por lo tanto, la firma tiene que ser individualizada.<\/p>\n<p>Esta firma se tiene que gestionar dentro de la herramienta Genesys, que ya incorpora VidSigner. Tambi\u00e9n es posible firmarlo de forma presencial, mediante una tableta que cede la UOC (hacer un <a href=\"https:\/\/suport.uoc.edu\/servicedesk\/customer\/portal\/23\">Jira a Administraci\u00f3n Electr\u00f3nica<\/a>). En casos muy excepcionales, se puede aceptar la firma manuscrita.<\/p>\n<p><\/div><\/div><\/div>\n<div class=\"infograf\u00eda\" style =\"clear:both; overflow:hidden; width:100%\"><div class=\"col-sm-4 col-xs-12 \"><div><img loading=\"lazy\" decoding=\"async\" class=\"size-full wp-image-457\" src=\"https:\/\/guia-audiovisual.uoc.edu\/wp-content\/uploads\/2018\/01\/Drets-imatge-u4.png\" alt=\"Drets-imatge-u4\" width=\"228\" height=\"103\" \/><\/div><\/div><div class=\"col-sm-8 col-xs-12 \"><div><strong>Transferencia a la Asesor\u00eda Jur\u00eddica<\/strong><\/p>\n<p>Una vez disponemos de los documentos firmados, se tienen que transferir a la Asesor\u00eda Jur\u00eddica. Todo este proceso se realiza dentro del gestor documental Genesys. Para hacerlo, y tal como se indica al manual de Genesys, se tiene que abrir un nuevo tr\u00e1mite para hacer la transferencia.<\/p>\n<p>En el supuesto que el proceso de firma se haya realizado fuera de Genesys v\u00eda VidSigner del \u00e1rea, se tiene que indexar a Genesys el documento firmado y el correspondiente probatorio de firma.<\/p>\n<p>En el supuesto que el proceso de firma se haya realizado de manera manuscrita, se tiene que escanear el documento e indexarlo al correspondiente expediente. Los originales se tienen que enviar v\u00eda valija interna a la Asesor\u00eda Jur\u00eddica (Edificio O).<\/p>\n<p><\/div><\/div><\/div><\/p>\n<\/div><div class=\"documentor-help\"><div class=\"negative-feedbackform doc-noprint\">\r\n\t\t\t\t\t<\/div><div class=\"feedback-msg doc-noprint\"><\/div><\/div><\/div><\/div><!--.\/doc-sectionwrap--><div class=\"doc-sectionwrap\" id=\"gestio-de-la-cessio-despais-denregistrament-3_wrap\"><div class=\"documentor-section  section-45\" id=\"gestio-de-la-cessio-despais-denregistrament-3\" data-section-id=\"45\"><h2 class=\"doc-sec-title\" > <span class=\"doc-sec-count\" style=\"display:none\">4.<\/span><span class=\"title-text\">Gesti\u00f3n de la cesi\u00f3n de espacios de grabaci\u00f3n<\/span>  <div class=\"documentor-social doc-noprint\"><\/div><a class=\"scrollup doc-noprint\">\u2191 Vuelve arriba<\/a><\/h2><div class=\"doc-sec-content\" style=\"clear:none;line-height:23px;font-family:helvetica, Helvetica, sans-serif;font-size:14px;font-weight:normal;font-style:normal;color:#333333;\"><p>Las grabaciones de actos institucionales o los proyectos audiovisuales se pueden llevar a cabo en los espacios propios de la UOC o en espacios ajenos otras entidades. Si usas un espacio de la UOC para la grabaci\u00f3n, no hay que gestionar ninguna contrataci\u00f3n por la cesi\u00f3n de espacios, pero s\u00ed su reserva.<\/p>\n<p>Si quieres utilizar en la grabaci\u00f3n un espacio ajeno en la UOC, hay que gestionar la cesi\u00f3n del espacio mediante la firma de un contrato de cesi\u00f3n de espacios entre la UOC y la entidad propietaria del espacio, siempre en caso de que no haya un convenio de colaboraci\u00f3n o cualquier otro contrato con la otra entidad que ya recoja este concepto o la entidad traslade su documento de cesi\u00f3n de espacios. Para hacer la solicitud se tiene que entrar un <ahref=\"https:\/\/suport.uoc.edu\/servicedesk\/customer\/portal\/16\/create\/130\">JIRA a la Asesor\u00eda Jur\u00eddica<\/a> (Propiedad Intelectual).<\/p>\n<p>Os recordamos que en la hora de hacer las solicitudes de documento de cesi\u00f3n de derechos de imagen y\/o voz o el de cesi\u00f3n de espacios, se tienen que tener presentes <a href=\"https:\/\/campus.uoc.edu\/webapps\/intrauoc2\/ca_ES\/group\/l-assessoria-juridica1\/juridic-universitari\">los acuerdos de servicio<\/a> relativos a los tiempos de gesti\u00f3n de la Asesor\u00eda Jur\u00eddica por estos casos. As\u00ed mismo, las solicitudes tienen que indicar el contexto, detalles, finalidades y otra informaci\u00f3n relativa al caso, para que el Assesoria Juridica pueda realizar la gesti\u00f3n de la manera m\u00e1s eficiente posible.<\/p>\n<\/div><div class=\"documentor-help\"><div class=\"negative-feedbackform doc-noprint\">\r\n\t\t\t\t\t<\/div><div class=\"feedback-msg doc-noprint\"><\/div><\/div><\/div><\/div><!--.\/doc-sectionwrap--><\/div><!--.doc-sec-container--><div id=\"sugestedit_popup7\" class=\"sugestedit_popup\">\r\n\t\t\t\t<a class=\"modal_close\"><\/a>\r\n\t\t\t\t<form name=\"documentor-suggestform\" method=\"post\" class=\"documentor-suggestform\">\r\n\t\t\t\t\t<div class=\"doc-frmdiv\" style=\"font-weight: bold;\">Suggest Edit\r\n\t\t\t\t\t<\/div>\r\n\t\t\t\t\t<div class=\"doc-frmdiv\">\r\n\t\t\t\t\t\t<input type=\"text\" name=\"sec_title\" class=\"sedit-sectitle txtinput\" value=\"\" \/>\r\n\t\t\t\t\t<\/div><div class=\"doc-frmdiv\">\r\n\t\t\t\t\t\t\t<input type=\"text\" name=\"name\" class=\"txtinput\" placeholder=\"Name\" required \/>\r\n\t\t\t\t\t\t<\/div><div class=\"doc-frmdiv\">\r\n\t\t\t\t\t\t\t<input type=\"email\" class=\"emailinput\" placeholder=\"Email\" name=\"email\" required \/> \r\n\t\t\t\t\t\t<\/div><div class=\"doc-frmdiv\">\r\n\t\t\t\t\t\t\t<textarea name=\"content\" class=\"textareainput\" placeholder=\"Post your suggestion...\" required><\/textarea>\r\n\t\t\t\t\t\t<\/div><div class=\"doc-frmdiv\"><label> Captcha :&nbsp; <\/label><span class=\"doc-sedit-captcha\"><\/span><\/div><input type=\"hidden\" class=\"sedit-secid\" name=\"secid\" value=\"\" \/>\r\n\t\t\t\t\t<input type=\"hidden\" class=\"sedit-postid\" name=\"sedit_postid\" value=\"\" \/>\r\n\t\t\t\t\t<input type=\"hidden\" class=\"sedit-docid\" name=\"docid\" value=\"7\" \/>\r\n\t\t\t\t\t<button class=\"docsubmit-suggestform\"> Submit <\/button>\r\n\t\t\t\t<\/form>\r\n\t\t\t<\/div><script type=\"text\/javascript\">\r\n\t\t\tjQuery(document).ready(function(){\r\n\t\t\t\tjQuery(\"#documentor-7\").documentor({\r\n\t\t\t\t\tdocumentid\t: 7,\r\n\t\t\t\t\tdocid\t\t: \"documentor-7\",\r\n\t\t\t\t\tanimation\t: \"\",\r\n\t\t\t\t\tindexformat\t: \"0\",\r\n\t\t\t\t\tpformat\t\t: \"decimal\",\r\n\t\t\t\t\tcformat\t\t: \"decimal\",\t\t\t\t\t\r\n\t\t\t\t\tsecstyle\t: \"\",\r\n\t\t\t\t\tactnavbg_default: \"1\",\r\n\t\t\t\t\tactnavbg_color\t: \"\",\r\n\t\t\t\t\tenable_ajax\t: \"0\",\r\n\t\t\t\t\tscrolling\t: \"1\",\r\n\t\t\t\t\tfixmenu\t\t: \"1\",\r\n\t\t\t\t\tskin\t\t: \"bar\",\r\n\t\t\t\t\tscrollBarSize\t: \"3\",\r\n\t\t\t\t\tscrollBarColor\t: \"#73edff\",\r\n\t\t\t\t\tscrollBarOpacity: \"1\",\r\n\t\t\t\t\twindowprint\t: \"0\",\r\n\t\t\t\t\tmenuTop: \"0\",\r\n\t\t\t\t\tsocialshare\t: 0,\r\n\t\t\t\t\tsharecount\t: 0,\r\n\t\t\t\t\tfbshare\t\t: 1,\r\n\t\t\t\t\ttwittershare\t: 1,\r\n\t\t\t\t\tgplusshare\t: 0,\r\n\t\t\t\t\tpinshare\t: 0,\r\n\t\t\t\t\ttogglechild\t: 0,\r\n\t\t\t\t\tnoResultsStr: \"No se han encontrado coincidencias\",\r\n\t\t\t\t});\t\r\n\t\t\t});<\/script><div class=\"cleardiv cleardiv-rtl\"><\/div><\/div><!--\/.document-wrapper--><div class=\"cleardiv cleardiv-rtl\"><\/div><\/div><div class=\"cleardiv\"> <\/div><div id=\"documentor-7-end\"><\/div><\/p>\n","protected":false},"excerpt":{"rendered":"","protected":false},"author":1,"featured_media":0,"parent":0,"menu_order":0,"comment_status":"closed","ping_status":"closed","template":"","meta":{"footnotes":""},"_links":{"self":[{"href":"http:\/\/guia-audiovisual.uoc.edu\/es\/wp-json\/wp\/v2\/pages\/595"}],"collection":[{"href":"http:\/\/guia-audiovisual.uoc.edu\/es\/wp-json\/wp\/v2\/pages"}],"about":[{"href":"http:\/\/guia-audiovisual.uoc.edu\/es\/wp-json\/wp\/v2\/types\/page"}],"author":[{"embeddable":true,"href":"http:\/\/guia-audiovisual.uoc.edu\/es\/wp-json\/wp\/v2\/users\/1"}],"replies":[{"embeddable":true,"href":"http:\/\/guia-audiovisual.uoc.edu\/es\/wp-json\/wp\/v2\/comments?post=595"}],"version-history":[{"count":2,"href":"http:\/\/guia-audiovisual.uoc.edu\/es\/wp-json\/wp\/v2\/pages\/595\/revisions"}],"predecessor-version":[{"id":627,"href":"http:\/\/guia-audiovisual.uoc.edu\/es\/wp-json\/wp\/v2\/pages\/595\/revisions\/627"}],"wp:attachment":[{"href":"http:\/\/guia-audiovisual.uoc.edu\/es\/wp-json\/wp\/v2\/media?parent=595"}],"curies":[{"name":"wp","href":"https:\/\/api.w.org\/{rel}","templated":true}]}}