{"id":586,"date":"2017-05-03T14:10:52","date_gmt":"2017-05-03T14:10:52","guid":{"rendered":"http:\/\/guia-audiovisual.uoc.edu\/canals-de-difusio\/"},"modified":"2018-07-16T13:51:40","modified_gmt":"2018-07-16T13:51:40","slug":"canales-audiovisuales","status":"publish","type":"page","link":"http:\/\/guia-audiovisual.uoc.edu\/es\/canales-audiovisuales\/","title":{"rendered":"Canales audiovisuales"},"content":{"rendered":"<p><link rel='stylesheet' href='http:\/\/guia-audiovisual.uoc.edu\/wp-content\/plugins\/documentor\/skins\/bar\/style.css' type='text\/css' media='all' \/><div id=\"documentor-3\" class=\"documentor-bar documentor-wrap\" data-docid = \"3\" data-epid = \"586\" ><div class=\"documentor-topicons doc-noprint\"><span class=\"doc-topiconswrap\"><\/span><div class=\"cleardiv\"><\/div><div class=\"clrright\"><\/div><\/div><div class=\"document-wrapper\"><div class=\"doc-menu doc-noprint\"><span class=\"doc-search\">\r\n\t\t\t\t\t<input type=\"text\" name=\"search_document\" class=\"search-document\" placeholder=\"Busca\" \/>\r\n\t\t\t\t\t<img decoding=\"async\" src=\"http:\/\/guia-audiovisual.uoc.edu\/wp-content\/plugins\/documentor\/skins\/bar\/images\/search.png\" \/>\r\n\t\t\t\t<\/span><div class=\"doc-menurelated\"><ol class=\"doc-list-front\"><li class=\"doc-actli\"><a class=\"documentor-menu\" href=\"#presentacio-2\"  style=\"clear:none;line-height:19px;font-family:helvetica, Helvetica, sans-serif;font-size:14px;font-weight:normal;font-style:normal;color:#000078;\" data-href=\"#presentacio-2\" data-sec-counter=\"1\" data-section-id=\"7\">Presentaci\u00f3<\/a><div class=\"doc-menu-border\"><\/div><\/li><li class=\"doc-actli\"><a class=\"documentor-menu\" href=\"#canals-audiovisuals\"  style=\"clear:none;line-height:19px;font-family:helvetica, Helvetica, sans-serif;font-size:14px;font-weight:normal;font-style:normal;color:#000078;\" data-href=\"#canals-audiovisuals\" data-sec-counter=\"2\" data-section-id=\"8\">Canales audiovisuales<\/a><div class=\"doc-menu-border\"><\/div><\/li><li class=\"doc-actli\"><a class=\"documentor-menu\" href=\"#canal-fotografic\"  style=\"clear:none;line-height:19px;font-family:helvetica, Helvetica, sans-serif;font-size:14px;font-weight:normal;font-style:normal;color:#000078;\" data-href=\"#canal-fotografic\" data-sec-counter=\"3\" data-section-id=\"9\">Canal fotogr\u00e1fico<\/a><div class=\"doc-menu-border\"><\/div><\/li><\/ol><\/div><\/div><div class=\"doc-sec-container\" id=\"documentor_seccontainer\"><div class=\"doc-sectionwrap\" id=\"presentacio-2_wrap\"><div class=\"documentor-section  section-7\" id=\"presentacio-2\" data-section-id=\"7\"><h2 class=\"doc-sec-title\" > <span class=\"doc-sec-count\" style=\"display:none\">1.<\/span><span class=\"title-text\">Presentaci\u00f3<\/span>  <div class=\"documentor-social doc-noprint\"><\/div><a class=\"scrollup doc-noprint\">\u2191 Vuelve arriba<\/a><\/h2><div class=\"doc-sec-content\" style=\"clear:none;line-height:23px;font-family:helvetica, Helvetica, sans-serif;font-size:14px;font-weight:normal;font-style:normal;color:#333333;\"><p>Los canales de difusi\u00f3n sirven para divulgar los v\u00eddeos y las fotograf\u00edas de la UOC. Estos canales son gestionados por Audiovisuales.<\/p>\n<\/div><div class=\"documentor-help\"><div class=\"negative-feedbackform doc-noprint\">\r\n\t\t\t\t\t<\/div><div class=\"feedback-msg doc-noprint\"><\/div><\/div><\/div><\/div><!--.\/doc-sectionwrap--><div class=\"doc-sectionwrap\" id=\"canals-audiovisuals_wrap\"><div class=\"documentor-section  section-8\" id=\"canals-audiovisuals\" data-section-id=\"8\"><h2 class=\"doc-sec-title\" > <span class=\"doc-sec-count\" style=\"display:none\">2.<\/span><span class=\"title-text\">Canales audiovisuales<\/span>  <div class=\"documentor-social doc-noprint\"><\/div><a class=\"scrollup doc-noprint\">\u2191 Vuelve arriba<\/a><\/h2><div class=\"doc-sec-content\" style=\"clear:none;line-height:23px;font-family:helvetica, Helvetica, sans-serif;font-size:14px;font-weight:normal;font-style:normal;color:#333333;\"><p>En la UOC, los canales audiovisuales se clasifican seg\u00fan el tipo de difusi\u00f3n: en diferido o en directo.<\/p>\n<h3><strong>En diferido<\/strong><\/h3>\n<ul>\n<li><strong><a href=\"https:\/\/www.youtube.com\/user\/UOC\" target=\"_blank\" rel=\"noopener noreferrer\">YouTube<\/a>:<\/strong> Canal principal de difusi\u00f3n de v\u00eddeos de la UOC.<\/li>\n<li><strong>Pantallas corporativas: <\/strong>Pantallas instaladas en las sedes de la UOC donde se proyectan los v\u00eddeos institucionales destacados y la agenda de actividades de la comunidad.<\/li>\n<\/ul>\n<p><div id='gallery-1' class='gallery galleryid-586 gallery-columns-1 gallery-size-full'><figure class='gallery-item'>\n\t\t\t<div class='gallery-icon landscape'>\n\t\t\t\t<img loading=\"lazy\" decoding=\"async\" width=\"2215\" height=\"1611\" src=\"http:\/\/guia-audiovisual.uoc.edu\/wp-content\/uploads\/2017\/05\/Pantalla-corporativa-Edifici-C-1.jpg\" class=\"attachment-full size-full\" alt=\"\" aria-describedby=\"gallery-1-1052\" srcset=\"http:\/\/guia-audiovisual.uoc.edu\/wp-content\/uploads\/2017\/05\/Pantalla-corporativa-Edifici-C-1.jpg 2215w, http:\/\/guia-audiovisual.uoc.edu\/wp-content\/uploads\/2017\/05\/Pantalla-corporativa-Edifici-C-1-300x218.jpg 300w, http:\/\/guia-audiovisual.uoc.edu\/wp-content\/uploads\/2017\/05\/Pantalla-corporativa-Edifici-C-1-1024x745.jpg 1024w, http:\/\/guia-audiovisual.uoc.edu\/wp-content\/uploads\/2017\/05\/Pantalla-corporativa-Edifici-C-1-768x559.jpg 768w, http:\/\/guia-audiovisual.uoc.edu\/wp-content\/uploads\/2017\/05\/Pantalla-corporativa-Edifici-C-1-1536x1117.jpg 1536w, http:\/\/guia-audiovisual.uoc.edu\/wp-content\/uploads\/2017\/05\/Pantalla-corporativa-Edifici-C-1-2048x1490.jpg 2048w\" sizes=\"(max-width: 2215px) 100vw, 2215px\" \/>\n\t\t\t<\/div>\n\t\t\t\t<figcaption class='wp-caption-text gallery-caption' id='gallery-1-1052'>\n\t\t\t\tPantalla corporativa Edifici C\n\t\t\t\t<\/figcaption><\/figure>\n\t\t<\/div>\n<\/p>\n<h3><strong>En directo<\/strong><\/h3>\n<ul>\n<li><strong><a href=\"https:\/\/www.facebook.com\/UOC.universitat\/\" target=\"_blank\" rel=\"noopener noreferrer\">YouTube\u00a0Live<\/a>:<\/strong>\u00a0Emisi\u00f3n en directo de un evento mediante la p\u00e1gina oficial de YouTube de la UOC.<\/li>\n<\/ul>\n<p><img loading=\"lazy\" decoding=\"async\" class=\"alignnone wp-image-830\" src=\"https:\/\/guia-audiovisual.uoc.edu\/wp-content\/uploads\/2017\/05\/Captura-YouTube-3-300x137.jpg\" alt=\"\" width=\"596\" height=\"272\" srcset=\"http:\/\/guia-audiovisual.uoc.edu\/wp-content\/uploads\/2017\/05\/Captura-YouTube-3-300x137.jpg 300w, http:\/\/guia-audiovisual.uoc.edu\/wp-content\/uploads\/2017\/05\/Captura-YouTube-3-768x351.jpg 768w, http:\/\/guia-audiovisual.uoc.edu\/wp-content\/uploads\/2017\/05\/Captura-YouTube-3-1024x469.jpg 1024w, http:\/\/guia-audiovisual.uoc.edu\/wp-content\/uploads\/2017\/05\/Captura-YouTube-3.jpg 1263w\" sizes=\"(max-width: 596px) 100vw, 596px\" \/><\/p>\n<ul>\n<li><strong><a href=\"https:\/\/www.facebook.com\/UOC.universitat\/\" target=\"_blank\" rel=\"noopener noreferrer\">Facebook Live<\/a>:<\/strong> Emisi\u00f3n en directo de un evento mediante la p\u00e1gina oficial de Facebook de la UOC.<\/li>\n<\/ul>\n<p><div id='gallery-2' class='gallery galleryid-586 gallery-columns-1 gallery-size-full'><figure class='gallery-item'>\n\t\t\t<div class='gallery-icon landscape'>\n\t\t\t\t<img loading=\"lazy\" decoding=\"async\" width=\"800\" height=\"512\" src=\"http:\/\/guia-audiovisual.uoc.edu\/wp-content\/uploads\/2017\/05\/facebook-live-uoc.jpg\" class=\"attachment-full size-full\" alt=\"\" aria-describedby=\"gallery-2-284\" srcset=\"http:\/\/guia-audiovisual.uoc.edu\/wp-content\/uploads\/2017\/05\/facebook-live-uoc.jpg 800w, http:\/\/guia-audiovisual.uoc.edu\/wp-content\/uploads\/2017\/05\/facebook-live-uoc-300x192.jpg 300w, http:\/\/guia-audiovisual.uoc.edu\/wp-content\/uploads\/2017\/05\/facebook-live-uoc-768x492.jpg 768w\" sizes=\"(max-width: 800px) 100vw, 800px\" \/>\n\t\t\t<\/div>\n\t\t\t\t<figcaption class='wp-caption-text gallery-caption' id='gallery-2-284'>\n\t\t\t\tFacebook Live\n\t\t\t\t<\/figcaption><\/figure>\n\t\t<\/div>\n<\/p>\n<\/div><div class=\"documentor-help\"><div class=\"negative-feedbackform doc-noprint\">\r\n\t\t\t\t\t<\/div><div class=\"feedback-msg doc-noprint\"><\/div><\/div><\/div><\/div><!--.\/doc-sectionwrap--><div class=\"doc-sectionwrap\" id=\"canal-fotografic_wrap\"><div class=\"documentor-section  section-9\" id=\"canal-fotografic\" data-section-id=\"9\"><h2 class=\"doc-sec-title\" > <span class=\"doc-sec-count\" style=\"display:none\">3.<\/span><span class=\"title-text\">Canal fotogr\u00e1fico<\/span>  <div class=\"documentor-social doc-noprint\"><\/div><a class=\"scrollup doc-noprint\">\u2191 Vuelve arriba<\/a><\/h2><div class=\"doc-sec-content\" style=\"clear:none;line-height:23px;font-family:helvetica, Helvetica, sans-serif;font-size:14px;font-weight:normal;font-style:normal;color:#333333;\"><p>El canal de repositorio fotogr\u00e1fico de la UOC es <strong><a href=\"https:\/\/www.flickr.com\/photos\/uoc_universitat\/\" target=\"_blank\" rel=\"noopener noreferrer\">Flickr<\/a><\/strong>, por su capacidad para almacenar fotograf\u00edas de los actos institucionales en alta resoluci\u00f3n.<\/p>\n<p><div id='gallery-3' class='gallery galleryid-586 gallery-columns-1 gallery-size-full'><figure class='gallery-item'>\n\t\t\t<div class='gallery-icon landscape'>\n\t\t\t\t<img loading=\"lazy\" decoding=\"async\" width=\"1105\" height=\"783\" src=\"http:\/\/guia-audiovisual.uoc.edu\/wp-content\/uploads\/2017\/05\/flickr.jpg\" class=\"attachment-full size-full\" alt=\"\" aria-describedby=\"gallery-3-548\" srcset=\"http:\/\/guia-audiovisual.uoc.edu\/wp-content\/uploads\/2017\/05\/flickr.jpg 1105w, http:\/\/guia-audiovisual.uoc.edu\/wp-content\/uploads\/2017\/05\/flickr-300x213.jpg 300w, http:\/\/guia-audiovisual.uoc.edu\/wp-content\/uploads\/2017\/05\/flickr-768x544.jpg 768w, http:\/\/guia-audiovisual.uoc.edu\/wp-content\/uploads\/2017\/05\/flickr-1024x726.jpg 1024w\" sizes=\"(max-width: 1105px) 100vw, 1105px\" \/>\n\t\t\t<\/div>\n\t\t\t\t<figcaption class='wp-caption-text gallery-caption' id='gallery-3-548'>\n\t\t\t\tFlickr\n\t\t\t\t<\/figcaption><\/figure>\n\t\t<\/div>\n<\/p>\n<\/div><div class=\"documentor-help\"><div class=\"negative-feedbackform doc-noprint\">\r\n\t\t\t\t\t<\/div><div class=\"feedback-msg doc-noprint\"><\/div><\/div><\/div><\/div><!--.\/doc-sectionwrap--><\/div><!--.doc-sec-container--><div id=\"sugestedit_popup3\" class=\"sugestedit_popup\">\r\n\t\t\t\t<a class=\"modal_close\"><\/a>\r\n\t\t\t\t<form name=\"documentor-suggestform\" method=\"post\" class=\"documentor-suggestform\">\r\n\t\t\t\t\t<div class=\"doc-frmdiv\" style=\"font-weight: bold;\">Suggest Edit\r\n\t\t\t\t\t<\/div>\r\n\t\t\t\t\t<div class=\"doc-frmdiv\">\r\n\t\t\t\t\t\t<input type=\"text\" name=\"sec_title\" class=\"sedit-sectitle txtinput\" value=\"\" \/>\r\n\t\t\t\t\t<\/div><div class=\"doc-frmdiv\">\r\n\t\t\t\t\t\t\t<input type=\"text\" name=\"name\" class=\"txtinput\" placeholder=\"Name\" required \/>\r\n\t\t\t\t\t\t<\/div><div class=\"doc-frmdiv\">\r\n\t\t\t\t\t\t\t<input type=\"email\" class=\"emailinput\" placeholder=\"Email\" name=\"email\" required \/> \r\n\t\t\t\t\t\t<\/div><div class=\"doc-frmdiv\">\r\n\t\t\t\t\t\t\t<textarea name=\"content\" class=\"textareainput\" placeholder=\"Post your suggestion...\" required><\/textarea>\r\n\t\t\t\t\t\t<\/div><div class=\"doc-frmdiv\"><label> Captcha :&nbsp; <\/label><span class=\"doc-sedit-captcha\"><\/span><\/div><input type=\"hidden\" class=\"sedit-secid\" name=\"secid\" value=\"\" \/>\r\n\t\t\t\t\t<input type=\"hidden\" class=\"sedit-postid\" name=\"sedit_postid\" value=\"\" \/>\r\n\t\t\t\t\t<input type=\"hidden\" class=\"sedit-docid\" name=\"docid\" value=\"3\" \/>\r\n\t\t\t\t\t<button class=\"docsubmit-suggestform\"> Submit <\/button>\r\n\t\t\t\t<\/form>\r\n\t\t\t<\/div><script type=\"text\/javascript\">\r\n\t\t\tjQuery(document).ready(function(){\r\n\t\t\t\tjQuery(\"#documentor-3\").documentor({\r\n\t\t\t\t\tdocumentid\t: 3,\r\n\t\t\t\t\tdocid\t\t: \"documentor-3\",\r\n\t\t\t\t\tanimation\t: \"\",\r\n\t\t\t\t\tindexformat\t: \"0\",\r\n\t\t\t\t\tpformat\t\t: \"decimal\",\r\n\t\t\t\t\tcformat\t\t: \"decimal\",\t\t\t\t\t\r\n\t\t\t\t\tsecstyle\t: \"\",\r\n\t\t\t\t\tactnavbg_default: \"1\",\r\n\t\t\t\t\tactnavbg_color\t: \"\",\r\n\t\t\t\t\tenable_ajax\t: \"0\",\r\n\t\t\t\t\tscrolling\t: \"1\",\r\n\t\t\t\t\tfixmenu\t\t: \"1\",\r\n\t\t\t\t\tskin\t\t: \"bar\",\r\n\t\t\t\t\tscrollBarSize\t: \"3\",\r\n\t\t\t\t\tscrollBarColor\t: \"#73edff\",\r\n\t\t\t\t\tscrollBarOpacity: \"1\",\r\n\t\t\t\t\twindowprint\t: \"0\",\r\n\t\t\t\t\tmenuTop: \"0\",\r\n\t\t\t\t\tsocialshare\t: 0,\r\n\t\t\t\t\tsharecount\t: 0,\r\n\t\t\t\t\tfbshare\t\t: 1,\r\n\t\t\t\t\ttwittershare\t: 1,\r\n\t\t\t\t\tgplusshare\t: 0,\r\n\t\t\t\t\tpinshare\t: 0,\r\n\t\t\t\t\ttogglechild\t: 0,\r\n\t\t\t\t\tnoResultsStr: \"No se han encontrado coincidencias\",\r\n\t\t\t\t});\t\r\n\t\t\t});<\/script><div class=\"cleardiv cleardiv-rtl\"><\/div><\/div><!--\/.document-wrapper--><div class=\"cleardiv cleardiv-rtl\"><\/div><\/div><div class=\"cleardiv\"> <\/div><div id=\"documentor-3-end\"><\/div><\/p>\n","protected":false},"excerpt":{"rendered":"<p>Camp \u00abExtracte\u00bb per incoloure informaci\u00f3 extra de la p\u00e0gina<\/p>\n","protected":false},"author":1,"featured_media":0,"parent":0,"menu_order":0,"comment_status":"closed","ping_status":"closed","template":"","meta":{"footnotes":""},"_links":{"self":[{"href":"http:\/\/guia-audiovisual.uoc.edu\/es\/wp-json\/wp\/v2\/pages\/586"}],"collection":[{"href":"http:\/\/guia-audiovisual.uoc.edu\/es\/wp-json\/wp\/v2\/pages"}],"about":[{"href":"http:\/\/guia-audiovisual.uoc.edu\/es\/wp-json\/wp\/v2\/types\/page"}],"author":[{"embeddable":true,"href":"http:\/\/guia-audiovisual.uoc.edu\/es\/wp-json\/wp\/v2\/users\/1"}],"replies":[{"embeddable":true,"href":"http:\/\/guia-audiovisual.uoc.edu\/es\/wp-json\/wp\/v2\/comments?post=586"}],"version-history":[{"count":2,"href":"http:\/\/guia-audiovisual.uoc.edu\/es\/wp-json\/wp\/v2\/pages\/586\/revisions"}],"predecessor-version":[{"id":629,"href":"http:\/\/guia-audiovisual.uoc.edu\/es\/wp-json\/wp\/v2\/pages\/586\/revisions\/629"}],"wp:attachment":[{"href":"http:\/\/guia-audiovisual.uoc.edu\/es\/wp-json\/wp\/v2\/media?parent=586"}],"curies":[{"name":"wp","href":"https:\/\/api.w.org\/{rel}","templated":true}]}}