{"id":584,"date":"2017-05-03T14:11:20","date_gmt":"2017-05-03T14:11:20","guid":{"rendered":"http:\/\/guia-audiovisual.uoc.edu\/publica-un-video\/"},"modified":"2018-07-16T13:51:04","modified_gmt":"2018-07-16T13:51:04","slug":"publicacion-de-videos","status":"publish","type":"page","link":"http:\/\/guia-audiovisual.uoc.edu\/es\/publicacion-de-videos\/","title":{"rendered":"Publicaci\u00f3n de v\u00eddeos"},"content":{"rendered":"<p><link rel='stylesheet' href='http:\/\/guia-audiovisual.uoc.edu\/wp-content\/plugins\/documentor\/skins\/bar\/style.css' type='text\/css' media='all' \/><div id=\"documentor-5\" class=\"documentor-bar documentor-wrap\" data-docid = \"5\" data-epid = \"584\" ><div class=\"documentor-topicons doc-noprint\"><span class=\"doc-topiconswrap\"><\/span><div class=\"cleardiv\"><\/div><div class=\"clrright\"><\/div><\/div><div class=\"document-wrapper\"><div class=\"doc-menu doc-noprint\"><span class=\"doc-search\">\r\n\t\t\t\t\t<input type=\"text\" name=\"search_document\" class=\"search-document\" placeholder=\"Busca\" \/>\r\n\t\t\t\t\t<img decoding=\"async\" src=\"http:\/\/guia-audiovisual.uoc.edu\/wp-content\/plugins\/documentor\/skins\/bar\/images\/search.png\" \/>\r\n\t\t\t\t<\/span><div class=\"doc-menurelated\"><ol class=\"doc-list-front\"><li class=\"doc-actli\"><a class=\"documentor-menu\" href=\"#presentacio-9\"  style=\"clear:none;line-height:19px;font-family:helvetica, Helvetica, sans-serif;font-size:14px;font-weight:normal;font-style:normal;color:#000078;\" data-href=\"#presentacio-9\" data-sec-counter=\"1\" data-section-id=\"53\">Presentaci\u00f3<\/a><div class=\"doc-menu-border\"><\/div><\/li><li class=\"doc-actli\"><a class=\"documentor-menu\" href=\"#publicacio-de-videos\"  style=\"clear:none;line-height:19px;font-family:helvetica, Helvetica, sans-serif;font-size:14px;font-weight:normal;font-style:normal;color:#000078;\" data-href=\"#publicacio-de-videos\" data-sec-counter=\"2\" data-section-id=\"21\">Publicaci\u00f3n de v\u00eddeos <\/a><div class=\"doc-menu-border\"><\/div><\/li><li class=\"doc-actli\"><a class=\"documentor-menu\" href=\"#videos-institucionals-amb-subtitulacio-2\"  style=\"clear:none;line-height:19px;font-family:helvetica, Helvetica, sans-serif;font-size:14px;font-weight:normal;font-style:normal;color:#000078;\" data-href=\"#videos-institucionals-amb-subtitulacio-2\" data-sec-counter=\"3\" data-section-id=\"22\">Env\u00edo y compartici\u00f3n de v\u00eddeos<\/a><div class=\"doc-menu-border\"><\/div><\/li><\/ol><\/div><\/div><div class=\"doc-sec-container\" id=\"documentor_seccontainer\"><div class=\"doc-sectionwrap\" id=\"presentacio-9_wrap\"><div class=\"documentor-section  section-53\" id=\"presentacio-9\" data-section-id=\"53\"><h2 class=\"doc-sec-title\" > <span class=\"doc-sec-count\" style=\"display:none\">1.<\/span><span class=\"title-text\">Presentaci\u00f3<\/span>  <div class=\"documentor-social doc-noprint\"><\/div><a class=\"scrollup doc-noprint\">\u2191 Vuelve arriba<\/a><\/h2><div class=\"doc-sec-content\" style=\"clear:none;line-height:23px;font-family:helvetica, Helvetica, sans-serif;font-size:14px;font-weight:normal;font-style:normal;color:#333333;\"><\/div><\/div><\/div><!--.\/doc-sectionwrap--><div class=\"doc-sectionwrap\" id=\"publicacio-de-videos_wrap\"><div class=\"documentor-section  section-21\" id=\"publicacio-de-videos\" data-section-id=\"21\"><h2 class=\"doc-sec-title\" > <span class=\"doc-sec-count\" style=\"display:none\">2.<\/span><span class=\"title-text\">Publicaci\u00f3n de v\u00eddeos <\/span>  <div class=\"documentor-social doc-noprint\"><\/div><a class=\"scrollup doc-noprint\">\u2191 Vuelve arriba<\/a><\/h2><div class=\"doc-sec-content\" style=\"clear:none;line-height:23px;font-family:helvetica, Helvetica, sans-serif;font-size:14px;font-weight:normal;font-style:normal;color:#333333;\"><h3>Circuito general<\/h3>\n<p>Una vez terminado el proyecto audiovisual, haz la petici\u00f3n de publicaci\u00f3n en el canal oficial <strong>YouTube <\/strong>de la UOC mediante este <a href=\"https:\/\/forms.gle\/cYgNbp6fKqD5h1QDA\" target=\"_blank\" rel=\"noopener noreferrer\">formulario<\/a>. Siempre que la aplicaci\u00f3n de marca sea correcta, el v\u00eddeo <strong>publicar\u00e1 en\u00a0cuarenta y ocho horas.\u00a0<\/strong><\/p>\n<p>Comunicaci\u00f3n Digital\u00a0te <strong>facilitar\u00e1 una URL del v\u00eddeo publicado<\/strong> para que puedas realizar la incrustaci\u00f3n (<em>embed<\/em>) donde consideres oportuno.<\/p>\n<p>Consulta, antes de publicarlo, <a class=\"\" href=\"https:\/\/campus.uoc.edu\/webapps\/intrauoc2\/documents\/10530\/2430670\/Pautas+de+estilo+en+el+YouTube+UOC\/058a0c74-3a85-48ad-839e-6cedb3429389\" target=\"_blank\" rel=\"noopener noreferrer\"><u>las pautas de estilo del contenido para la publicaci\u00f3n en YouTube<\/u><\/a>.<\/p>\n<h3><\/h3>\n<h3>Circuito para v\u00eddeos docentes<\/h3>\n<p>Para publicar un v\u00eddeo en el aula,<strong> el equipo acad\u00e9mico dispone de sus propios canales en el aula<\/strong>, pero si fuera necesario tambi\u00e9n se puede usar el canal oficial de <strong>YouTube<\/strong> para incrustarlo en el aula mediante el c\u00f3digo <em>embed, <\/em><strong>Hay que recordar que a trav\u00e9s de YouTube no se puede garantizar la privacidad en la difusi\u00f3n del contenido<\/strong>.<\/p>\n<p>Por tanto, puedes publicar un v\u00eddeo docente en acceso abierto, pero antes hay que tener en cuenta que los v\u00eddeos docentes con encargo de autor\u00eda estar\u00e1n <strong> blindados <\/strong>durante los<strong> seis primeros semestres<\/strong>, siguiendo el mismo criterio que se aplica en los m\u00f3dulos de la UOC.<\/p>\n<p>Una vez transcurrido este plazo, si se considera oportuno podr\u00e1s publicar el v\u00eddeo en acceso abierto en los canales audiovisuales institucionales.<\/p>\n<\/div><div class=\"documentor-help\"><div class=\"negative-feedbackform doc-noprint\">\r\n\t\t\t\t\t<\/div><div class=\"feedback-msg doc-noprint\"><\/div><\/div><\/div><\/div><!--.\/doc-sectionwrap--><div class=\"doc-sectionwrap\" id=\"videos-institucionals-amb-subtitulacio-2_wrap\"><div class=\"documentor-section  section-22\" id=\"videos-institucionals-amb-subtitulacio-2\" data-section-id=\"22\"><h2 class=\"doc-sec-title\" > <span class=\"doc-sec-count\" style=\"display:none\">3.<\/span><span class=\"title-text\">Env\u00edo y compartici\u00f3n de v\u00eddeos<\/span>  <div class=\"documentor-social doc-noprint\"><\/div><a class=\"scrollup doc-noprint\">\u2191 Vuelve arriba<\/a><\/h2><div class=\"doc-sec-content\" style=\"clear:none;line-height:23px;font-family:helvetica, Helvetica, sans-serif;font-size:14px;font-weight:normal;font-style:normal;color:#333333;\"><p>Si quieres compartir un v\u00eddeo con alguna persona de la comunidad UOC,\u00a0utiliza el Drive de esta universidad, pues dispones de capacidad suficiente para almacenar tus archivos<\/p>\n<p>Si quieres enviar estos archivos a personas que no trabajan en la UOC (o recibirlos), te recomendamos estas plataformas:<\/p>\n<ul>\n<li><strong><a href=\"https:\/\/wetransfer.com\" target=\"_blank\" rel=\"noopener noreferrer\">Wetransfer<\/a><\/strong>, con un l\u00edmite de 2 Gb<\/li>\n<li><strong><a href=\"https:\/\/fly.red\/\" target=\"_blank\" rel=\"noopener noreferrer\">Flyred<\/a><\/strong>, con un l\u00edmite de 5 Gb.<\/li>\n<li><strong><a href=\"https:\/\/www.jumbomail.me\/es\/?utm_source=ignaciosantiago&amp;utm_medium=blog_post\" target=\"_blank\" rel=\"noopener noreferrer\">Jumbomail<\/a><\/strong>, con un l\u00edmite de 5 Gb.<\/li>\n<li><a href=\"https:\/\/www.filemail.com\" target=\"_blank\" rel=\"noopener noreferrer\"><strong>Filemail<\/strong><\/a>, con un l\u00edmite de 30 Gb.<\/li>\n<\/ul>\n<p>&nbsp;<\/p>\n<\/div><div class=\"documentor-help\"><div class=\"negative-feedbackform doc-noprint\">\r\n\t\t\t\t\t<\/div><div class=\"feedback-msg doc-noprint\"><\/div><\/div><\/div><\/div><!--.\/doc-sectionwrap--><\/div><!--.doc-sec-container--><div id=\"sugestedit_popup5\" class=\"sugestedit_popup\">\r\n\t\t\t\t<a class=\"modal_close\"><\/a>\r\n\t\t\t\t<form name=\"documentor-suggestform\" method=\"post\" class=\"documentor-suggestform\">\r\n\t\t\t\t\t<div class=\"doc-frmdiv\" style=\"font-weight: bold;\">Suggest Edit\r\n\t\t\t\t\t<\/div>\r\n\t\t\t\t\t<div class=\"doc-frmdiv\">\r\n\t\t\t\t\t\t<input type=\"text\" name=\"sec_title\" class=\"sedit-sectitle txtinput\" value=\"\" \/>\r\n\t\t\t\t\t<\/div><div class=\"doc-frmdiv\">\r\n\t\t\t\t\t\t\t<input type=\"text\" name=\"name\" class=\"txtinput\" placeholder=\"Name\" required \/>\r\n\t\t\t\t\t\t<\/div><div class=\"doc-frmdiv\">\r\n\t\t\t\t\t\t\t<input type=\"email\" class=\"emailinput\" placeholder=\"Email\" name=\"email\" required \/> \r\n\t\t\t\t\t\t<\/div><div class=\"doc-frmdiv\">\r\n\t\t\t\t\t\t\t<textarea name=\"content\" class=\"textareainput\" placeholder=\"Post your suggestion...\" required><\/textarea>\r\n\t\t\t\t\t\t<\/div><div class=\"doc-frmdiv\"><label> Captcha :&nbsp; <\/label><span class=\"doc-sedit-captcha\"><\/span><\/div><input type=\"hidden\" class=\"sedit-secid\" name=\"secid\" value=\"\" \/>\r\n\t\t\t\t\t<input type=\"hidden\" class=\"sedit-postid\" name=\"sedit_postid\" value=\"\" \/>\r\n\t\t\t\t\t<input type=\"hidden\" class=\"sedit-docid\" name=\"docid\" value=\"5\" \/>\r\n\t\t\t\t\t<button class=\"docsubmit-suggestform\"> Submit <\/button>\r\n\t\t\t\t<\/form>\r\n\t\t\t<\/div><script type=\"text\/javascript\">\r\n\t\t\tjQuery(document).ready(function(){\r\n\t\t\t\tjQuery(\"#documentor-5\").documentor({\r\n\t\t\t\t\tdocumentid\t: 5,\r\n\t\t\t\t\tdocid\t\t: \"documentor-5\",\r\n\t\t\t\t\tanimation\t: \"\",\r\n\t\t\t\t\tindexformat\t: \"0\",\r\n\t\t\t\t\tpformat\t\t: \"decimal\",\r\n\t\t\t\t\tcformat\t\t: \"decimal\",\t\t\t\t\t\r\n\t\t\t\t\tsecstyle\t: \"\",\r\n\t\t\t\t\tactnavbg_default: \"1\",\r\n\t\t\t\t\tactnavbg_color\t: \"\",\r\n\t\t\t\t\tenable_ajax\t: \"0\",\r\n\t\t\t\t\tscrolling\t: \"1\",\r\n\t\t\t\t\tfixmenu\t\t: \"1\",\r\n\t\t\t\t\tskin\t\t: \"bar\",\r\n\t\t\t\t\tscrollBarSize\t: \"3\",\r\n\t\t\t\t\tscrollBarColor\t: \"#73edff\",\r\n\t\t\t\t\tscrollBarOpacity: \"1\",\r\n\t\t\t\t\twindowprint\t: \"0\",\r\n\t\t\t\t\tmenuTop: \"0\",\r\n\t\t\t\t\tsocialshare\t: 0,\r\n\t\t\t\t\tsharecount\t: 0,\r\n\t\t\t\t\tfbshare\t\t: 1,\r\n\t\t\t\t\ttwittershare\t: 1,\r\n\t\t\t\t\tgplusshare\t: 0,\r\n\t\t\t\t\tpinshare\t: 0,\r\n\t\t\t\t\ttogglechild\t: 0,\r\n\t\t\t\t\tnoResultsStr: \"No se han encontrado coincidencias\",\r\n\t\t\t\t});\t\r\n\t\t\t});<\/script><div class=\"cleardiv cleardiv-rtl\"><\/div><\/div><!--\/.document-wrapper--><div class=\"cleardiv cleardiv-rtl\"><\/div><\/div><div class=\"cleardiv\"> <\/div><div id=\"documentor-5-end\"><\/div><\/p>\n","protected":false},"excerpt":{"rendered":"","protected":false},"author":1,"featured_media":0,"parent":0,"menu_order":0,"comment_status":"closed","ping_status":"closed","template":"","meta":{"footnotes":""},"_links":{"self":[{"href":"http:\/\/guia-audiovisual.uoc.edu\/es\/wp-json\/wp\/v2\/pages\/584"}],"collection":[{"href":"http:\/\/guia-audiovisual.uoc.edu\/es\/wp-json\/wp\/v2\/pages"}],"about":[{"href":"http:\/\/guia-audiovisual.uoc.edu\/es\/wp-json\/wp\/v2\/types\/page"}],"author":[{"embeddable":true,"href":"http:\/\/guia-audiovisual.uoc.edu\/es\/wp-json\/wp\/v2\/users\/1"}],"replies":[{"embeddable":true,"href":"http:\/\/guia-audiovisual.uoc.edu\/es\/wp-json\/wp\/v2\/comments?post=584"}],"version-history":[{"count":2,"href":"http:\/\/guia-audiovisual.uoc.edu\/es\/wp-json\/wp\/v2\/pages\/584\/revisions"}],"predecessor-version":[{"id":628,"href":"http:\/\/guia-audiovisual.uoc.edu\/es\/wp-json\/wp\/v2\/pages\/584\/revisions\/628"}],"wp:attachment":[{"href":"http:\/\/guia-audiovisual.uoc.edu\/es\/wp-json\/wp\/v2\/media?parent=584"}],"curies":[{"name":"wp","href":"https:\/\/api.w.org\/{rel}","templated":true}]}}