{"id":579,"date":"2017-04-13T10:43:39","date_gmt":"2017-04-13T10:43:39","guid":{"rendered":"http:\/\/guia-audiovisual.uoc.edu\/diversitat-i-genere\/"},"modified":"2018-07-16T13:58:38","modified_gmt":"2018-07-16T13:58:38","slug":"diversidad-y-genero","status":"publish","type":"page","link":"http:\/\/guia-audiovisual.uoc.edu\/es\/diversidad-y-genero\/","title":{"rendered":"Diversidad y g\u00e9nero"},"content":{"rendered":"<p><link rel='stylesheet' href='http:\/\/guia-audiovisual.uoc.edu\/wp-content\/plugins\/documentor\/skins\/bar\/style.css' type='text\/css' media='all' \/><div id=\"documentor-6\" class=\"documentor-bar documentor-wrap\" data-docid = \"6\" data-epid = \"579\" ><div class=\"documentor-topicons doc-noprint\"><span class=\"doc-topiconswrap\"><\/span><div class=\"cleardiv\"><\/div><div class=\"clrright\"><\/div><\/div><div class=\"document-wrapper\"><div class=\"doc-menu doc-noprint\"><span class=\"doc-search\">\r\n\t\t\t\t\t<input type=\"text\" name=\"search_document\" class=\"search-document\" placeholder=\"Busca\" \/>\r\n\t\t\t\t\t<img decoding=\"async\" src=\"http:\/\/guia-audiovisual.uoc.edu\/wp-content\/plugins\/documentor\/skins\/bar\/images\/search.png\" \/>\r\n\t\t\t\t<\/span><div class=\"doc-menurelated\"><ol class=\"doc-list-front\"><li class=\"doc-actli\"><a class=\"documentor-menu\" href=\"#presentacio-5\"  style=\"clear:none;line-height:19px;font-family:helvetica, Helvetica, sans-serif;font-size:14px;font-weight:normal;font-style:normal;color:#000078;\" data-href=\"#presentacio-5\" data-sec-counter=\"1\" data-section-id=\"25\">Presentaci\u00f3n<\/a><div class=\"doc-menu-border\"><\/div><\/li><li class=\"doc-actli\"><a class=\"documentor-menu\" href=\"#pautes-generals\"  style=\"clear:none;line-height:19px;font-family:helvetica, Helvetica, sans-serif;font-size:14px;font-weight:normal;font-style:normal;color:#000078;\" data-href=\"#pautes-generals\" data-sec-counter=\"2\" data-section-id=\"26\">Pautas generales<\/a><div class=\"doc-menu-border\"><\/div><\/li><li class=\"doc-actli\"><a class=\"documentor-menu\" href=\"#diversitat-i-genere-en-la-produccio-audiovisual\"  style=\"clear:none;line-height:19px;font-family:helvetica, Helvetica, sans-serif;font-size:14px;font-weight:normal;font-style:normal;color:#000078;\" data-href=\"#diversitat-i-genere-en-la-produccio-audiovisual\" data-sec-counter=\"3\" data-section-id=\"27\">Diversidad y g\u00e9nero en la producci\u00f3n audiovisual<\/a><div class=\"doc-menu-border\"><\/div><\/li><\/ol><\/div><\/div><div class=\"doc-sec-container\" id=\"documentor_seccontainer\"><div class=\"doc-sectionwrap\" id=\"presentacio-5_wrap\"><div class=\"documentor-section  section-25\" id=\"presentacio-5\" data-section-id=\"25\"><h2 class=\"doc-sec-title\" > <span class=\"doc-sec-count\" style=\"display:none\">1.<\/span><span class=\"title-text\">Presentaci\u00f3n<\/span>  <div class=\"documentor-social doc-noprint\"><\/div><a class=\"scrollup doc-noprint\">\u2191 Vuelve arriba<\/a><\/h2><div class=\"doc-sec-content\" style=\"clear:none;line-height:23px;font-family:helvetica, Helvetica, sans-serif;font-size:14px;font-weight:normal;font-style:normal;color:#333333;\"><p>Desde la UOC nos comprometemos a ofrecer un fiel reflejo de la sociedad en todos los \u00e1mbitos que la integran.<\/p>\n<p>Nuestros contenidos audiovisuales deben garantizar la <strong>diversidad y la perspectiva de g\u00e9nero<\/strong>, a fin de mostrar de la manera m\u00e1s amplia posible la realidad y el conjunto de los valores que la sociedad considera que le son propios.<\/p>\n<p>A continuaci\u00f3n puedes <strong>las principales recomendaciones y pautas<\/strong> que hay que seguir para el correcto tratamiento de la diversidad y del g\u00e9nero en el proceso de producci\u00f3n audiovisual.<\/p>\n<\/div><div class=\"documentor-help\"><div class=\"negative-feedbackform doc-noprint\">\r\n\t\t\t\t\t<\/div><div class=\"feedback-msg doc-noprint\"><\/div><\/div><\/div><\/div><!--.\/doc-sectionwrap--><div class=\"doc-sectionwrap\" id=\"pautes-generals_wrap\"><div class=\"documentor-section  section-26\" id=\"pautes-generals\" data-section-id=\"26\"><h2 class=\"doc-sec-title\" > <span class=\"doc-sec-count\" style=\"display:none\">2.<\/span><span class=\"title-text\">Pautas generales<\/span>  <div class=\"documentor-social doc-noprint\"><\/div><a class=\"scrollup doc-noprint\">\u2191 Vuelve arriba<\/a><\/h2><div class=\"doc-sec-content\" style=\"clear:none;line-height:23px;font-family:helvetica, Helvetica, sans-serif;font-size:14px;font-weight:normal;font-style:normal;color:#333333;\"><ul>\n<li>Vela por una imagen corporativa e institucional que respete el<strong> principio de igualdad <\/strong>de oportunidades entre mujeres y hombres.<\/li>\n<li>Trata los contenidos desde una perspectiva que permita presentar y analizar la realidad social a partir de la<strong> diversidad de g\u00e9nero<\/strong>.<\/li>\n<li>Refleja equilibradamente la diversidad de la sociedad y trata el g\u00e9nero de una manera <strong>igualitaria<\/strong> a la hora de seleccionar testigos, expertos y colaboradores en los contenidos.<\/li>\n<\/ul>\n<\/div><div class=\"documentor-help\"><div class=\"negative-feedbackform doc-noprint\">\r\n\t\t\t\t\t<\/div><div class=\"feedback-msg doc-noprint\"><\/div><\/div><\/div><\/div><!--.\/doc-sectionwrap--><div class=\"doc-sectionwrap\" id=\"diversitat-i-genere-en-la-produccio-audiovisual_wrap\"><div class=\"documentor-section  section-27\" id=\"diversitat-i-genere-en-la-produccio-audiovisual\" data-section-id=\"27\"><h2 class=\"doc-sec-title\" > <span class=\"doc-sec-count\" style=\"display:none\">3.<\/span><span class=\"title-text\">Diversidad y g\u00e9nero en la producci\u00f3n audiovisual<\/span>  <div class=\"documentor-social doc-noprint\"><\/div><a class=\"scrollup doc-noprint\">\u2191 Vuelve arriba<\/a><\/h2><div class=\"doc-sec-content\" style=\"clear:none;line-height:23px;font-family:helvetica, Helvetica, sans-serif;font-size:14px;font-weight:normal;font-style:normal;color:#333333;\"><p>Es necesario que tengas en cuenta el tratamiento de g\u00e9nero y la diversidad en los distintos elementos y fases de la producci\u00f3n audiovisual: contenidos, formatos, lenguaje, elementos gr\u00e1ficos y elementos sonoros. Te hacemos algunas recomendaciones:<\/p>\n<div class=\"table-container\">\n<table>\n<tbody>\n<tr>\n<td width=\"123\"><strong>Continguts<\/strong><\/td>\n<td width=\"481\">\n<ul>\n<li>Promueve la diversidad de g\u00e9nero en los <strong>testigos, expertos y entrevistados<\/strong>.<\/li>\n<li>Promueve la presencia de<strong> mujeres <\/strong>expertas en diferentes materias, especialmente en los \u00e1mbitos considerados tradicionalmente masculinos. Fomenta la participaci\u00f3n de <strong>hombres<\/strong> para tratar temas considerados tradicionalmente femeninos.<\/li>\n<li>Evita atribuir caracter\u00edsticas <strong> estereotipadas<\/strong> o reforzar <strong>roles<\/strong> vinculados tradicionalmente a un sexo determinado.<\/li>\n<li>No presentes sistem\u00e1ticamente a las mujeres como v\u00edctimas u objetos er\u00f3ticos.<\/li>\n<li>Refleja la diversidad de<strong> toda la ciudadan\u00eda<\/strong>, sin discriminar a nadie por su origen, etnia, sexo, creencia, cultura, lengua, ideas, condici\u00f3n familiar o socioecon\u00f3mica, situaci\u00f3n f\u00edsica o ps\u00edquica, orientaci\u00f3n sexual u otras circunstancias.<\/li>\n<li>Dedica una atenci\u00f3n especial a las <strong>minorias<\/strong> y los grupos m\u00e1s desfavorecidos social y econ\u00f3micamente.<\/li>\n<\/ul>\n<\/td>\n<\/tr>\n<tr>\n<td width=\"123\"><strong>Lenguaje<\/strong><\/td>\n<td width=\"481\">\n<ul>\n<li>Procura que los t\u00e9rminos utilizados incluyan tanto a las mujeres como a los hombres. Descarta la reproducci\u00f3n de <strong>estereotipos<\/strong> de g\u00e9nero y el uso de un lenguaje sexista.<\/li>\n<li>Busca la <strong>simetr\u00eda <\/strong> en el tratamiento de los hombres y las mujeres.\n<pre>Ejemplo: <em>El se\u00f1or gerente y la se\u00f1ora decana <\/em> mejor que <em>el se\u00f1or gerente y la decana<\/em>.<\/pre>\n<\/li>\n<li>Evita determinadas palabras y expresiones de <strong>connotaci\u00f3n negativa<\/strong> y ciertas asociaciones que impiden recoger y reconocer la diversidad.<\/li>\n<li>Nombra a las personas con los t\u00e9rminos que ellas mismas quieren.<\/li>\n<\/ul>\n<\/td>\n<\/tr>\n<tr>\n<td width=\"123\"><strong>Im\u00e1genes y sonido<\/strong><\/td>\n<td width=\"481\">\n<ul>\n<li>Fomenta la diversidad de g\u00e9nero en la definici\u00f3n de personajes representados y tambi\u00e9n en las <strong>voces <\/strong>narradoras.\n<pre> Ejemplo: <em>si el v\u00eddeo incluye entrevista y voz en<\/em> off<em>, si la persona entrevistada es un hombre, procura que la voz en <\/em>off<em> sea femenina<\/em><\/pre>\n<\/li>\n<li>Vela por la igualdad entre g\u00e9neros y su presencia equilibrada en las im\u00e1genes y el sonido del v\u00eddeo.<\/li>\n<li>Refleja en las im\u00e1genes la diversidad de toda la ciudadan\u00eda.<\/li>\n<li>Introduce la perspectiva de g\u00e9nero en el <strong>dise\u00f1o de iconos, animaciones o infograf\u00edas<\/strong>, para evitar que puedan tener una interpretaci\u00f3n androc\u00e9ntrica. Utiliza iconos neutros, inclusivos y equitativos.<\/li>\n<\/ul>\n<\/td>\n<\/tr>\n<\/tbody>\n<\/table>\n<\/div>\n<p class=\"nota\">La informaci\u00f3n anterior se basa en el <em>libro de estilo de TV3<\/em> y en estudios de la entidad SOS Racismo.<\/p>\n<p>Si necesitas m\u00e1s informaci\u00f3n, puedes consultar estos enlaces:<\/p>\n<ul>\n<li><a class=\"blank\" href=\"http:\/\/www.uoc.edu\/portal\/es\/universitat\/responsabilitat-social\/igualtat\/index.html\" target=\"_blank\" rel=\"noopener noreferrer\">Unidad de Igualdad de la UOC<\/a><\/li>\n<li><a class=\"blank\" href=\"https:\/\/www.uoc.edu\/portal\/es\/universitat\/estrategia\/igualtat\/pla-igualtat\/index.html\" target=\"_blank\" rel=\"noopener noreferrer\">Plan de igualdad efectiva entre mujeres y hombres en la UOC 2020-2024<\/a><\/li>\n<li><a class=\"blank\" href=\"https:\/\/drive.google.com\/file\/d\/1sGg8kPwhNZkk9anxHQZUkb3rjvekESI2\/view\" target=\"_blank\" rel=\"noopener noreferrer\">\u00bfQu\u00e9 me pregunto cuando me dispongo a buscar una imagen?<\/a><\/li>\n<li><a class=\"blank\" href=\"https:\/\/www.uoc.edu\/portal\/ca\/servei-linguistic\/index.html\" target=\"_blank\" rel=\"noopener noreferrer\">Web del Servicio Ling\u00fc\u00edstico de la UOC<\/a><\/li>\n<li><a class=\"blank\" href=\"chrome-extension:\/\/efaidnbmnnnibpcajpcglclefindmkaj\/https:\/\/www.uoc.edu\/portal\/_resources\/CA\/documents\/recursos-linguistics\/5_consejos_uso_no_sexista_de_la_lengua.pdf\" target=\"_blank\" rel=\"noopener noreferrer\">5 consejos para hacer un uso no sexista de la lengua<\/a><\/li>\n<\/ul>\n<\/div><div class=\"documentor-help\"><div class=\"negative-feedbackform doc-noprint\">\r\n\t\t\t\t\t<\/div><div class=\"feedback-msg doc-noprint\"><\/div><\/div><\/div><\/div><!--.\/doc-sectionwrap--><\/div><!--.doc-sec-container--><div id=\"sugestedit_popup6\" class=\"sugestedit_popup\">\r\n\t\t\t\t<a class=\"modal_close\"><\/a>\r\n\t\t\t\t<form name=\"documentor-suggestform\" method=\"post\" class=\"documentor-suggestform\">\r\n\t\t\t\t\t<div class=\"doc-frmdiv\" style=\"font-weight: bold;\">Suggest Edit\r\n\t\t\t\t\t<\/div>\r\n\t\t\t\t\t<div class=\"doc-frmdiv\">\r\n\t\t\t\t\t\t<input type=\"text\" name=\"sec_title\" class=\"sedit-sectitle txtinput\" value=\"\" \/>\r\n\t\t\t\t\t<\/div><div class=\"doc-frmdiv\">\r\n\t\t\t\t\t\t\t<input type=\"text\" name=\"name\" class=\"txtinput\" placeholder=\"Name\" required \/>\r\n\t\t\t\t\t\t<\/div><div class=\"doc-frmdiv\">\r\n\t\t\t\t\t\t\t<input type=\"email\" class=\"emailinput\" placeholder=\"Email\" name=\"email\" required \/> \r\n\t\t\t\t\t\t<\/div><div class=\"doc-frmdiv\">\r\n\t\t\t\t\t\t\t<textarea name=\"content\" class=\"textareainput\" placeholder=\"Post your suggestion...\" required><\/textarea>\r\n\t\t\t\t\t\t<\/div><div class=\"doc-frmdiv\"><label> Captcha :&nbsp; <\/label><span class=\"doc-sedit-captcha\"><\/span><\/div><input type=\"hidden\" class=\"sedit-secid\" name=\"secid\" value=\"\" \/>\r\n\t\t\t\t\t<input type=\"hidden\" class=\"sedit-postid\" name=\"sedit_postid\" value=\"\" \/>\r\n\t\t\t\t\t<input type=\"hidden\" class=\"sedit-docid\" name=\"docid\" value=\"6\" \/>\r\n\t\t\t\t\t<button class=\"docsubmit-suggestform\"> Submit <\/button>\r\n\t\t\t\t<\/form>\r\n\t\t\t<\/div><script type=\"text\/javascript\">\r\n\t\t\tjQuery(document).ready(function(){\r\n\t\t\t\tjQuery(\"#documentor-6\").documentor({\r\n\t\t\t\t\tdocumentid\t: 6,\r\n\t\t\t\t\tdocid\t\t: \"documentor-6\",\r\n\t\t\t\t\tanimation\t: \"\",\r\n\t\t\t\t\tindexformat\t: \"0\",\r\n\t\t\t\t\tpformat\t\t: \"decimal\",\r\n\t\t\t\t\tcformat\t\t: \"decimal\",\t\t\t\t\t\r\n\t\t\t\t\tsecstyle\t: \"\",\r\n\t\t\t\t\tactnavbg_default: \"1\",\r\n\t\t\t\t\tactnavbg_color\t: \"\",\r\n\t\t\t\t\tenable_ajax\t: \"0\",\r\n\t\t\t\t\tscrolling\t: \"1\",\r\n\t\t\t\t\tfixmenu\t\t: \"1\",\r\n\t\t\t\t\tskin\t\t: \"bar\",\r\n\t\t\t\t\tscrollBarSize\t: \"3\",\r\n\t\t\t\t\tscrollBarColor\t: \"#73edff\",\r\n\t\t\t\t\tscrollBarOpacity: \"1\",\r\n\t\t\t\t\twindowprint\t: \"0\",\r\n\t\t\t\t\tmenuTop: \"0\",\r\n\t\t\t\t\tsocialshare\t: 0,\r\n\t\t\t\t\tsharecount\t: 0,\r\n\t\t\t\t\tfbshare\t\t: 1,\r\n\t\t\t\t\ttwittershare\t: 1,\r\n\t\t\t\t\tgplusshare\t: 0,\r\n\t\t\t\t\tpinshare\t: 0,\r\n\t\t\t\t\ttogglechild\t: 0,\r\n\t\t\t\t\tnoResultsStr: \"No se han encontrado coincidencias\",\r\n\t\t\t\t});\t\r\n\t\t\t});<\/script><div class=\"cleardiv cleardiv-rtl\"><\/div><\/div><!--\/.document-wrapper--><div class=\"cleardiv cleardiv-rtl\"><\/div><\/div><div class=\"cleardiv\"> <\/div><div id=\"documentor-6-end\"><\/div><\/p>\n","protected":false},"excerpt":{"rendered":"","protected":false},"author":1,"featured_media":0,"parent":0,"menu_order":0,"comment_status":"closed","ping_status":"closed","template":"","meta":{"footnotes":""},"_links":{"self":[{"href":"http:\/\/guia-audiovisual.uoc.edu\/es\/wp-json\/wp\/v2\/pages\/579"}],"collection":[{"href":"http:\/\/guia-audiovisual.uoc.edu\/es\/wp-json\/wp\/v2\/pages"}],"about":[{"href":"http:\/\/guia-audiovisual.uoc.edu\/es\/wp-json\/wp\/v2\/types\/page"}],"author":[{"embeddable":true,"href":"http:\/\/guia-audiovisual.uoc.edu\/es\/wp-json\/wp\/v2\/users\/1"}],"replies":[{"embeddable":true,"href":"http:\/\/guia-audiovisual.uoc.edu\/es\/wp-json\/wp\/v2\/comments?post=579"}],"version-history":[{"count":2,"href":"http:\/\/guia-audiovisual.uoc.edu\/es\/wp-json\/wp\/v2\/pages\/579\/revisions"}],"predecessor-version":[{"id":631,"href":"http:\/\/guia-audiovisual.uoc.edu\/es\/wp-json\/wp\/v2\/pages\/579\/revisions\/631"}],"wp:attachment":[{"href":"http:\/\/guia-audiovisual.uoc.edu\/es\/wp-json\/wp\/v2\/media?parent=579"}],"curies":[{"name":"wp","href":"https:\/\/api.w.org\/{rel}","templated":true}]}}