{"id":1170,"date":"2024-06-05T10:25:29","date_gmt":"2024-06-05T10:25:29","guid":{"rendered":"http:\/\/guia-audiovisual.uoc.edu\/?page_id=1170\/"},"modified":"2024-06-05T10:25:30","modified_gmt":"2024-06-05T10:25:30","slug":"shooting-de-fotografia-2","status":"publish","type":"page","link":"http:\/\/guia-audiovisual.uoc.edu\/es\/shooting-de-fotografia-2\/","title":{"rendered":"Shooting de fotograf\u00eda"},"content":{"rendered":"<p><link rel='stylesheet' href='http:\/\/guia-audiovisual.uoc.edu\/wp-content\/plugins\/documentor\/skins\/bar\/style.css' type='text\/css' media='all' \/><div id=\"documentor-16\" class=\"documentor-bar documentor-wrap\" data-docid = \"16\" data-epid = \"1170\" ><div class=\"documentor-topicons doc-noprint\"><span class=\"doc-topiconswrap\"><\/span><div class=\"cleardiv\"><\/div><div class=\"clrright\"><\/div><\/div><div class=\"document-wrapper\"><div class=\"doc-menu doc-noprint\"><span class=\"doc-search\">\r\n\t\t\t\t\t<input type=\"text\" name=\"search_document\" class=\"search-document\" placeholder=\"Busca\" \/>\r\n\t\t\t\t\t<img decoding=\"async\" src=\"http:\/\/guia-audiovisual.uoc.edu\/wp-content\/plugins\/documentor\/skins\/bar\/images\/search.png\" \/>\r\n\t\t\t\t<\/span><div class=\"doc-menurelated\"><ol class=\"doc-list-front\"><li class=\"doc-actli\"><a class=\"documentor-menu\" href=\"#esborrany-automatic-13\"  style=\"clear:none;line-height:19px;font-family:helvetica, Helvetica, sans-serif;font-size:14px;font-weight:normal;font-style:normal;color:#000078;\" data-href=\"#esborrany-automatic-13\" data-sec-counter=\"1\" data-section-id=\"80\">Presentaci\u00f3n<\/a><div class=\"doc-menu-border\"><\/div><\/li><li class=\"doc-actli\"><a class=\"documentor-menu\" href=\"#esborrany-automatic-14\"  style=\"clear:none;line-height:19px;font-family:helvetica, Helvetica, sans-serif;font-size:14px;font-weight:normal;font-style:normal;color:#000078;\" data-href=\"#esborrany-automatic-14\" data-sec-counter=\"2\" data-section-id=\"81\">C\u00f3mo gestionar el encargo<\/a><div class=\"doc-menu-border\"><\/div><\/li><\/ol><\/div><\/div><div class=\"doc-sec-container\" id=\"documentor_seccontainer\"><div class=\"doc-sectionwrap\" id=\"esborrany-automatic-13_wrap\"><div class=\"documentor-section  section-80\" id=\"esborrany-automatic-13\" data-section-id=\"80\"><h2 class=\"doc-sec-title\" > <span class=\"doc-sec-count\" style=\"display:none\">1.<\/span><span class=\"title-text\">Presentaci\u00f3n<\/span>  <div class=\"documentor-social doc-noprint\"><\/div><a class=\"scrollup doc-noprint\">\u2191 Vuelve arriba<\/a><\/h2><div class=\"doc-sec-content\" style=\"clear:none;line-height:23px;font-family:helvetica, Helvetica, sans-serif;font-size:14px;font-weight:normal;font-style:normal;color:#333333;\"><p><span style=\"font-weight: 400;\">El <\/span><b>material gr\u00e1fico<\/b><span style=\"font-weight: 400;\"> es un <\/span><b>recurso imprescindible<\/b><span style=\"font-weight: 400;\"> en la estrategia comunicativa de la UOC. Las fotograf\u00edas no son \u00fanicamente un elemento clave en los <\/span><b>canales digitales<\/b><span style=\"font-weight: 400;\"> de esta universidad (p\u00e1gina web, redes sociales o boletines), sino que tambi\u00e9n son esenciales para ilustrar <\/span><b>otros materiales de comunicaci\u00f3n<\/b><span style=\"font-weight: 400;\">, como notas de prensa, folletos, campa\u00f1as institucionales, presentaciones o materiales docentes.\u00a0<\/span><\/p>\n<p><span style=\"font-weight: 400;\">Los tres tipos de servicios fotogr\u00e1ficos que pueden solicitarse son: <\/span><b>cobertura de eventos institucionales, realizaci\u00f3n de <\/b><b><i>shootings<\/i><\/b><b> y retratos<\/b><span style=\"font-weight: 400;\">.<\/span><\/p>\n<\/div><div class=\"documentor-help\"><div class=\"negative-feedbackform doc-noprint\">\r\n\t\t\t\t\t<\/div><div class=\"feedback-msg doc-noprint\"><\/div><\/div><\/div><\/div><!--.\/doc-sectionwrap--><div class=\"doc-sectionwrap\" id=\"esborrany-automatic-14_wrap\"><div class=\"documentor-section  section-81\" id=\"esborrany-automatic-14\" data-section-id=\"81\"><h2 class=\"doc-sec-title\" > <span class=\"doc-sec-count\" style=\"display:none\">2.<\/span><span class=\"title-text\">C\u00f3mo gestionar el encargo<\/span>  <div class=\"documentor-social doc-noprint\"><\/div><a class=\"scrollup doc-noprint\">\u2191 Vuelve arriba<\/a><\/h2><div class=\"doc-sec-content\" style=\"clear:none;line-height:23px;font-family:helvetica, Helvetica, sans-serif;font-size:14px;font-weight:normal;font-style:normal;color:#333333;\"><p><span style=\"font-weight: 400;\">Los <\/span><b><i>shootings<\/i><\/b><b> o sesiones fotogr\u00e1ficas de notoriedad<\/b><span style=\"font-weight: 400;\">, que pod\u00e9is solicitar mediante <\/span><a href=\"https:\/\/docs.google.com\/forms\/d\/e\/1FAIpQLSdLJImSxxYAZ5lFH8JdiFla0eayO7Tw9SOWD1pP1iFlrYCEkw\/viewform\"><strong>este formulario<\/strong>, <\/a><span style=\"font-weight: 400;\">son trabajos fotogr\u00e1ficos que sirven para <\/span><b>ilustrar una tem\u00e1tica propia de la UOC en la que se reconocen su actividad o sus espacios<\/b><span style=\"font-weight: 400;\">, siguiendo el estilo de marca de la UOC. Por ejemplo, si hay que actualizar las im\u00e1genes del campus, se encargar\u00eda un <\/span><i><span style=\"font-weight: 400;\">shooting<\/span><\/i><span style=\"font-weight: 400;\"> o sesi\u00f3n fotogr\u00e1fica para obtener nuevas im\u00e1genes. Si un equipo de investigaci\u00f3n, gesti\u00f3n o docencia quiere ilustrar su labor o mostrar su espacio de trabajo, tambi\u00e9n deber\u00eda solicitar un <\/span><i><span style=\"font-weight: 400;\">shooting<\/span><\/i><span style=\"font-weight: 400;\">. Si se necesitan im\u00e1genes de recurso que muestren la actividad de la UOC, se pedir\u00eda una sesi\u00f3n fotogr\u00e1fica para captar a personas trabajando en las instalaciones de la universidad.\u00a0<\/span><\/p>\n<p>En <strong><a href=\"https:\/\/drive.google.com\/file\/d\/1N0U_5a5ecWVq63xVZtrZ9CqETetJlEgD\/view?usp=drive_link\">este enlace<\/a> pod\u00e9is consultar los conceptos y los precios<\/strong> de cada uno de ellos, en funci\u00f3n de la tipolog\u00eda y proveedor licitado.<\/p>\n<p><span style=\"font-weight: 400;\">El servicio de <\/span><i><span style=\"font-weight: 400;\">shooting<\/span><\/i><span style=\"font-weight: 400;\"> se llevar\u00e1 a cabo en las <\/span><b>sedes corporativas de la UOC de la provincia de Barcelona y del resto de Espa\u00f1a<\/b><span style=\"font-weight: 400;\">. Incluye la <\/span><b>entrega de fotograf\u00edas durante la propia sesi\u00f3n<\/b><span style=\"font-weight: 400;\">, mediante una herramienta de mensajer\u00eda instant\u00e1nea, con el fin de supervisar el trabajo o de disponer de material gr\u00e1fico para su publicaci\u00f3n inmediata en las redes sociales corporativas. El tipo de fotograf\u00edas que se realicen deben incluir <\/span><b>varios planos y distintos puntos de vista<\/b><span style=\"font-weight: 400;\"> del espacio y\/o de los participantes, siguiendo el estilo de marca de la UOC.\u00a0<\/span><\/p>\n<p><span style=\"font-weight: 400;\">En funci\u00f3n de la <\/span><b>complejidad<\/b><span style=\"font-weight: 400;\"> de la sesi\u00f3n, variar\u00e1n el <\/span><b>plazo de entrega del paquete de fotograf\u00edas definitivas<\/b><span style=\"font-weight: 400;\"> (a partir de las 24 horas posteriores a la finalizaci\u00f3n de la sesi\u00f3n) y su <\/span><b>volumen<\/b><span style=\"font-weight: 400;\">.<\/span><\/p>\n<p><span style=\"font-weight: 400;\">En el caso de los <\/span><i><span style=\"font-weight: 400;\">shootings<\/span><\/i><span style=\"font-weight: 400;\"> de notoriedad, habr\u00e1 que tener muy en cuenta los <\/span><b>derechos de imagen<\/b><span style=\"font-weight: 400;\">, puesto que este tipo de trabajos puede requerir la aparici\u00f3n de personas llevando a cabo una actividad, ya sea personal de la UOC o figurantes contratados espec\u00edficamente para la sesi\u00f3n fotogr\u00e1fica.\u00a0<\/span><\/p>\n<p><span style=\"font-weight: 400;\">En tales casos, <\/span><b>el responsable del contrato se encargar\u00e1 de conseguir, de las personas que aparecen en las fotograf\u00edas, la correspondiente autorizaci\u00f3n para el tratamiento y cesi\u00f3n de su imagen<\/b><span style=\"font-weight: 400;\">, siguiendo el procedimiento establecido legalmente por la UOC a tal efecto, en conformidad con el ordenamiento jur\u00eddico vigente.<\/span><\/p>\n<p><span style=\"font-weight: 400;\">Cada proyecto tiene un <\/span><b>patrocinador o esp\u00f3nsor<\/b><span style=\"font-weight: 400;\">, que es la persona <\/span><b>responsable de la petici\u00f3n y quien asume el coste econ\u00f3mico<\/b><span style=\"font-weight: 400;\">. Para proporcionar un servicio satisfactorio, la petici\u00f3n deber\u00e1 realizarse con <\/span><b>una antelaci\u00f3n m\u00ednima de quince d\u00edas h\u00e1biles<\/b><span style=\"font-weight: 400;\">.<\/span><\/p>\n<p><span style=\"font-weight: 400;\">Las sesiones fotogr\u00e1ficas que se encarguen a un proveedor externo solo se podr\u00e1n llevar a cabo con el <\/span><b>proveedor licitado<\/b><span style=\"font-weight: 400;\">. Para ello, la petici\u00f3n deber\u00e1 realizarse mediante el <\/span><b>formulario<\/b><span style=\"font-weight: 400;\"> correspondiente. Esta ficha ser\u00e1 la base de un <\/span><b>contrato para ambas partes y no podr\u00e1 ser modificada<\/b><span style=\"font-weight: 400;\">. Por este motivo, <\/span><b>todas las necesidades deber\u00e1n definirse en el momento de hacer el encargo<\/b><span style=\"font-weight: 400;\">.<\/span><\/p>\n<p><div class=\"col-sm-6 col-xs-12  bloc-cian ico-contacte link-cursor\"><a href=\"mailto:audiovisuals@uoc.edu\">Contacto<\/a><\/p>\n<p>Para cualquier duda sobre este proceso, contacta con <a href=\"mailto:audiovisuals@uoc.edu\">Audiovisuals<\/a><\/p>\n<p><\/div><div class=\"col-sm-6 col-xs-12  bloc-cian ico-drets-imatge link-cursor\"><a href=\"https:\/\/guia-audiovisual.uoc.edu\/drets-dimatge\/\" target=\"_blank\" rel=\"noopener noreferrer\">Derechos de imagen<\/a><\/p>\n<p>Recuerda que es necesario garantizar <strong>los derechos de imagen<\/strong> de las personas fotografiadas.<\/div><\/p>\n<\/div><div class=\"documentor-help\"><div class=\"negative-feedbackform doc-noprint\">\r\n\t\t\t\t\t<\/div><div class=\"feedback-msg doc-noprint\"><\/div><\/div><\/div><\/div><!--.\/doc-sectionwrap--><\/div><!--.doc-sec-container--><div id=\"sugestedit_popup16\" class=\"sugestedit_popup\">\r\n\t\t\t\t<a class=\"modal_close\"><\/a>\r\n\t\t\t\t<form name=\"documentor-suggestform\" method=\"post\" class=\"documentor-suggestform\">\r\n\t\t\t\t\t<div class=\"doc-frmdiv\" style=\"font-weight: bold;\">Suggest Edit\r\n\t\t\t\t\t<\/div>\r\n\t\t\t\t\t<div class=\"doc-frmdiv\">\r\n\t\t\t\t\t\t<input type=\"text\" name=\"sec_title\" class=\"sedit-sectitle txtinput\" value=\"\" \/>\r\n\t\t\t\t\t<\/div><div class=\"doc-frmdiv\">\r\n\t\t\t\t\t\t\t<input type=\"text\" name=\"name\" class=\"txtinput\" placeholder=\"Name\" required \/>\r\n\t\t\t\t\t\t<\/div><div class=\"doc-frmdiv\">\r\n\t\t\t\t\t\t\t<input type=\"email\" class=\"emailinput\" placeholder=\"Email\" name=\"email\" required \/> \r\n\t\t\t\t\t\t<\/div><div class=\"doc-frmdiv\">\r\n\t\t\t\t\t\t\t<textarea name=\"content\" class=\"textareainput\" placeholder=\"Post your suggestion...\" required><\/textarea>\r\n\t\t\t\t\t\t<\/div><div class=\"doc-frmdiv\"><label> Captcha :&nbsp; <\/label><span class=\"doc-sedit-captcha\"><\/span><\/div><input type=\"hidden\" class=\"sedit-secid\" name=\"secid\" value=\"\" \/>\r\n\t\t\t\t\t<input type=\"hidden\" class=\"sedit-postid\" name=\"sedit_postid\" value=\"\" \/>\r\n\t\t\t\t\t<input type=\"hidden\" class=\"sedit-docid\" name=\"docid\" value=\"16\" \/>\r\n\t\t\t\t\t<button class=\"docsubmit-suggestform\"> Submit <\/button>\r\n\t\t\t\t<\/form>\r\n\t\t\t<\/div><script type=\"text\/javascript\">\r\n\t\t\tjQuery(document).ready(function(){\r\n\t\t\t\tjQuery(\"#documentor-16\").documentor({\r\n\t\t\t\t\tdocumentid\t: 16,\r\n\t\t\t\t\tdocid\t\t: \"documentor-16\",\r\n\t\t\t\t\tanimation\t: \"\",\r\n\t\t\t\t\tindexformat\t: \"0\",\r\n\t\t\t\t\tpformat\t\t: \"decimal\",\r\n\t\t\t\t\tcformat\t\t: \"decimal\",\t\t\t\t\t\r\n\t\t\t\t\tsecstyle\t: \"\",\r\n\t\t\t\t\tactnavbg_default: \"1\",\r\n\t\t\t\t\tactnavbg_color\t: \"\",\r\n\t\t\t\t\tenable_ajax\t: \"0\",\r\n\t\t\t\t\tscrolling\t: \"1\",\r\n\t\t\t\t\tfixmenu\t\t: \"1\",\r\n\t\t\t\t\tskin\t\t: \"bar\",\r\n\t\t\t\t\tscrollBarSize\t: \"3\",\r\n\t\t\t\t\tscrollBarColor\t: \"#73edff\",\r\n\t\t\t\t\tscrollBarOpacity: \"1\",\r\n\t\t\t\t\twindowprint\t: \"0\",\r\n\t\t\t\t\tmenuTop: \"0\",\r\n\t\t\t\t\tsocialshare\t: 0,\r\n\t\t\t\t\tsharecount\t: 0,\r\n\t\t\t\t\tfbshare\t\t: 1,\r\n\t\t\t\t\ttwittershare\t: 1,\r\n\t\t\t\t\tgplusshare\t: 0,\r\n\t\t\t\t\tpinshare\t: 0,\r\n\t\t\t\t\ttogglechild\t: 0,\r\n\t\t\t\t\tnoResultsStr: \"No se han encontrado coincidencias\",\r\n\t\t\t\t});\t\r\n\t\t\t});<\/script><div class=\"cleardiv cleardiv-rtl\"><\/div><\/div><!--\/.document-wrapper--><div class=\"cleardiv cleardiv-rtl\"><\/div><\/div><div class=\"cleardiv\"> <\/div><div id=\"documentor-16-end\"><\/div><\/p>\n","protected":false},"excerpt":{"rendered":"","protected":false},"author":3,"featured_media":0,"parent":0,"menu_order":0,"comment_status":"closed","ping_status":"closed","template":"","meta":{"footnotes":""},"_links":{"self":[{"href":"http:\/\/guia-audiovisual.uoc.edu\/es\/wp-json\/wp\/v2\/pages\/1170"}],"collection":[{"href":"http:\/\/guia-audiovisual.uoc.edu\/es\/wp-json\/wp\/v2\/pages"}],"about":[{"href":"http:\/\/guia-audiovisual.uoc.edu\/es\/wp-json\/wp\/v2\/types\/page"}],"author":[{"embeddable":true,"href":"http:\/\/guia-audiovisual.uoc.edu\/es\/wp-json\/wp\/v2\/users\/3"}],"replies":[{"embeddable":true,"href":"http:\/\/guia-audiovisual.uoc.edu\/es\/wp-json\/wp\/v2\/comments?post=1170"}],"version-history":[{"count":1,"href":"http:\/\/guia-audiovisual.uoc.edu\/es\/wp-json\/wp\/v2\/pages\/1170\/revisions"}],"predecessor-version":[{"id":1171,"href":"http:\/\/guia-audiovisual.uoc.edu\/es\/wp-json\/wp\/v2\/pages\/1170\/revisions\/1171"}],"wp:attachment":[{"href":"http:\/\/guia-audiovisual.uoc.edu\/es\/wp-json\/wp\/v2\/media?parent=1170"}],"curies":[{"name":"wp","href":"https:\/\/api.w.org\/{rel}","templated":true}]}}