{"id":1158,"date":"2024-06-05T09:56:23","date_gmt":"2024-06-05T09:56:23","guid":{"rendered":"http:\/\/guia-audiovisual.uoc.edu\/?page_id=1158\/"},"modified":"2024-06-05T10:44:05","modified_gmt":"2024-06-05T10:44:05","slug":"auto-grabacion-de-videos","status":"publish","type":"page","link":"http:\/\/guia-audiovisual.uoc.edu\/es\/auto-grabacion-de-videos\/","title":{"rendered":"Auto grabaci\u00f3n de v\u00eddeos"},"content":{"rendered":"<p><link rel='stylesheet' href='http:\/\/guia-audiovisual.uoc.edu\/wp-content\/plugins\/documentor\/skins\/bar\/style.css' type='text\/css' media='all' \/><div id=\"documentor-18\" class=\"documentor-bar documentor-wrap\" data-docid = \"18\" data-epid = \"1158\" ><div class=\"documentor-topicons doc-noprint\"><span class=\"doc-topiconswrap\"><\/span><div class=\"cleardiv\"><\/div><div class=\"clrright\"><\/div><\/div><div class=\"document-wrapper\"><div class=\"doc-menu doc-noprint\"><span class=\"doc-search\">\r\n\t\t\t\t\t<input type=\"text\" name=\"search_document\" class=\"search-document\" placeholder=\"Busca\" \/>\r\n\t\t\t\t\t<img decoding=\"async\" src=\"http:\/\/guia-audiovisual.uoc.edu\/wp-content\/plugins\/documentor\/skins\/bar\/images\/search.png\" \/>\r\n\t\t\t\t<\/span><div class=\"doc-menurelated\"><ol class=\"doc-list-front\"><li class=\"doc-actli\"><a class=\"documentor-menu\" href=\"#esborrany-automatic-6\"  style=\"clear:none;line-height:19px;font-family:helvetica, Helvetica, sans-serif;font-size:14px;font-weight:normal;font-style:normal;color:#36556e;\" data-href=\"#esborrany-automatic-6\" data-sec-counter=\"1\" data-section-id=\"84\">Presentaci\u00f3n<\/a><div class=\"doc-menu-border\"><\/div><\/li><li class=\"doc-actli\"><a class=\"documentor-menu\" href=\"#esborrany-automatic-7\"  style=\"clear:none;line-height:19px;font-family:helvetica, Helvetica, sans-serif;font-size:14px;font-weight:normal;font-style:normal;color:#36556e;\" data-href=\"#esborrany-automatic-7\" data-sec-counter=\"2\" data-section-id=\"87\">Composici\u00f3n audiovisual de marca UOC<\/a><div class=\"doc-menu-border\"><\/div><\/li><li class=\"doc-actli\"><a class=\"documentor-menu\" href=\"#esborrany-automatic-8\"  style=\"clear:none;line-height:19px;font-family:helvetica, Helvetica, sans-serif;font-size:14px;font-weight:normal;font-style:normal;color:#36556e;\" data-href=\"#esborrany-automatic-8\" data-sec-counter=\"3\" data-section-id=\"88\">Consejos para la auto grabaci\u00f3n<\/a><div class=\"doc-menu-border\"><\/div><\/li><li class=\"doc-actli\"><a class=\"documentor-menu\" href=\"#esborrany-automatic-9\"  style=\"clear:none;line-height:19px;font-family:helvetica, Helvetica, sans-serif;font-size:14px;font-weight:normal;font-style:normal;color:#36556e;\" data-href=\"#esborrany-automatic-9\" data-sec-counter=\"4\" data-section-id=\"89\">Necesidades t\u00e9cnicas<\/a><div class=\"doc-menu-border\"><\/div><\/li><li class=\"doc-actli\"><a class=\"documentor-menu\" href=\"#esborrany-automatic-10\"  style=\"clear:none;line-height:19px;font-family:helvetica, Helvetica, sans-serif;font-size:14px;font-weight:normal;font-style:normal;color:#36556e;\" data-href=\"#esborrany-automatic-10\" data-sec-counter=\"5\" data-section-id=\"94\">Circuito de auto grabaci\u00f3n de v\u00eddeos docentes<\/a><div class=\"doc-menu-border\"><\/div><\/li><li class=\"doc-actli\"><a class=\"documentor-menu\" href=\"#esborrany-automatic-11\"  style=\"clear:none;line-height:19px;font-family:helvetica, Helvetica, sans-serif;font-size:14px;font-weight:normal;font-style:normal;color:#36556e;\" data-href=\"#esborrany-automatic-11\" data-sec-counter=\"6\" data-section-id=\"92\">Consejos para la auto grabaci\u00f3n y v\u00eddeo conferencias<\/a><div class=\"doc-menu-border\"><\/div><\/li><li class=\"doc-actli\"><a class=\"documentor-menu\" href=\"#esborrany-automatic-16\"  style=\"clear:none;line-height:19px;font-family:helvetica, Helvetica, sans-serif;font-size:14px;font-weight:normal;font-style:normal;color:#36556e;\" data-href=\"#esborrany-automatic-16\" data-sec-counter=\"7\" data-section-id=\"96\">Subt\u00edtulos<\/a><div class=\"doc-menu-border\"><\/div><\/li><li class=\"doc-actli\"><a class=\"documentor-menu\" href=\"#esborrany-automatic-12\"  style=\"clear:none;line-height:19px;font-family:helvetica, Helvetica, sans-serif;font-size:14px;font-weight:normal;font-style:normal;color:#36556e;\" data-href=\"#esborrany-automatic-12\" data-sec-counter=\"8\" data-section-id=\"93\">Instrucciones para grabar en la UOC<\/a><div class=\"doc-menu-border\"><\/div><\/li><\/ol><\/div><\/div><div class=\"doc-sec-container\" id=\"documentor_seccontainer\"><div class=\"doc-sectionwrap\" id=\"esborrany-automatic-6_wrap\"><div class=\"documentor-section  section-84\" id=\"esborrany-automatic-6\" data-section-id=\"84\"><h2 class=\"doc-sec-title\" style=\"clear:none;line-height:46px;font-family:helvetica, Helvetica, sans-serif;font-size:38px;font-weight:normal;font-style:normal;color:#333333;margin: 40px 0px 20px 0px;padding-bottom: 9px;border-bottom: 1px dotted #e6e6e6;\"> <span class=\"doc-sec-count\" style=\"display:none\">1.<\/span><span class=\"title-text\">Presentaci\u00f3n<\/span>  <div class=\"documentor-social doc-noprint\"><\/div><a class=\"scrollup doc-noprint\">\u2191 Vuelve arriba<\/a><\/h2><div class=\"doc-sec-content\" style=\"clear:none;line-height:23px;font-family:helvetica, Helvetica, sans-serif;font-size:14px;font-weight:normal;font-style:normal;color:#333333;\"><p>Los proyectos audiovisuales de la UOC deben seguir el <strong>mismo estilo<\/strong> al incorporar el grafismo. Por este motivo, te presentamos las gu\u00edas de estilo de v\u00eddeo, fotograf\u00eda y sonido.<\/p>\n<p>Adem\u00e1s, te ofrecemos las pautas adecuadas para hacer una buena composici\u00f3n con la marca UOC y las recomendaciones necesarias si optas por la auto-grabaci\u00f3n.<\/p>\n<p class=\"nota\">Se aplica la marca UOC en todos los contenidos con derechos o con un permiso de cesi\u00f3n de derechos.<\/p>\n<\/div><div class=\"documentor-help\"><div class=\"negative-feedbackform doc-noprint\">\r\n\t\t\t\t\t<\/div><div class=\"feedback-msg doc-noprint\"><\/div><\/div><\/div><\/div><!--.\/doc-sectionwrap--><div class=\"doc-sectionwrap\" id=\"esborrany-automatic-7_wrap\"><div class=\"documentor-section  section-87\" id=\"esborrany-automatic-7\" data-section-id=\"87\"><h2 class=\"doc-sec-title\" style=\"clear:none;line-height:46px;font-family:helvetica, Helvetica, sans-serif;font-size:38px;font-weight:normal;font-style:normal;color:#333333;margin: 40px 0px 20px 0px;padding-bottom: 9px;border-bottom: 1px dotted #e6e6e6;\"> <span class=\"doc-sec-count\" style=\"display:none\">2.<\/span><span class=\"title-text\">Composici\u00f3n audiovisual de marca UOC<\/span>  <div class=\"documentor-social doc-noprint\"><\/div><a class=\"scrollup doc-noprint\">\u2191 Vuelve arriba<\/a><\/h2><div class=\"doc-sec-content\" style=\"clear:none;line-height:23px;font-family:helvetica, Helvetica, sans-serif;font-size:14px;font-weight:normal;font-style:normal;color:#333333;\"><ul>\n<li><strong>Utiliza los elementos de marca UOC<\/strong> para un encuadre correcto. Tienes:\n<ul>\n<li>Fotoreclam (<em>photocall<\/em>).<\/li>\n<li>Expositor gr\u00e1fico enrollable (<em>roll-up<\/em>).<\/li>\n<li>Corp\u00f3reo.<\/li>\n<\/ul>\n<\/li>\n<\/ul>\n<ul>\n<li><strong>Encuadra correctamente los elementos gr\u00e1ficos<\/strong>.<\/li>\n<li><strong>Facilita la lectura del logotipo<\/strong>.<\/li>\n<li><strong>Evita elementos distorsionadores<\/strong> (como botellas o vasos de pl\u00e1stico frente a los ponentes).<\/li>\n<li><strong>Evita la ropa de rayas o geometr\u00edas muy finas<\/strong> para no crear el efecto moir\u00e9.<\/li>\n<\/ul>\n<p><div class=\"\" style =\"clear:both; overflow:hidden; width:100%\"><div class=\"col-sm-6 col-xs-12  bloc-gris-2 cCian\"><span class=\"good\"><strong>Buenas pr\u00e1cticas<\/strong><\/span><\/p>\n<ul>\n<li>Elementos de la UOC bien encuadrados<\/li>\n<\/ul>\n<p><div id='gallery-1' class='gallery galleryid-1158 gallery-columns-1 gallery-size-full'><figure class='gallery-item'>\n\t\t\t<div class='gallery-icon landscape'>\n\t\t\t\t<img loading=\"lazy\" decoding=\"async\" width=\"797\" height=\"450\" src=\"http:\/\/guia-audiovisual.uoc.edu\/wp-content\/uploads\/2018\/04\/Captura-de-pantalla-2018-04-06-a-les-12.11.24-1-1.png\" class=\"attachment-full size-full\" alt=\"\" srcset=\"http:\/\/guia-audiovisual.uoc.edu\/wp-content\/uploads\/2018\/04\/Captura-de-pantalla-2018-04-06-a-les-12.11.24-1-1.png 797w, http:\/\/guia-audiovisual.uoc.edu\/wp-content\/uploads\/2018\/04\/Captura-de-pantalla-2018-04-06-a-les-12.11.24-1-1-300x169.png 300w, http:\/\/guia-audiovisual.uoc.edu\/wp-content\/uploads\/2018\/04\/Captura-de-pantalla-2018-04-06-a-les-12.11.24-1-1-768x434.png 768w\" sizes=\"(max-width: 797px) 100vw, 797px\" \/>\n\t\t\t<\/div><\/figure><figure class='gallery-item'>\n\t\t\t<div class='gallery-icon landscape'>\n\t\t\t\t<img loading=\"lazy\" decoding=\"async\" width=\"768\" height=\"433\" src=\"http:\/\/guia-audiovisual.uoc.edu\/wp-content\/uploads\/2017\/05\/bones_practiques_ArtLab-768x433-1.jpg\" class=\"attachment-full size-full\" alt=\"\" srcset=\"http:\/\/guia-audiovisual.uoc.edu\/wp-content\/uploads\/2017\/05\/bones_practiques_ArtLab-768x433-1.jpg 768w, http:\/\/guia-audiovisual.uoc.edu\/wp-content\/uploads\/2017\/05\/bones_practiques_ArtLab-768x433-1-300x169.jpg 300w\" sizes=\"(max-width: 768px) 100vw, 768px\" \/>\n\t\t\t<\/div><\/figure>\n\t\t<\/div>\n<\/p>\n<p><\/div><div class=\"col-sm-6 col-xs-12  bloc-gris-2\"><span class=\"bad\"><strong>Malas pr\u00e1cticas<\/strong><\/span><\/p>\n<ul>\n<li>Elementos distorsionadores (como la botella) y mal encuadre de los elementos de la UOC.<\/li>\n<\/ul>\n<p><\/p>\n<ul>\n<li>Efecto moir\u00e9<\/li>\n<\/ul>\n<p><\/p>\n<p><\/div><\/div><\/p>\n<\/div><div class=\"documentor-help\"><div class=\"negative-feedbackform doc-noprint\">\r\n\t\t\t\t\t<\/div><div class=\"feedback-msg doc-noprint\"><\/div><\/div><\/div><\/div><!--.\/doc-sectionwrap--><div class=\"doc-sectionwrap\" id=\"esborrany-automatic-8_wrap\"><div class=\"documentor-section  section-88\" id=\"esborrany-automatic-8\" data-section-id=\"88\"><h2 class=\"doc-sec-title\" style=\"clear:none;line-height:46px;font-family:helvetica, Helvetica, sans-serif;font-size:38px;font-weight:normal;font-style:normal;color:#333333;margin: 40px 0px 20px 0px;padding-bottom: 9px;border-bottom: 1px dotted #e6e6e6;\"> <span class=\"doc-sec-count\" style=\"display:none\">3.<\/span><span class=\"title-text\">Consejos para la auto grabaci\u00f3n<\/span>  <div class=\"documentor-social doc-noprint\"><\/div><a class=\"scrollup doc-noprint\">\u2191 Vuelve arriba<\/a><\/h2><div class=\"doc-sec-content\" style=\"clear:none;line-height:23px;font-family:helvetica, Helvetica, sans-serif;font-size:14px;font-weight:normal;font-style:normal;color:#333333;\"><h3>Imagen<\/h3>\n<ul>\n<li><strong>Config\u00farate el dispositivo a la m\u00e1xima resoluci\u00f3n<\/strong>. Recomendamos 1280 x 720 (HD) o 1920 x 1080 (Full HD) en formato MOV o MP4.<\/li>\n<li><strong>Utiliza un tr\u00edpode o un soporte<\/strong> para estabilizar la imagen.<\/li>\n<li>Aseg\u00farate de que tienes <strong>la bater\u00eda cargada<\/strong> y que tienes suficiente <strong>espacio en la tarjeta de memoria<\/strong>.<\/li>\n<li>Comprueba que <strong>la \u00f3ptica est\u00e1 limpia<\/strong>.<\/li>\n<li>En el caso de <strong>un dispositivo m\u00f3vil, debes colocarlo horizontalmente<\/strong> al grabar la imagen.<\/li>\n<li>Es importante que <strong>la c\u00e1mara est\u00e9 a la misma altura que los ojos<\/strong> de la persona que se graba.<\/li>\n<li><strong>Te recomendamos un plano medio<\/strong>, es decir, enmarca a la persona desde la cintura hasta la cabeza.<\/li>\n<li><strong>Para evitar el contraluz, ilumina artificialmente el objeto principal<\/strong> o modifica el encuadre para reducir la zona sobreiluminada.<\/li>\n<\/ul>\n<h3>Localizaci\u00f3n o espacio para la grabaci\u00f3n<\/h3>\n<p><strong>Elige un buen espacio<\/strong> para realizar la grabaci\u00f3n, teniendo en cuenta la iluminaci\u00f3n y el fondo de la imagen, que preferiblemente debe ser blanco y sin objetos. Procura, en la medida de lo posible, ofrecer una <strong>buena imagen del espacio e incorporar alg\u00fan elemento de la UOC<\/strong>.<\/p>\n<h3>Sonido<\/h3>\n<ul>\n<li><strong>Aseg\u00farate de no tapar el micr\u00f3fono<\/strong>, en el caso de los dispositivos m\u00f3viles, tabletas y c\u00e1maras web.<\/li>\n<li>Busca un <strong>espacio libre de ruido<\/strong>. Recomendamos que se utilice un micr\u00f3fono externo para reforzar el sonido en el caso de los dispositivos m\u00f3viles.<\/li>\n<\/ul>\n<\/div><div class=\"documentor-help\"><div class=\"negative-feedbackform doc-noprint\">\r\n\t\t\t\t\t<\/div><div class=\"feedback-msg doc-noprint\"><\/div><\/div><\/div><\/div><!--.\/doc-sectionwrap--><div class=\"doc-sectionwrap\" id=\"esborrany-automatic-9_wrap\"><div class=\"documentor-section  section-89\" id=\"esborrany-automatic-9\" data-section-id=\"89\"><h2 class=\"doc-sec-title\" style=\"clear:none;line-height:46px;font-family:helvetica, Helvetica, sans-serif;font-size:38px;font-weight:normal;font-style:normal;color:#333333;margin: 40px 0px 20px 0px;padding-bottom: 9px;border-bottom: 1px dotted #e6e6e6;\"> <span class=\"doc-sec-count\" style=\"display:none\">4.<\/span><span class=\"title-text\">Necesidades t\u00e9cnicas<\/span>  <div class=\"documentor-social doc-noprint\"><\/div><a class=\"scrollup doc-noprint\">\u2191 Vuelve arriba<\/a><\/h2><div class=\"doc-sec-content\" style=\"clear:none;line-height:23px;font-family:helvetica, Helvetica, sans-serif;font-size:14px;font-weight:normal;font-style:normal;color:#333333;\"><p>A pesar de la diversidad de v\u00eddeos generados por la UOC, los aspectos t\u00e9cnicos deben ser comunes en todos para garantizar la calidad de entrega y publicaci\u00f3n.<\/p>\n<p>Son los siguientes:<\/p>\n<ul>\n<li><strong>Formato del v\u00eddeo<\/strong>: 1920 x 1080 p\u00edxeles<\/li>\n<li><strong>C\u00f3dec<\/strong>: H264<\/li>\n<li><strong>Tasa de bits<\/strong> (<em>bit rate<\/em>): entre 5.000 y 10.000 Mb\/s<\/li>\n<li><strong>Formato de archivo<\/strong>: .MOV \/ .MP4<\/li>\n<li><strong>Audio<\/strong>: c\u00f3dec AAC \/ 256 MHz<\/li>\n<\/ul>\n<p>Una vez hayas terminado el proyecto con el proveedor, ser\u00e1 necesario que te entregue la <strong>\u00faltima versi\u00f3n<\/strong> del proyecto (en el programa Adobe Premiere o Final Cut) y el <strong>m\u00e1ster<\/strong>, por si se requieren modificaciones posteriores.<\/p>\n<\/div><div class=\"documentor-help\"><div class=\"negative-feedbackform doc-noprint\">\r\n\t\t\t\t\t<\/div><div class=\"feedback-msg doc-noprint\"><\/div><\/div><\/div><\/div><!--.\/doc-sectionwrap--><div class=\"doc-sectionwrap\" id=\"esborrany-automatic-10_wrap\"><div class=\"documentor-section  section-94\" id=\"esborrany-automatic-10\" data-section-id=\"94\"><h2 class=\"doc-sec-title\" style=\"clear:none;line-height:46px;font-family:helvetica, Helvetica, sans-serif;font-size:38px;font-weight:normal;font-style:normal;color:#333333;margin: 40px 0px 20px 0px;padding-bottom: 9px;border-bottom: 1px dotted #e6e6e6;\"> <span class=\"doc-sec-count\" style=\"display:none\">5.<\/span><span class=\"title-text\">Circuito de auto grabaci\u00f3n de v\u00eddeos docentes<\/span>  <div class=\"documentor-social doc-noprint\"><\/div><a class=\"scrollup doc-noprint\">\u2191 Vuelve arriba<\/a><\/h2><div class=\"doc-sec-content\" style=\"clear:none;line-height:23px;font-family:helvetica, Helvetica, sans-serif;font-size:14px;font-weight:normal;font-style:normal;color:#333333;\"><p>Si quieres auto-grabarte un v\u00eddeo docente, <a href=\"https:\/\/drive.google.com\/file\/d\/19dg6h1_qTALwgAIQ2iDrMSMrJBH8Znzg\/view?usp=drive_link\">en este documento<\/a> te explicamos cu\u00e1l es el procedimiento para hacerlo.<\/p>\n<\/div><div class=\"documentor-help\"><div class=\"negative-feedbackform doc-noprint\">\r\n\t\t\t\t\t<\/div><div class=\"feedback-msg doc-noprint\"><\/div><\/div><\/div><\/div><!--.\/doc-sectionwrap--><div class=\"doc-sectionwrap\" id=\"esborrany-automatic-11_wrap\"><div class=\"documentor-section  section-92\" id=\"esborrany-automatic-11\" data-section-id=\"92\"><h2 class=\"doc-sec-title\" style=\"clear:none;line-height:46px;font-family:helvetica, Helvetica, sans-serif;font-size:38px;font-weight:normal;font-style:normal;color:#333333;margin: 40px 0px 20px 0px;padding-bottom: 9px;border-bottom: 1px dotted #e6e6e6;\"> <span class=\"doc-sec-count\" style=\"display:none\">6.<\/span><span class=\"title-text\">Consejos para la auto grabaci\u00f3n y v\u00eddeo conferencias<\/span>  <div class=\"documentor-social doc-noprint\"><\/div><a class=\"scrollup doc-noprint\">\u2191 Vuelve arriba<\/a><\/h2><div class=\"doc-sec-content\" style=\"clear:none;line-height:23px;font-family:helvetica, Helvetica, sans-serif;font-size:14px;font-weight:normal;font-style:normal;color:#333333;\"><p>En este apartado encontrar\u00e1s un listado de <a href=\"https:\/\/guia-audiovisual.uoc.edu\/wp-content\/uploads\/2020\/07\/Consells-per-a-l\u2019autoenregistrament-i-les-video-confere\u0300ncies_Pantalla_CA-1.pdf\" target=\"_blank\" rel=\"noopener noreferrer\">consejos<\/a> para poder auto-grabarte y realizar videoconferencias en las condiciones m\u00e1s \u00f3ptimas de imagen y sonido.<\/p>\n<\/div><div class=\"documentor-help\"><div class=\"negative-feedbackform doc-noprint\">\r\n\t\t\t\t\t<\/div><div class=\"feedback-msg doc-noprint\"><\/div><\/div><\/div><\/div><!--.\/doc-sectionwrap--><div class=\"doc-sectionwrap\" id=\"esborrany-automatic-16_wrap\"><div class=\"documentor-section  section-96\" id=\"esborrany-automatic-16\" data-section-id=\"96\"><h2 class=\"doc-sec-title\" style=\"clear:none;line-height:46px;font-family:helvetica, Helvetica, sans-serif;font-size:38px;font-weight:normal;font-style:normal;color:#333333;margin: 40px 0px 20px 0px;padding-bottom: 9px;border-bottom: 1px dotted #e6e6e6;\"> <span class=\"doc-sec-count\" style=\"display:none\">7.<\/span><span class=\"title-text\">Subt\u00edtulos<\/span>  <div class=\"documentor-social doc-noprint\"><\/div><a class=\"scrollup doc-noprint\">\u2191 Vuelve arriba<\/a><\/h2><div class=\"doc-sec-content\" style=\"clear:none;line-height:23px;font-family:helvetica, Helvetica, sans-serif;font-size:14px;font-weight:normal;font-style:normal;color:#333333;\"><p>Todo v\u00eddeo , a parte de la imagen de marca, puede ir acompa\u00f1ado de subt\u00edtulos para facilitar su accesibilidad o com traducci\u00f3n complementaria al audio original.<\/p>\n<p>B\u00e1sicamente no spodemos encontrar con dos formatos de subt\u00edtulos en base a la manera de ser aplicados en el v\u00eddeo:<\/p>\n<p><strong>Incrustrados<\/strong>: Se insertan como un gr\u00e1fico m\u00e1s en el momento de la edici\u00f3n o de la creaci\u00f3n de laq composici\u00f3n visual del v\u00eddeo y siempre est\u00e1n visibles. \u00danicamente podemos escoger un idioma. Si necesitamos varios idiomas deberemos generar un v\u00eddeo, con sus subtitulos incrustados,\u00a0 para cada uno de los idiomas que necesitemos. Esto ser\u00e1 necesario cuando el v\u00eddeo se visualice en un reproductor o en un entorno web o de red social que no permita los subt\u00edtulos en formato de fichero independiente.<\/p>\n<p><strong>Fichero independiente<\/strong>: Hay reproductores, por ejemplo VLC, que permite reprodcir un v\u00eddeo y escoger la pista de subtitulos si en la misma carpeta donde se encuentra el v\u00eddeo detecta un fichero de subt\u00edtulos con el mismo nombre. Hay diferentes formatos per\u00f2 el m\u00e1s com\u00fan es el <strong>formato .srt<\/strong>. Tambi\u00e9n hay plataformas, como por ejemplo YouTube, que permite incluir como complemento del v\u00eddeo publicado ficheros de subt\u00edtulos en m\u00faltiples idiomas (un fichero de subt\u00edtulos para cada idioma pero para un \u00fanico v\u00eddeo publicado. Estos subtitulos, si hay m\u00e1s de uno, se pueden escoger por el usuario e incluso omitir si no se consideran necesarios.<\/p>\n<p><strong>\u00bfComo generar un fichero de subt\u00edtulos srt?<\/strong><\/p>\n<p>Existen m\u00faltiples herramientas para la realizaci\u00f3n de subt\u00edtulos sincronizados. A parte de las de pago, aqui ten\u00e9is algunas\u00a0 gratuitas:<\/p>\n<p>&nbsp;<\/p>\n<ul>\n<li><strong>Opci\u00f3n online<\/strong> de creaci\u00f3n de fitxeros de subt\u00edtulos (<strong>hay que teclear manualmente el texto as\u00ed como los codigos de tiempo<\/strong>)<\/li>\n<li><a href=\"https:\/\/www.happyscribe.com\/es\/herramientas-de-subtitulacion\/editor-subtitulos-online\" target=\"_blank\" rel=\"noopener\" data-saferedirecturl=\"https:\/\/www.google.com\/url?q=https:\/\/www.happyscribe.com\/es\/herramientas-de-subtitulacion\/editor-subtitulos-online&amp;source=gmail&amp;ust=1718913313528000&amp;usg=AOvVaw2zt8D_t2WKVFvTKEBdkDAH\">https:\/\/www.happyscribe.com\/<wbr \/>es\/herramientas-de-<wbr \/>subtitulacion\/editor-<wbr \/>subtitulos-online<\/a><\/li>\n<\/ul>\n<p>&nbsp;<\/p>\n<ul>\n<li><strong>Opci\u00f3n online de creaci\u00f3n autom\u00e0tica de subt\u00edtulos<\/strong> (idioma de origen catal\u00e1n) y m\u00e0ximo 1GB de tama\u00f1o. Se puede subir el fichero es espa\u00f1ol y <strong>nos generar\u00e1 los subt\u00edtulos en catal\u00e1n <\/strong><\/li>\n<li><a href=\"https:\/\/www.softcatala.org\/transcripcio\/\" target=\"_blank\" rel=\"noopener\" data-saferedirecturl=\"https:\/\/www.google.com\/url?q=https:\/\/www.softcatala.org\/transcripcio\/&amp;source=gmail&amp;ust=1718913313528000&amp;usg=AOvVaw132ZX6t9MhuFVQS-MiyRGP\">https:\/\/www.softcatala.org\/<wbr \/>transcripcio\/<\/a><\/li>\n<\/ul>\n<p>&nbsp;<\/p>\n<ul>\n<li><strong>Versi\u00f3n de escritorio<\/strong> que respeta el idioma original, sin aplicar traducci\u00f3n.<\/li>\n<li><a href=\"https:\/\/github.com\/chidiwilliams\/buzz\/releases\/tag\/v0.9.0\" target=\"_blank\" rel=\"noopener\" data-saferedirecturl=\"https:\/\/www.google.com\/url?q=https:\/\/github.com\/chidiwilliams\/buzz\/releases\/tag\/v0.9.0&amp;source=gmail&amp;ust=1718913313528000&amp;usg=AOvVaw0lZHcb_n0CEkKTj8jzkMV5\">https:\/\/github.com\/<wbr \/>chidiwilliams\/buzz\/releases\/<wbr \/>tag\/v0.9.0<\/a><\/li>\n<\/ul>\n<\/div><div class=\"documentor-help\"><div class=\"negative-feedbackform doc-noprint\">\r\n\t\t\t\t\t<\/div><div class=\"feedback-msg doc-noprint\"><\/div><\/div><\/div><\/div><!--.\/doc-sectionwrap--><div class=\"doc-sectionwrap\" id=\"esborrany-automatic-12_wrap\"><div class=\"documentor-section  section-93\" id=\"esborrany-automatic-12\" data-section-id=\"93\"><h2 class=\"doc-sec-title\" style=\"clear:none;line-height:46px;font-family:helvetica, Helvetica, sans-serif;font-size:38px;font-weight:normal;font-style:normal;color:#333333;margin: 40px 0px 20px 0px;padding-bottom: 9px;border-bottom: 1px dotted #e6e6e6;\"> <span class=\"doc-sec-count\" style=\"display:none\">8.<\/span><span class=\"title-text\">Instrucciones para grabar en la UOC<\/span>  <div class=\"documentor-social doc-noprint\"><\/div><a class=\"scrollup doc-noprint\">\u2191 Vuelve arriba<\/a><\/h2><div class=\"doc-sec-content\" style=\"clear:none;line-height:23px;font-family:helvetica, Helvetica, sans-serif;font-size:14px;font-weight:normal;font-style:normal;color:#333333;\"><p>Consulta <a href=\"https:\/\/guia-audiovisual.uoc.edu\/wp-content\/uploads\/2021\/04\/Instrucci\u00f3-rodatges-UOC-durant-la-Covid_actualitzat.pdf\" target=\"_blank\" rel=\"noopener noreferrer\">qu\u00e9 debo hacer para acceder a los edificios del Campus UOC<\/a>.<\/p>\n<\/div><div class=\"documentor-help\"><div class=\"negative-feedbackform doc-noprint\">\r\n\t\t\t\t\t<\/div><div class=\"feedback-msg doc-noprint\"><\/div><\/div><\/div><\/div><!--.\/doc-sectionwrap--><\/div><!--.doc-sec-container--><div id=\"sugestedit_popup18\" class=\"sugestedit_popup\">\r\n\t\t\t\t<a class=\"modal_close\"><\/a>\r\n\t\t\t\t<form name=\"documentor-suggestform\" method=\"post\" class=\"documentor-suggestform\">\r\n\t\t\t\t\t<div class=\"doc-frmdiv\" style=\"font-weight: bold;\">Suggest Edit\r\n\t\t\t\t\t<\/div>\r\n\t\t\t\t\t<div class=\"doc-frmdiv\">\r\n\t\t\t\t\t\t<input type=\"text\" name=\"sec_title\" class=\"sedit-sectitle txtinput\" value=\"\" \/>\r\n\t\t\t\t\t<\/div><div class=\"doc-frmdiv\">\r\n\t\t\t\t\t\t\t<input type=\"text\" name=\"name\" class=\"txtinput\" placeholder=\"Name\" required \/>\r\n\t\t\t\t\t\t<\/div><div class=\"doc-frmdiv\">\r\n\t\t\t\t\t\t\t<input type=\"email\" class=\"emailinput\" placeholder=\"Email\" name=\"email\" required \/> \r\n\t\t\t\t\t\t<\/div><div class=\"doc-frmdiv\">\r\n\t\t\t\t\t\t\t<textarea name=\"content\" class=\"textareainput\" placeholder=\"Post your suggestion...\" required><\/textarea>\r\n\t\t\t\t\t\t<\/div><div class=\"doc-frmdiv\"><label> Captcha :&nbsp; <\/label><span class=\"doc-sedit-captcha\"><\/span><\/div><input type=\"hidden\" class=\"sedit-secid\" name=\"secid\" value=\"\" \/>\r\n\t\t\t\t\t<input type=\"hidden\" class=\"sedit-postid\" name=\"sedit_postid\" value=\"\" \/>\r\n\t\t\t\t\t<input type=\"hidden\" class=\"sedit-docid\" name=\"docid\" value=\"18\" \/>\r\n\t\t\t\t\t<button class=\"docsubmit-suggestform\"> Submit <\/button>\r\n\t\t\t\t<\/form>\r\n\t\t\t<\/div><script type=\"text\/javascript\">\r\n\t\t\tjQuery(document).ready(function(){\r\n\t\t\t\tjQuery(\"#documentor-18\").documentor({\r\n\t\t\t\t\tdocumentid\t: 18,\r\n\t\t\t\t\tdocid\t\t: \"documentor-18\",\r\n\t\t\t\t\tanimation\t: \"\",\r\n\t\t\t\t\tindexformat\t: \"0\",\r\n\t\t\t\t\tpformat\t\t: \"decimal\",\r\n\t\t\t\t\tcformat\t\t: \"decimal\",\t\t\t\t\t\r\n\t\t\t\t\tsecstyle\t: \"\",\r\n\t\t\t\t\tactnavbg_default: \"1\",\r\n\t\t\t\t\tactnavbg_color\t: \"#0093bf\",\r\n\t\t\t\t\tenable_ajax\t: \"0\",\r\n\t\t\t\t\tscrolling\t: \"1\",\r\n\t\t\t\t\tfixmenu\t\t: \"1\",\r\n\t\t\t\t\tskin\t\t: \"bar\",\r\n\t\t\t\t\tscrollBarSize\t: \"3\",\r\n\t\t\t\t\tscrollBarColor\t: \"#326693\",\r\n\t\t\t\t\tscrollBarOpacity: \"1\",\r\n\t\t\t\t\twindowprint\t: \"0\",\r\n\t\t\t\t\tmenuTop: \"0\",\r\n\t\t\t\t\tsocialshare\t: 0,\r\n\t\t\t\t\tsharecount\t: 0,\r\n\t\t\t\t\tfbshare\t\t: 1,\r\n\t\t\t\t\ttwittershare\t: 1,\r\n\t\t\t\t\tgplusshare\t: 0,\r\n\t\t\t\t\tpinshare\t: 0,\r\n\t\t\t\t\ttogglechild\t: 0,\r\n\t\t\t\t\tnoResultsStr: \"No se han encontrado coincidencias\",\r\n\t\t\t\t});\t\r\n\t\t\t});<\/script><div class=\"cleardiv cleardiv-rtl\"><\/div><\/div><!--\/.document-wrapper--><div class=\"cleardiv cleardiv-rtl\"><\/div><\/div><div class=\"cleardiv\"> <\/div><div id=\"documentor-18-end\"><\/div><\/p>\n","protected":false},"excerpt":{"rendered":"","protected":false},"author":3,"featured_media":0,"parent":0,"menu_order":0,"comment_status":"closed","ping_status":"closed","template":"","meta":{"footnotes":""},"_links":{"self":[{"href":"http:\/\/guia-audiovisual.uoc.edu\/es\/wp-json\/wp\/v2\/pages\/1158"}],"collection":[{"href":"http:\/\/guia-audiovisual.uoc.edu\/es\/wp-json\/wp\/v2\/pages"}],"about":[{"href":"http:\/\/guia-audiovisual.uoc.edu\/es\/wp-json\/wp\/v2\/types\/page"}],"author":[{"embeddable":true,"href":"http:\/\/guia-audiovisual.uoc.edu\/es\/wp-json\/wp\/v2\/users\/3"}],"replies":[{"embeddable":true,"href":"http:\/\/guia-audiovisual.uoc.edu\/es\/wp-json\/wp\/v2\/comments?post=1158"}],"version-history":[{"count":2,"href":"http:\/\/guia-audiovisual.uoc.edu\/es\/wp-json\/wp\/v2\/pages\/1158\/revisions"}],"predecessor-version":[{"id":1162,"href":"http:\/\/guia-audiovisual.uoc.edu\/es\/wp-json\/wp\/v2\/pages\/1158\/revisions\/1162"}],"wp:attachment":[{"href":"http:\/\/guia-audiovisual.uoc.edu\/es\/wp-json\/wp\/v2\/media?parent=1158"}],"curies":[{"name":"wp","href":"https:\/\/api.w.org\/{rel}","templated":true}]}}