{"id":1119,"date":"2024-06-05T09:17:19","date_gmt":"2024-06-05T09:17:19","guid":{"rendered":"http:\/\/guia-audiovisual.uoc.edu\/?page_id=1119\/"},"modified":"2024-06-05T09:19:43","modified_gmt":"2024-06-05T09:19:43","slug":"fotografia-de-eventos","status":"publish","type":"page","link":"http:\/\/guia-audiovisual.uoc.edu\/es\/fotografia-de-eventos\/","title":{"rendered":"Fotograf\u00eda de eventos"},"content":{"rendered":"<p><link rel='stylesheet' href='http:\/\/guia-audiovisual.uoc.edu\/wp-content\/plugins\/documentor\/skins\/bar\/style.css' type='text\/css' media='all' \/><div id=\"documentor-15\" class=\"documentor-bar documentor-wrap\" data-docid = \"15\" data-epid = \"1119\" ><div class=\"documentor-topicons doc-noprint\"><span class=\"doc-topiconswrap\"><\/span><div class=\"cleardiv\"><\/div><div class=\"clrright\"><\/div><\/div><div class=\"document-wrapper\"><div class=\"doc-menu doc-noprint\"><span class=\"doc-search\">\r\n\t\t\t\t\t<input type=\"text\" name=\"search_document\" class=\"search-document\" placeholder=\"Busca\" \/>\r\n\t\t\t\t\t<img decoding=\"async\" src=\"http:\/\/guia-audiovisual.uoc.edu\/wp-content\/plugins\/documentor\/skins\/bar\/images\/search.png\" \/>\r\n\t\t\t\t<\/span><div class=\"doc-menurelated\"><ol class=\"doc-list-front\"><li class=\"doc-actli\"><a class=\"documentor-menu\" href=\"#esborrany-automatic-5\"  style=\"clear:none;line-height:19px;font-family:helvetica, Helvetica, sans-serif;font-size:14px;font-weight:normal;font-style:normal;color:#000078;\" data-href=\"#esborrany-automatic-5\" data-sec-counter=\"1\" data-section-id=\"77\">Presentaci\u00f3n<\/a><div class=\"doc-menu-border\"><\/div><\/li><li class=\"doc-actli\"><a class=\"documentor-menu\" href=\"#esborrany-automatic-4\"  style=\"clear:none;line-height:19px;font-family:helvetica, Helvetica, sans-serif;font-size:14px;font-weight:normal;font-style:normal;color:#000078;\" data-href=\"#esborrany-automatic-4\" data-sec-counter=\"2\" data-section-id=\"78\">C\u00f3mo gestionar el encargo<\/a><div class=\"doc-menu-border\"><\/div><\/li><\/ol><\/div><\/div><div class=\"doc-sec-container\" id=\"documentor_seccontainer\"><div class=\"doc-sectionwrap\" id=\"esborrany-automatic-5_wrap\"><div class=\"documentor-section  section-77\" id=\"esborrany-automatic-5\" data-section-id=\"77\"><h2 class=\"doc-sec-title\" > <span class=\"doc-sec-count\" style=\"display:none\">1.<\/span><span class=\"title-text\">Presentaci\u00f3n<\/span>  <div class=\"documentor-social doc-noprint\"><\/div><a class=\"scrollup doc-noprint\">\u2191 Vuelve arriba<\/a><\/h2><div class=\"doc-sec-content\" style=\"clear:none;line-height:23px;font-family:helvetica, Helvetica, sans-serif;font-size:14px;font-weight:normal;font-style:normal;color:#333333;\"><p><span style=\"font-weight: 400;\">El <\/span><b>material gr\u00e1fico<\/b><span style=\"font-weight: 400;\"> es un <\/span><b>recurso imprescindible<\/b><span style=\"font-weight: 400;\"> en la estrategia comunicativa de la UOC. Las fotograf\u00edas no solo son un elemento clave en los <\/span><b>canales digitales<\/b><span style=\"font-weight: 400;\"> de la Universidad (p\u00e1gina web, redes sociales o boletines), sino que tambi\u00e9n son esenciales para ilustrar <\/span><b>otros materiales de comunicaci\u00f3n<\/b><span style=\"font-weight: 400;\">, como notas de prensa, folletos, campa\u00f1as institucionales, presentaciones o materiales docentes.<\/span><\/p>\n<p><span style=\"font-weight: 400;\">Los tres tipos de servicios fotogr\u00e1ficos que se pueden solicitar son: <\/span><b>cobertura de eventos institucionales, realizaci\u00f3n de <\/b><b><i>shootings<\/i><\/b><b> y retratos<\/b><span style=\"font-weight: 400;\">.<\/span><\/p>\n<\/div><div class=\"documentor-help\"><div class=\"negative-feedbackform doc-noprint\">\r\n\t\t\t\t\t<\/div><div class=\"feedback-msg doc-noprint\"><\/div><\/div><\/div><\/div><!--.\/doc-sectionwrap--><div class=\"doc-sectionwrap\" id=\"esborrany-automatic-4_wrap\"><div class=\"documentor-section  section-78\" id=\"esborrany-automatic-4\" data-section-id=\"78\"><h2 class=\"doc-sec-title\" > <span class=\"doc-sec-count\" style=\"display:none\">2.<\/span><span class=\"title-text\">C\u00f3mo gestionar el encargo<\/span>  <div class=\"documentor-social doc-noprint\"><\/div><a class=\"scrollup doc-noprint\">\u2191 Vuelve arriba<\/a><\/h2><div class=\"doc-sec-content\" style=\"clear:none;line-height:23px;font-family:helvetica, Helvetica, sans-serif;font-size:14px;font-weight:normal;font-style:normal;color:#333333;\"><p><span style=\"font-weight: 400;\">Mediante <\/span><a href=\"https:\/\/docs.google.com\/forms\/d\/e\/1FAIpQLSdGLzVUDeL7ODsvhqsk3LBxGGC_Jgmxq0yBTA7CjkoP47u4ow\/viewform\"><b>este formulario<\/b><\/a> <span style=\"font-weight: 400;\">se pueden solicitar <\/span><b>sesiones fotogr\u00e1ficas para cubrir los eventos institucionales organizados por la UOC<\/b><span style=\"font-weight: 400;\"> a lo largo del curso acad\u00e9mico en <\/span><b>sus sedes corporativas<\/b><span style=\"font-weight: 400;\"> (provincia de Barcelona y resto de Espa\u00f1a) y <\/span><b>en instalaciones de terceros<\/b><span style=\"font-weight: 400;\">.<\/span><\/p>\n<p>En <strong><a href=\"https:\/\/drive.google.com\/file\/d\/1N0U_5a5ecWVq63xVZtrZ9CqETetJlEgD\/view?usp=drive_link\">este enlace<\/a> pod\u00e9is consultar los conceptos y los precios<\/strong> de cada uno de ellos, en funci\u00f3n de la tipolog\u00eda y proveedor licitado.<\/p>\n<p><span style=\"font-weight: 400;\">Algunos de los eventos m\u00e1s habituales son actos institucionales de los representantes de la UOC, recepciones, graduaciones, entrega de galardones, ruedas de prensa, inauguraciones de espacios, etc.\u00a0<\/span><\/p>\n<p><span style=\"font-weight: 400;\">El servicio tiene una <\/span><b>duraci\u00f3n acotada en el tiempo<\/b><span style=\"font-weight: 400;\"> (la duraci\u00f3n del acontecimiento) e incluye la <\/span><b>entrega de fotograf\u00edas durante la propia sesi\u00f3n<\/b><span style=\"font-weight: 400;\">, mediante una herramienta de mensajer\u00eda instant\u00e1nea, con el fin de supervisar el trabajo o de disponer de material gr\u00e1fico para su publicaci\u00f3n inmediata en las redes sociales corporativas. El tipo de fotograf\u00edas que se realicen deben incluir <\/span><b>varios planos y distintos puntos de vista<\/b><span style=\"font-weight: 400;\"> del espacio, de los asistentes y de los participantes, siguiendo el estilo de marca de la UOC.\u00a0<\/span><\/p>\n<p><span style=\"font-weight: 400;\">El paquete de <\/span><b>fotograf\u00edas definitivas se entregar\u00e1 durante las 24 horas posteriores a la finalizaci\u00f3n del acontecimiento<\/b><span style=\"font-weight: 400;\">, y su volumen variar\u00e1 en funci\u00f3n de la duraci\u00f3n y el tipo de acontecimiento que se cubra.\u00a0<\/span><\/p>\n<p><span style=\"font-weight: 400;\">Cada proyecto tiene un <\/span><b>patrocinador o esp\u00f3nsor<\/b><span style=\"font-weight: 400;\">, que es la persona <\/span><b>responsable de la petici\u00f3n y quien asume el coste econ\u00f3mico<\/b><span style=\"font-weight: 400;\">. Para proporcionar un servicio satisfactorio, la petici\u00f3n deber\u00e1 realizarse con <\/span><b>una antelaci\u00f3n m\u00ednima de quince d\u00edas h\u00e1biles<\/b><span style=\"font-weight: 400;\">.<\/span><\/p>\n<p><span style=\"font-weight: 400;\">Las sesiones fotogr\u00e1ficas que se encarguen a un proveedor externo solo se podr\u00e1n llevar a cabo con el <\/span><b>proveedor licitado<\/b><span style=\"font-weight: 400;\">. Para ello, la petici\u00f3n deber\u00e1 realizarse mediante el <\/span><b>formulario<\/b><span style=\"font-weight: 400;\"> correspondiente. Esta ficha ser\u00e1 la base de un <\/span><b>contrato para ambas partes y no podr\u00e1 ser modificada<\/b><span style=\"font-weight: 400;\">. Por este motivo, <\/span><b>todas las necesidades deber\u00e1n definirse en el momento de hacer el encargo<\/b><span style=\"font-weight: 400;\">.<\/span><\/p>\n<p>&nbsp;<\/p>\n<p><div class=\"col-sm-6 col-xs-12  bloc-cian ico-contacte link-cursor\"><a href=\"mailto:audiovisuals@uoc.edu\">Contacto<\/a><\/p>\n<p>Para cualquier duda de este circuito contacta con <a href=\"mailto:audiovisuals@uoc.edu\">Audiovisuals<\/a><\/p>\n<p><\/div><div class=\"col-sm-6 col-xs-12  bloc-cian ico-drets-imatge link-cursor\"><a href=\"https:\/\/guia-audiovisual.uoc.edu\/drets-dimatge\/\" target=\"_blank\" rel=\"noopener noreferrer\">Derechos de imagen<\/a><\/p>\n<p>Recuerda que es necesario garantizar los <strong>derechos de imagen<\/strong> de las personas fotografiadas.<\/div><\/p>\n<\/div><div class=\"documentor-help\"><div class=\"negative-feedbackform doc-noprint\">\r\n\t\t\t\t\t<\/div><div class=\"feedback-msg doc-noprint\"><\/div><\/div><\/div><\/div><!--.\/doc-sectionwrap--><\/div><!--.doc-sec-container--><div id=\"sugestedit_popup15\" class=\"sugestedit_popup\">\r\n\t\t\t\t<a class=\"modal_close\"><\/a>\r\n\t\t\t\t<form name=\"documentor-suggestform\" method=\"post\" class=\"documentor-suggestform\">\r\n\t\t\t\t\t<div class=\"doc-frmdiv\" style=\"font-weight: bold;\">Suggest Edit\r\n\t\t\t\t\t<\/div>\r\n\t\t\t\t\t<div class=\"doc-frmdiv\">\r\n\t\t\t\t\t\t<input type=\"text\" name=\"sec_title\" class=\"sedit-sectitle txtinput\" value=\"\" \/>\r\n\t\t\t\t\t<\/div><div class=\"doc-frmdiv\">\r\n\t\t\t\t\t\t\t<input type=\"text\" name=\"name\" class=\"txtinput\" placeholder=\"Name\" required \/>\r\n\t\t\t\t\t\t<\/div><div class=\"doc-frmdiv\">\r\n\t\t\t\t\t\t\t<input type=\"email\" class=\"emailinput\" placeholder=\"Email\" name=\"email\" required \/> \r\n\t\t\t\t\t\t<\/div><div class=\"doc-frmdiv\">\r\n\t\t\t\t\t\t\t<textarea name=\"content\" class=\"textareainput\" placeholder=\"Post your suggestion...\" required><\/textarea>\r\n\t\t\t\t\t\t<\/div><div class=\"doc-frmdiv\"><label> Captcha :&nbsp; <\/label><span class=\"doc-sedit-captcha\"><\/span><\/div><input type=\"hidden\" class=\"sedit-secid\" name=\"secid\" value=\"\" \/>\r\n\t\t\t\t\t<input type=\"hidden\" class=\"sedit-postid\" name=\"sedit_postid\" value=\"\" \/>\r\n\t\t\t\t\t<input type=\"hidden\" class=\"sedit-docid\" name=\"docid\" value=\"15\" \/>\r\n\t\t\t\t\t<button class=\"docsubmit-suggestform\"> Submit <\/button>\r\n\t\t\t\t<\/form>\r\n\t\t\t<\/div><script type=\"text\/javascript\">\r\n\t\t\tjQuery(document).ready(function(){\r\n\t\t\t\tjQuery(\"#documentor-15\").documentor({\r\n\t\t\t\t\tdocumentid\t: 15,\r\n\t\t\t\t\tdocid\t\t: \"documentor-15\",\r\n\t\t\t\t\tanimation\t: \"\",\r\n\t\t\t\t\tindexformat\t: \"0\",\r\n\t\t\t\t\tpformat\t\t: \"decimal\",\r\n\t\t\t\t\tcformat\t\t: \"decimal\",\t\t\t\t\t\r\n\t\t\t\t\tsecstyle\t: \"\",\r\n\t\t\t\t\tactnavbg_default: \"1\",\r\n\t\t\t\t\tactnavbg_color\t: \"\",\r\n\t\t\t\t\tenable_ajax\t: \"0\",\r\n\t\t\t\t\tscrolling\t: \"1\",\r\n\t\t\t\t\tfixmenu\t\t: \"1\",\r\n\t\t\t\t\tskin\t\t: \"bar\",\r\n\t\t\t\t\tscrollBarSize\t: \"3\",\r\n\t\t\t\t\tscrollBarColor\t: \"#73edff\",\r\n\t\t\t\t\tscrollBarOpacity: \"1\",\r\n\t\t\t\t\twindowprint\t: \"0\",\r\n\t\t\t\t\tmenuTop: \"0\",\r\n\t\t\t\t\tsocialshare\t: 0,\r\n\t\t\t\t\tsharecount\t: 0,\r\n\t\t\t\t\tfbshare\t\t: 1,\r\n\t\t\t\t\ttwittershare\t: 1,\r\n\t\t\t\t\tgplusshare\t: 0,\r\n\t\t\t\t\tpinshare\t: 0,\r\n\t\t\t\t\ttogglechild\t: 0,\r\n\t\t\t\t\tnoResultsStr: \"No se han encontrado coincidencias\",\r\n\t\t\t\t});\t\r\n\t\t\t});<\/script><div class=\"cleardiv cleardiv-rtl\"><\/div><\/div><!--\/.document-wrapper--><div class=\"cleardiv cleardiv-rtl\"><\/div><\/div><div class=\"cleardiv\"> <\/div><div id=\"documentor-15-end\"><\/div><\/p>\n","protected":false},"excerpt":{"rendered":"","protected":false},"author":3,"featured_media":0,"parent":0,"menu_order":0,"comment_status":"closed","ping_status":"closed","template":"","meta":{"footnotes":""},"_links":{"self":[{"href":"http:\/\/guia-audiovisual.uoc.edu\/es\/wp-json\/wp\/v2\/pages\/1119"}],"collection":[{"href":"http:\/\/guia-audiovisual.uoc.edu\/es\/wp-json\/wp\/v2\/pages"}],"about":[{"href":"http:\/\/guia-audiovisual.uoc.edu\/es\/wp-json\/wp\/v2\/types\/page"}],"author":[{"embeddable":true,"href":"http:\/\/guia-audiovisual.uoc.edu\/es\/wp-json\/wp\/v2\/users\/3"}],"replies":[{"embeddable":true,"href":"http:\/\/guia-audiovisual.uoc.edu\/es\/wp-json\/wp\/v2\/comments?post=1119"}],"version-history":[{"count":1,"href":"http:\/\/guia-audiovisual.uoc.edu\/es\/wp-json\/wp\/v2\/pages\/1119\/revisions"}],"predecessor-version":[{"id":1120,"href":"http:\/\/guia-audiovisual.uoc.edu\/es\/wp-json\/wp\/v2\/pages\/1119\/revisions\/1120"}],"wp:attachment":[{"href":"http:\/\/guia-audiovisual.uoc.edu\/es\/wp-json\/wp\/v2\/media?parent=1119"}],"curies":[{"name":"wp","href":"https:\/\/api.w.org\/{rel}","templated":true}]}}