{"id":1004,"date":"2024-03-15T11:47:00","date_gmt":"2024-03-15T11:47:00","guid":{"rendered":"http:\/\/guia-audiovisual.uoc.edu\/?page_id=1004\/"},"modified":"2024-03-15T11:55:16","modified_gmt":"2024-03-15T11:55:16","slug":"video-de-animacion-yo-trabajo-de-postproduccion-grafica","status":"publish","type":"page","link":"http:\/\/guia-audiovisual.uoc.edu\/es\/video-de-animacion-yo-trabajo-de-postproduccion-grafica\/","title":{"rendered":"V\u00eddeo de animaci\u00f3n y\/o trabajo de postproducci\u00f3n gr\u00e1fica"},"content":{"rendered":"<p><link rel='stylesheet' href='http:\/\/guia-audiovisual.uoc.edu\/wp-content\/plugins\/documentor\/skins\/bar\/style.css' type='text\/css' media='all' \/><div id=\"documentor-14\" class=\"documentor-bar documentor-wrap\" data-docid = \"14\" data-epid = \"1004\" ><div class=\"documentor-topicons doc-noprint\"><span class=\"doc-topiconswrap\"><\/span><div class=\"cleardiv\"><\/div><div class=\"clrright\"><\/div><\/div><div class=\"document-wrapper\"><div class=\"doc-menu doc-noprint\"><span class=\"doc-search\">\r\n\t\t\t\t\t<input type=\"text\" name=\"search_document\" class=\"search-document\" placeholder=\"Busca\" \/>\r\n\t\t\t\t\t<img decoding=\"async\" src=\"http:\/\/guia-audiovisual.uoc.edu\/wp-content\/plugins\/documentor\/skins\/bar\/images\/search.png\" \/>\r\n\t\t\t\t<\/span><div class=\"doc-menurelated\"><ol class=\"doc-list-front\"><li class=\"doc-actli\"><a class=\"documentor-menu\" href=\"#1007\"  style=\"clear:none;line-height:19px;font-family:helvetica, Helvetica, sans-serif;font-size:14px;font-weight:normal;font-style:normal;color:#000078;\" data-href=\"#1007\" data-sec-counter=\"1\" data-section-id=\"75\">Presentaci\u00f3n<\/a><div class=\"doc-menu-border\"><\/div><\/li><li class=\"doc-actli\"><a class=\"documentor-menu\" href=\"#1008\"  style=\"clear:none;line-height:19px;font-family:helvetica, Helvetica, sans-serif;font-size:14px;font-weight:normal;font-style:normal;color:#000078;\" data-href=\"#1008\" data-sec-counter=\"2\" data-section-id=\"76\">C\u00f3mo gestionar el encargo y baremo de precios<\/a><div class=\"doc-menu-border\"><\/div><\/li><\/ol><\/div><\/div><div class=\"doc-sec-container\" id=\"documentor_seccontainer\"><div class=\"doc-sectionwrap\" id=\"1007_wrap\"><div class=\"documentor-section  section-75\" id=\"1007\" data-section-id=\"75\"><h2 class=\"doc-sec-title\" > <span class=\"doc-sec-count\" style=\"display:none\">1.<\/span><span class=\"title-text\">Presentaci\u00f3n<\/span>  <div class=\"documentor-social doc-noprint\"><\/div><a class=\"scrollup doc-noprint\">\u2191 Vuelve arriba<\/a><\/h2><div class=\"doc-sec-content\" style=\"clear:none;line-height:23px;font-family:helvetica, Helvetica, sans-serif;font-size:14px;font-weight:normal;font-style:normal;color:#333333;\"><p>&nbsp;<\/p>\n<p>&nbsp;<\/p>\n<p>Productos audiovisuales que requieren <strong>de animaci\u00f3n y\/o una labor de postproducci\u00f3n gr\u00e1fica.<\/strong> Ejemplos de tipolog\u00edas audiovisuales que se incluyen en este lote son: <strong>v\u00eddeos de animaci\u00f3n, tutoriales, screen catch, animaci\u00f3n m\u00e9todo UOC, promocional, animaci\u00f3n ilustrada, infograf\u00edas animadas, creaci\u00f3n de plantillas espec\u00edficas en After Effects, dise\u00f1o de grafismo para redes sociales.<\/strong><\/p>\n<p>Los productos dirigidos al <strong>\u00e1mbito de la investigaci\u00f3n, la transferencia de conocimiento, la promoci\u00f3n de soluciones basadas en R&amp;I y el emprendimiento<\/strong> se llevar\u00e1n a cabo mediante un<strong> nuevo proceso de licitaci\u00f3n entre las empresas parte del Acuerdo marco,<\/strong> de acuerdo con los criterios definidos en el Anexo 3.3 del mismo Pliego de Cl\u00e1usulas del Acuerdo marco, que se definir\u00e1n y concretar\u00e1n con car\u00e1cter previo a la licitaci\u00f3n por la adjudicaci\u00f3n del correspondiente contrato derivado.<\/p>\n<p>A estos efectos, <strong>se considerar\u00e1 que tienen car\u00e1cter creativo los proyectos que requieren de un trabajo innovador y que den respuesta a necesidades vinculadas al relato y estrategia de marca de la UOC y a la necesidad de adaptarse a la evoluci\u00f3n audiovisual del mercado<\/strong> . Estos proyectos se llevar\u00e1n a cabo mediante un nuevo proceso de licitaci\u00f3n, como se ha indicado, para poder valorar una diversidad de propuestas audiovisuales y escoger la que mejor se ajuste al estilo ya la estrategia de la UOC.<\/p>\n<\/div><div class=\"documentor-help\"><div class=\"negative-feedbackform doc-noprint\">\r\n\t\t\t\t\t<\/div><div class=\"feedback-msg doc-noprint\"><\/div><\/div><\/div><\/div><!--.\/doc-sectionwrap--><div class=\"doc-sectionwrap\" id=\"1008_wrap\"><div class=\"documentor-section  section-76\" id=\"1008\" data-section-id=\"76\"><h2 class=\"doc-sec-title\" > <span class=\"doc-sec-count\" style=\"display:none\">2.<\/span><span class=\"title-text\">C\u00f3mo gestionar el encargo y baremo de precios<\/span>  <div class=\"documentor-social doc-noprint\"><\/div><a class=\"scrollup doc-noprint\">\u2191 Vuelve arriba<\/a><\/h2><div class=\"doc-sec-content\" style=\"clear:none;line-height:23px;font-family:helvetica, Helvetica, sans-serif;font-size:14px;font-weight:normal;font-style:normal;color:#333333;\"><p>Cada proyecto tiene un <strong>impulsor<\/strong>, que es la persona responsable de la petici\u00f3n y quien <strong>asume el costo econ\u00f3mico<\/strong>.<\/p>\n<p>Las grabaciones que se encarguen a un proveedor externo <strong>solo podr\u00e1n realizarse con los proveedores licitados<\/strong>. Para ello, e<strong>s necesario hacer la petici\u00f3n a trav\u00e9s<\/strong> de <a href=\"https:\/\/docs.google.com\/forms\/d\/e\/1FAIpQLSentNB9-CY5t8CEgGlr-QeVMqtV3A809PgOG-xsUc8XUOEFkg\/viewform\">este formulario<\/a>. Se asignar\u00e1 autom\u00e1ticamente un proveedor licitado y se proceder\u00e1 a abrir un JIRA en Asesor\u00eda Jur\u00eddica adjuntando una ficha del encargo. Esta ficha ser\u00e1 la base de un contrato para ambas partes y no podr\u00e1 ser modificada. Por este motivo, <strong>es necesario definir todas las necesidades en el momento de hacer el encargo y con una antelaci\u00f3n de al menos seis semanas.<\/strong><\/p>\n<p>Una vez se ha grabado, <strong>si es necesario publicar el v\u00eddeo<\/strong>, el usuario har\u00e1 la petici\u00f3n <a href=\"https:\/\/docs.google.com\/forms\/d\/e\/1FAIpQLSd8vvxGmcFBkrXpZOSwZea_JEZ8FroLybop8oJQpR0Z2d88lg\/viewform\">mediante este formulario<\/a>.<\/p>\n<p>El <strong>cat\u00e1logo de productos y la horquilla de precios<\/strong> (seg\u00fan proveedor) lo encontrar\u00e1s <a href=\"https:\/\/drive.google.com\/file\/d\/1-C3C2-s-Fw2A-laeLNVREtGBadBjqvgB\/view?usp=sharing\">en este enlace<\/a>. A continuaci\u00f3n tienes una breve descripci\u00f3n de los productos:<\/p>\n<ul>\n<li><strong>Tutoriales de animaci\u00f3n<\/strong>: Videotutorial para informar de una estrategia interna, una informaci\u00f3n al estudiante o un recurso de aprendizaje, as\u00ed como instrucciones de herramientas de investigaci\u00f3n y transferencia, informaci\u00f3n de start-ups y resultados de proyectos del \u00e1mbito de la investigaci\u00f3n.<\/li>\n<li><strong>Screen Capture<\/strong>: Videotutorial basado en capturas de pantalla facilitadas por la UOC.<\/li>\n<li><strong>Animaci\u00f3n m\u00e9todo UOC<\/strong>: Videotutoriales sobre el uso del Campus Virtual, herramientas y aplicaciones UOC tanto para el \u00e1mbito de la docencia, la investigaci\u00f3n e institucional.<\/li>\n<li><strong>Animaci\u00f3n promocional<\/strong>: Creaci\u00f3n de v\u00eddeo de animaci\u00f3n que responda a la estrategia de estilo de marca UOC.<\/li>\n<li><strong>Animaci\u00f3n de datos, balance y estrategia<\/strong>: V\u00eddeo que combina imagen fija y\/o audiovisual junto con animaci\u00f3n gr\u00e1fica que puede incluir datos, balances, animaci\u00f3n o estad\u00edsticas.<\/li>\n<li><strong>Animaci\u00f3n ilustrada<\/strong>: V\u00eddeo con animaci\u00f3n gr\u00e1fica ilustrada que puede incluir datos, balances, animaci\u00f3n o estad\u00edsticas.<\/li>\n<li><strong>V\u00eddeo memoria<\/strong>: Recopilaci\u00f3n audiovisual anual, haciendo balance del curso en relaci\u00f3n a las actividades docentes, de investigaci\u00f3n, institucionales y de globalizaci\u00f3n, as\u00ed como an\u00e1lisis y estad\u00edsticas.<\/li>\n<\/ul>\n<p><strong>Complementos:<\/strong><\/p>\n<ul>\n<li><strong>Minutaje extra animado en todos los formatos excepto el 7.5.2.<\/strong><\/li>\n<li><strong>Transcripci\u00f3n<\/strong> del v\u00eddeo en el idioma original<\/li>\n<li><strong>Subt\u00edtulos<\/strong><\/li>\n<li><strong>Locuci\u00f3n<\/strong><\/li>\n<li><strong>Estudio de grabaci\u00f3n<\/strong><\/li>\n<\/ul>\n<p>&nbsp;<\/p>\n<p><div class=\"col-sm-6 col-xs-12  bloc-cian ico-contacte link-cursor\"><a href=\"mailto:audiovisuals@uoc.edu\">Contacto<\/a><\/p>\n<p>Para cualquier duda sobre este circuito contacta con <a href=\"mailto:audiovisuals@uoc.edu\">Audiovisuals<\/a><\/p>\n<p><\/div><div class=\"col-sm-6 col-xs-12  bloc-cian ico-drets-imatge link-cursor\"><a href=\"https:\/\/guia-audiovisual.uoc.edu\/drets-dimatge\/\" target=\"_blank\" rel=\"noopener noreferrer\">Derechos de imagen<\/a><\/p>\n<p>Recuerda que para publicar un v\u00eddeo es necesario garantizar los <strong>derechos de imagen<\/strong> de las personas grabadas.<\/div><\/p>\n<\/div><div class=\"documentor-help\"><div class=\"negative-feedbackform doc-noprint\">\r\n\t\t\t\t\t<\/div><div class=\"feedback-msg doc-noprint\"><\/div><\/div><\/div><\/div><!--.\/doc-sectionwrap--><\/div><!--.doc-sec-container--><div id=\"sugestedit_popup14\" class=\"sugestedit_popup\">\r\n\t\t\t\t<a class=\"modal_close\"><\/a>\r\n\t\t\t\t<form name=\"documentor-suggestform\" method=\"post\" class=\"documentor-suggestform\">\r\n\t\t\t\t\t<div class=\"doc-frmdiv\" style=\"font-weight: bold;\">Suggest Edit\r\n\t\t\t\t\t<\/div>\r\n\t\t\t\t\t<div class=\"doc-frmdiv\">\r\n\t\t\t\t\t\t<input type=\"text\" name=\"sec_title\" class=\"sedit-sectitle txtinput\" value=\"\" \/>\r\n\t\t\t\t\t<\/div><div class=\"doc-frmdiv\">\r\n\t\t\t\t\t\t\t<input type=\"text\" name=\"name\" class=\"txtinput\" placeholder=\"Name\" required \/>\r\n\t\t\t\t\t\t<\/div><div class=\"doc-frmdiv\">\r\n\t\t\t\t\t\t\t<input type=\"email\" class=\"emailinput\" placeholder=\"Email\" name=\"email\" required \/> \r\n\t\t\t\t\t\t<\/div><div class=\"doc-frmdiv\">\r\n\t\t\t\t\t\t\t<textarea name=\"content\" class=\"textareainput\" placeholder=\"Post your suggestion...\" required><\/textarea>\r\n\t\t\t\t\t\t<\/div><div class=\"doc-frmdiv\"><label> Captcha :&nbsp; <\/label><span class=\"doc-sedit-captcha\"><\/span><\/div><input type=\"hidden\" class=\"sedit-secid\" name=\"secid\" value=\"\" \/>\r\n\t\t\t\t\t<input type=\"hidden\" class=\"sedit-postid\" name=\"sedit_postid\" value=\"\" \/>\r\n\t\t\t\t\t<input type=\"hidden\" class=\"sedit-docid\" name=\"docid\" value=\"14\" \/>\r\n\t\t\t\t\t<button class=\"docsubmit-suggestform\"> Submit <\/button>\r\n\t\t\t\t<\/form>\r\n\t\t\t<\/div><script type=\"text\/javascript\">\r\n\t\t\tjQuery(document).ready(function(){\r\n\t\t\t\tjQuery(\"#documentor-14\").documentor({\r\n\t\t\t\t\tdocumentid\t: 14,\r\n\t\t\t\t\tdocid\t\t: \"documentor-14\",\r\n\t\t\t\t\tanimation\t: \"\",\r\n\t\t\t\t\tindexformat\t: \"0\",\r\n\t\t\t\t\tpformat\t\t: \"decimal\",\r\n\t\t\t\t\tcformat\t\t: \"decimal\",\t\t\t\t\t\r\n\t\t\t\t\tsecstyle\t: \"\",\r\n\t\t\t\t\tactnavbg_default: \"1\",\r\n\t\t\t\t\tactnavbg_color\t: \"\",\r\n\t\t\t\t\tenable_ajax\t: \"0\",\r\n\t\t\t\t\tscrolling\t: \"1\",\r\n\t\t\t\t\tfixmenu\t\t: \"1\",\r\n\t\t\t\t\tskin\t\t: \"bar\",\r\n\t\t\t\t\tscrollBarSize\t: \"3\",\r\n\t\t\t\t\tscrollBarColor\t: \"#73edff\",\r\n\t\t\t\t\tscrollBarOpacity: \"1\",\r\n\t\t\t\t\twindowprint\t: \"0\",\r\n\t\t\t\t\tmenuTop: \"0\",\r\n\t\t\t\t\tsocialshare\t: 0,\r\n\t\t\t\t\tsharecount\t: 0,\r\n\t\t\t\t\tfbshare\t\t: 1,\r\n\t\t\t\t\ttwittershare\t: 1,\r\n\t\t\t\t\tgplusshare\t: 0,\r\n\t\t\t\t\tpinshare\t: 0,\r\n\t\t\t\t\ttogglechild\t: 0,\r\n\t\t\t\t\tnoResultsStr: \"No se han encontrado coincidencias\",\r\n\t\t\t\t});\t\r\n\t\t\t});<\/script><div class=\"cleardiv cleardiv-rtl\"><\/div><\/div><!--\/.document-wrapper--><div class=\"cleardiv cleardiv-rtl\"><\/div><\/div><div class=\"cleardiv\"> <\/div><div id=\"documentor-14-end\"><\/div><\/p>\n","protected":false},"excerpt":{"rendered":"","protected":false},"author":2,"featured_media":0,"parent":0,"menu_order":0,"comment_status":"closed","ping_status":"closed","template":"","meta":{"footnotes":""},"_links":{"self":[{"href":"http:\/\/guia-audiovisual.uoc.edu\/es\/wp-json\/wp\/v2\/pages\/1004"}],"collection":[{"href":"http:\/\/guia-audiovisual.uoc.edu\/es\/wp-json\/wp\/v2\/pages"}],"about":[{"href":"http:\/\/guia-audiovisual.uoc.edu\/es\/wp-json\/wp\/v2\/types\/page"}],"author":[{"embeddable":true,"href":"http:\/\/guia-audiovisual.uoc.edu\/es\/wp-json\/wp\/v2\/users\/2"}],"replies":[{"embeddable":true,"href":"http:\/\/guia-audiovisual.uoc.edu\/es\/wp-json\/wp\/v2\/comments?post=1004"}],"version-history":[{"count":2,"href":"http:\/\/guia-audiovisual.uoc.edu\/es\/wp-json\/wp\/v2\/pages\/1004\/revisions"}],"predecessor-version":[{"id":1006,"href":"http:\/\/guia-audiovisual.uoc.edu\/es\/wp-json\/wp\/v2\/pages\/1004\/revisions\/1006"}],"wp:attachment":[{"href":"http:\/\/guia-audiovisual.uoc.edu\/es\/wp-json\/wp\/v2\/media?parent=1004"}],"curies":[{"name":"wp","href":"https:\/\/api.w.org\/{rel}","templated":true}]}}